{"id":3615,"date":"2014-10-10T19:22:21","date_gmt":"2014-10-10T17:22:21","guid":{"rendered":"https:\/\/dev.greenlandseafood.eu\/?page_id=3615"},"modified":"2026-03-25T10:10:32","modified_gmt":"2026-03-25T09:10:32","slug":"impressum-2","status":"publish","type":"page","link":"https:\/\/greenlandseafood.eu\/fr\/impressum-2\/","title":{"rendered":"Mention L\u00e9gale"},"content":{"rendered":"<div  class='flex_column av-ftpz9r-e66ef04dff1facab29104cdfa0ee201f av_one_third  avia-builder-el-0  el_before_av_two_third  avia-builder-el-first  first flex_column_div  '     ><p>\n<style type=\"text\/css\" data-created_by=\"avia_inline_auto\" id=\"style-css-av-2l2rsf-fe890abbc34ab5cba084b7cf5853a9d7\">\n#top .av-special-heading.av-2l2rsf-fe890abbc34ab5cba084b7cf5853a9d7{\npadding-bottom:10px;\n}\nbody .av-special-heading.av-2l2rsf-fe890abbc34ab5cba084b7cf5853a9d7 .av-special-heading-tag .heading-char{\nfont-size:25px;\n}\n.av-special-heading.av-2l2rsf-fe890abbc34ab5cba084b7cf5853a9d7 .av-subheading{\nfont-size:10px;\n}\n<\/style>\n<div  class='av-special-heading av-2l2rsf-fe890abbc34ab5cba084b7cf5853a9d7 av-special-heading-h3 meta-heading  avia-builder-el-1  el_before_av_textblock  avia-builder-el-first '><h3 class='av-special-heading-tag '  itemprop=\"headline\"  >Mention L\u00e9gale<\/h3><div class=\"special-heading-border\"><div class=\"special-heading-inner-border\"><\/div><\/div><\/div><br \/>\n<section  class='av_textblock_section av-clnb67-a349e6132553576c496f542767fa2e76 '   itemscope=\"itemscope\" itemtype=\"https:\/\/schema.org\/CreativeWork\" ><div class='avia_textblock'  itemprop=\"text\" ><p><strong>Greenland Seafood Europe GmbH<\/strong><br \/>\nEduard-Schopf-Allee 1<br \/>\nD-28217 Bremen, Deutschland<\/p>\n<p>T\u00e9l: +49 421 839 62 0<br \/>\nFax: +49 421 839 62 59<br \/>\nE-Mail: contact@greenlandseafood.eu<\/p>\n<p><strong>Directeurs G\u00e9n\u00e9ral:<\/strong><br \/>\nJens Melchert<\/p>\n<p><strong>Lieu d\u2019ex\u00e9cution:<\/strong><br \/>\nD-28217 Bremen<\/p>\n<p><strong>Tribunal comp\u00e9tent:<\/strong><br \/>\nAmtsgericht Bremen<\/p>\n<p><strong>Lieu:<\/strong><br \/>\n28195 Bremen<\/p>\n<p><strong>Registre du commerce:<\/strong><br \/>\nHRB 16687, Amtsgericht Bremen<\/p>\n<p><strong>Num\u00e9ro de TVA:<\/strong><br \/>\nDE 115 171 421<\/p>\n<p><strong>Responsables selon le trait\u00e9 MdStV:<\/strong><br \/>\nJens Melchert<\/p>\n<p>Webmaster: wilit@sofinafoods.eu<\/p>\n<\/div><\/section><\/p><\/div>\n<style type=\"text\/css\" data-created_by=\"avia_inline_auto\" id=\"style-css-av-ba5cj3-18cb041ff65e85875cc2db96d28a6ddc\">\n.flex_column.av-ba5cj3-18cb041ff65e85875cc2db96d28a6ddc{\nborder-radius:0px 0px 0px 0px;\npadding:0px 0px 0px 0px;\n}\n<\/style>\n<div  class='flex_column av-ba5cj3-18cb041ff65e85875cc2db96d28a6ddc av_two_third  avia-builder-el-3  el_after_av_one_third  el_before_av_one_full  flex_column_div av-zero-column-padding  '     ><p>\n<style type=\"text\/css\" data-created_by=\"avia_inline_auto\" id=\"style-css-av-3inelb-92b193f23d6a78a908a8795e1c622d26\">\n#top .av-special-heading.av-3inelb-92b193f23d6a78a908a8795e1c622d26{\npadding-bottom:10px;\n}\nbody .av-special-heading.av-3inelb-92b193f23d6a78a908a8795e1c622d26 .av-special-heading-tag .heading-char{\nfont-size:25px;\n}\n.av-special-heading.av-3inelb-92b193f23d6a78a908a8795e1c622d26 .av-subheading{\nfont-size:10px;\n}\n<\/style>\n<div  class='av-special-heading av-3inelb-92b193f23d6a78a908a8795e1c622d26 av-special-heading-h3 meta-heading  avia-builder-el-4  el_before_av_textblock  avia-builder-el-first '><h3 class='av-special-heading-tag '  itemprop=\"headline\"  >Limite de responsabilit\u00e9<\/h3><div class=\"special-heading-border\"><div class=\"special-heading-inner-border\"><\/div><\/div><\/div><br \/>\n<section  class='av_textblock_section av-75kesv-26b811f74f93415039c12dbe326e886d '   itemscope=\"itemscope\" itemtype=\"https:\/\/schema.org\/CreativeWork\" ><div class='avia_textblock'  itemprop=\"text\" ><p>Le contenu de ces pages a \u00e9t\u00e9 r\u00e9dig\u00e9 avec la plus grande attention. Toutefois, nous ne pouvons garantir l&rsquo;exactitude, l&rsquo;exhaustivit\u00e9 ou l&rsquo;actualit\u00e9 des informations fournies. Conform\u00e9ment aux lois g\u00e9n\u00e9rales, nous sommes responsables, en tant que prestataires de services, de nos propres contenus sur ces pages selon le DDG. Cependant, selon le DDG, nous ne sommes pas tenus, en tant que prestataires de services, de surveiller les informations externes transmises ou stock\u00e9es, ni de rechercher des circonstances indiquant une activit\u00e9 ill\u00e9gale. L\u2019obligation de supprimer ou bloquer l&rsquo;acc\u00e8s \u00e0 une information en vertu des lois g\u00e9n\u00e9rales est toujours valable. Cependant, une action n\u2019est possible qu&rsquo;\u00e0 partir du moment o\u00f9 on a la connaissance d&rsquo;une infraction sp\u00e9cifique. D\u00e8s la notification de ces violations, nous supprimerons imm\u00e9diatement le contenu incrimin\u00e9.<\/p>\n<p>Notre site contient des liens vers des sites externes sur lesquels nous n\u2019avons aucune influence ou \u00a0contr\u00f4le. Pour cette raison, nous ne pouvons apporter aucune garantie concernant le contenu, la qualit\u00e9, la nature ou la fiabilit\u00e9 de ces sites vers lesquels renvoient ces liens. La pr\u00e9sence d&rsquo;un lien ne saurait constituer un soutien ou un consentement aux informations ou prestations contenues dans les sites respectifs. Seul le fournisseur ou exploitant des sites concern\u00e9s est responsable des pages auxquelles ces liens permettent d&rsquo;acc\u00e9der. Sans information concr\u00e8te permettant de supposer une violation de droit, il n&rsquo;est pas possible d&rsquo;effectuer un contr\u00f4le permanent des pages accessibles par ces liens. En pr\u00e9sence d&rsquo;informations pr\u00e9cises relatives \u00e0 une violation de droit, ces liens seront imm\u00e9diatement supprim\u00e9s.<\/p>\n<p>Le contenu et les travaux, contenus dans ces pages cr\u00e9\u00e9es par les exploitants du site, sont soumis au droit d&rsquo;auteur allemand. La reproduction, la modification, la distribution ou toute forme d&rsquo;exploitation en dehors des limites du droit d&rsquo;auteur n\u00e9cessite l&rsquo;autorisation \u00e9crite de son auteur ou de son cr\u00e9ateur. Les t\u00e9l\u00e9chargements et les copies des pages de notre site ne sont autoris\u00e9s que pour un usage priv\u00e9, non-commercial. En ce qui concerne le contenu qui n\u2019a pas \u00e9t\u00e9 cr\u00e9\u00e9 par l&rsquo;exploitant du site, les droits d&rsquo;auteur de tiers doivent \u00eatre respect\u00e9s, et toute reproduction doit \u00eatre identifi\u00e9e comme telle. Si vous constatez une quelconque violation de copyright, nous vous demandons de nous l\u2019indiquer. D\u00e8s sa notification, nous supprimeront imm\u00e9diatement le contenu incrimin\u00e9.<\/p>\n<\/div><\/section><br \/>\n\n<style type=\"text\/css\" data-created_by=\"avia_inline_auto\" id=\"style-css-av-38g8zz-ac4179ebe3d204176cf2ca7e4661ec73\">\n#top .av-special-heading.av-38g8zz-ac4179ebe3d204176cf2ca7e4661ec73{\npadding-bottom:10px;\n}\nbody .av-special-heading.av-38g8zz-ac4179ebe3d204176cf2ca7e4661ec73 .av-special-heading-tag .heading-char{\nfont-size:25px;\n}\n.av-special-heading.av-38g8zz-ac4179ebe3d204176cf2ca7e4661ec73 .av-subheading{\nfont-size:10px;\n}\n<\/style>\n<div  class='av-special-heading av-38g8zz-ac4179ebe3d204176cf2ca7e4661ec73 av-special-heading-h3 meta-heading  avia-builder-el-6  el_after_av_textblock  el_before_av_textblock '><h3 class='av-special-heading-tag '  itemprop=\"headline\"  >Concepteur du site internet<\/h3><div class=\"special-heading-border\"><div class=\"special-heading-inner-border\"><\/div><\/div><\/div><br \/>\n<section  class='av_textblock_section av-jkl1m4o4-427981fa4fc80649063b714837389353 '   itemscope=\"itemscope\" itemtype=\"https:\/\/schema.org\/CreativeWork\" ><div class='avia_textblock'  itemprop=\"text\" ><p><b>KD&amp;P Werbeagentur GmbH<\/b> | Am Tabakquartier 60 | 28197 Bremen<\/p>\n<p>Tel.: +49 421 55715-10 | E-Mail: kdp@kdp.de | Web: www.kdp.de<\/p>\n<\/div><\/section><\/p><\/div><\/p>\n<div  class='flex_column av-3vq31b-985bcc3ecd776cc704f457faa492ead5 av_one_full  avia-builder-el-8  el_after_av_two_third  avia-builder-el-last  first flex_column_div  column-top-margin'     ><style type=\"text\/css\" data-created_by=\"avia_inline_auto\" id=\"style-css-av-2wxaq7-e3769d9d43580a05dd1f94d4af9eb2a8\">\n#top .hr.hr-invisible.av-2wxaq7-e3769d9d43580a05dd1f94d4af9eb2a8{\nheight:120px;\n}\n<\/style>\n<div  class='hr av-2wxaq7-e3769d9d43580a05dd1f94d4af9eb2a8 hr-invisible  avia-builder-el-9  avia-builder-el-no-sibling '><span class='hr-inner '><span class=\"hr-inner-style\"><\/span><\/span><\/div><\/div>\n","protected":false},"excerpt":{"rendered":"","protected":false},"author":7,"featured_media":0,"parent":0,"menu_order":0,"comment_status":"closed","ping_status":"open","template":"","meta":{"_acf_changed":false,"footnotes":""},"class_list":["post-3615","page","type-page","status-publish","hentry"],"acf":[],"_links":{"self":[{"href":"https:\/\/greenlandseafood.eu\/fr\/wp-json\/wp\/v2\/pages\/3615","targetHints":{"allow":["GET"]}}],"collection":[{"href":"https:\/\/greenlandseafood.eu\/fr\/wp-json\/wp\/v2\/pages"}],"about":[{"href":"https:\/\/greenlandseafood.eu\/fr\/wp-json\/wp\/v2\/types\/page"}],"author":[{"embeddable":true,"href":"https:\/\/greenlandseafood.eu\/fr\/wp-json\/wp\/v2\/users\/7"}],"replies":[{"embeddable":true,"href":"https:\/\/greenlandseafood.eu\/fr\/wp-json\/wp\/v2\/comments?post=3615"}],"version-history":[{"count":6,"href":"https:\/\/greenlandseafood.eu\/fr\/wp-json\/wp\/v2\/pages\/3615\/revisions"}],"predecessor-version":[{"id":16069,"href":"https:\/\/greenlandseafood.eu\/fr\/wp-json\/wp\/v2\/pages\/3615\/revisions\/16069"}],"wp:attachment":[{"href":"https:\/\/greenlandseafood.eu\/fr\/wp-json\/wp\/v2\/media?parent=3615"}],"curies":[{"name":"wp","href":"https:\/\/api.w.org\/{rel}","templated":true}]}}