{"id":3616,"date":"2014-10-10T19:22:48","date_gmt":"2014-10-10T17:22:48","guid":{"rendered":"https:\/\/dev.greenlandseafood.eu\/?page_id=3616"},"modified":"2026-04-20T15:57:42","modified_gmt":"2026-04-20T13:57:42","slug":"kontakt-2-2-2-2","status":"publish","type":"page","link":"https:\/\/greenlandseafood.eu\/fr\/kontakt-2-2-2-2\/","title":{"rendered":"Contact"},"content":{"rendered":"<div  class='hr av-av_hr-bca31578670ae9d408d6d6d291fc57a6 hr-default  avia-builder-el-0  el_before_av_one_third  avia-builder-el-first '><span class='hr-inner '><span class=\"hr-inner-style\"><\/span><\/span><\/div>\n<div  class='flex_column av-ycy97k-9ec1790a749d7d605c5e7cf8dc94ac05 av_one_third  avia-builder-el-1  el_after_av_hr  el_before_av_two_third  first flex_column_div  '     ><section  class='av_textblock_section av-vun0gg-19deaa11eea0690724c5b1c4f83a0c75 '   itemscope=\"itemscope\" itemtype=\"https:\/\/schema.org\/CreativeWork\" ><div class='avia_textblock'  itemprop=\"text\" ><h1><span style=\"font-size: 24pt;\">CONTACTS<\/span><\/h1>\n<\/div><\/section><br \/>\n\n<style type=\"text\/css\" data-created_by=\"avia_inline_auto\" id=\"style-css-av-v5al8g-09cc01aabac5353b8fe519423cd87324\">\n#top .hr.hr-invisible.av-v5al8g-09cc01aabac5353b8fe519423cd87324{\nheight:15px;\n}\n<\/style>\n<div  class='hr av-v5al8g-09cc01aabac5353b8fe519423cd87324 hr-invisible  avia-builder-el-3  el_after_av_textblock  el_before_av_textblock '><span class='hr-inner '><span class=\"hr-inner-style\"><\/span><\/span><\/div><br \/>\n<section  class='av_textblock_section av-tcg20w-f08b57043cbd2efe5e0332752567dfc0 '   itemscope=\"itemscope\" itemtype=\"https:\/\/schema.org\/CreativeWork\" ><div class='avia_textblock'  itemprop=\"text\" ><p>Pour l\u2019Allemagne, l\u2019Autriche, la Suisse, la Scandinavie et les pays de l\u2019Europe de l\u2019Est:<\/p>\n<p><strong>Greenland Seafood Europe GmbH<\/strong><br \/>\nEduard-Schopf-Allee 1<br \/>\nD-28217 Bremen, Germany<\/p>\n<p>Tel. +49 421 839 62 0<br \/>\nFax. +49 421 839 62 59<\/p>\n<p>E-mail: <a href=\"mailto:contact@sofinafoods.eu\">contact@sofinafoods.eu<\/a><\/p>\n<\/div><\/section><br \/>\n\n<style type=\"text\/css\" data-created_by=\"avia_inline_auto\" id=\"style-css-av-qzczyo-15da2bfe6aa2cbc2b75e9a410a90d926\">\n#top .hr.hr-invisible.av-qzczyo-15da2bfe6aa2cbc2b75e9a410a90d926{\nheight:15px;\n}\n<\/style>\n<div  class='hr av-qzczyo-15da2bfe6aa2cbc2b75e9a410a90d926 hr-invisible  avia-builder-el-5  el_after_av_textblock  el_before_av_textblock '><span class='hr-inner '><span class=\"hr-inner-style\"><\/span><\/span><\/div><br \/>\n<section  class='av_textblock_section av-q0ds68-a7ea22d41dec8262ef0713bd85c4f281 '   itemscope=\"itemscope\" itemtype=\"https:\/\/schema.org\/CreativeWork\" ><div class='avia_textblock'  itemprop=\"text\" ><p>Pour la France, la Belgique, les Pays-Bas, la Grande-Bretagne, le Portugal, l\u2019Espagne, l\u2019Italie et les Etats-Unis:<\/p>\n<p><strong>Greenland Seafood Europe SAS<\/strong><br \/>\n10, rue Ballu<br \/>\n75009 Paris<br \/>\nFrance<\/p>\n<p>Tel. +33 (0) 1 49 70 82 20<br \/>\nFax. +33 (0) 1 49 70 82 29<\/p>\n<p>E-mail: <a href=\"contactparis@sofinafoods.eu\">contactparis@sofinafoods.eu<\/a><\/p>\n<\/div><\/section><\/p><\/div>\n\n<style type=\"text\/css\" data-created_by=\"avia_inline_auto\" id=\"style-css-av-nwcq80-5a2dcf22cd938bb81de8b6b9ecc57fd1\">\n.flex_column.av-nwcq80-5a2dcf22cd938bb81de8b6b9ecc57fd1{\nborder-radius:0px 0px 0px 0px;\npadding:0px 0px 0px 0px;\n}\n<\/style>\n<div  class='flex_column av-nwcq80-5a2dcf22cd938bb81de8b6b9ecc57fd1 av_two_third  avia-builder-el-7  el_after_av_one_third  el_before_av_one_full  flex_column_div av-zero-column-padding  '     ><section  class='av_textblock_section av-m88dk0-f6467812f1ecbb80c09be3a1ec344b14 '   itemscope=\"itemscope\" itemtype=\"https:\/\/schema.org\/CreativeWork\" ><div class='avia_textblock'  itemprop=\"text\" ><h1>COURRIER<\/h1>\n<\/div><\/section><br \/>\n\n<style type=\"text\/css\" data-created_by=\"avia_inline_auto\" id=\"style-css-av-v5al8g-2-2f512604fe4f34607a82ea4732d34f3a\">\n#top .hr.hr-invisible.av-v5al8g-2-2f512604fe4f34607a82ea4732d34f3a{\nheight:15px;\n}\n<\/style>\n<div  class='hr av-v5al8g-2-2f512604fe4f34607a82ea4732d34f3a hr-invisible  avia-builder-el-9  el_after_av_textblock  el_before_av_textblock '><span class='hr-inner '><span class=\"hr-inner-style\"><\/span><\/span><\/div><br \/>\n<section  class='av_textblock_section av-m88dk0-1-3a64a913c0cc7d0d66a8ebfdefb4b5f0 '   itemscope=\"itemscope\" itemtype=\"https:\/\/schema.org\/CreativeWork\" ><div class='avia_textblock'  itemprop=\"text\" ><p><span style=\"font-size: 10pt;\">Pour communiquer avec nos services, veuillez remplir le formulaire suivant:<\/span><\/p>\n<\/div><\/section><br \/>\n\n<style type=\"text\/css\" data-created_by=\"avia_inline_auto\" id=\"style-css-av-mo79c4ji-d37baa7b046781216fa1f0b834bc3eaa\">\n#top .hr.hr-invisible.av-mo79c4ji-d37baa7b046781216fa1f0b834bc3eaa{\nheight:50px;\n}\n<\/style>\n<div  class='hr av-mo79c4ji-d37baa7b046781216fa1f0b834bc3eaa hr-invisible  avia-builder-el-11  el_after_av_textblock  el_before_av_contact '><span class='hr-inner '><span class=\"hr-inner-style\"><\/span><\/span><\/div><br \/>\n<form action=\"https:\/\/greenlandseafood.eu\/fr\/kontakt-2-2-2-2\/\" method=\"post\" data-fields-with-error=\"Erreurs trouv\u00e9es dans les champs suivants :\" class=\"avia_ajax_form av-form-labels-visible   avia-builder-el-12  el_after_av_hr  avia-builder-el-last  medi-contact-form  \" data-avia-form-id=\"1\" data-avia-redirect='' ><fieldset><p class='  first_form  form_element form_fullwidth' id='element_avia_1_1'><label for=\"avia_1_1\">Sujet<\/label><select  name=\"avia_1_1\" class=\"select \" id=\"avia_1_1\"><option   value='Veuillez s\u00e9lectionner...'>Veuillez s\u00e9lectionner...<\/option><option   value='Je souhaite poser une question'>Je souhaite poser une question<\/option><option   value='Je souhaite faire une r\u00e9clamation'>Je souhaite faire une r\u00e9clamation<\/option><\/select><\/p><p class='  first_form  form_element form_fullwidth' id='element_avia_2_1'><label for=\"avia_2_1\">leer<\/label> <input name=\"avia_2_1\" class=\"text_input \" type=\"text\" id=\"avia_2_1\" value=\"\" \/><\/p><p class='  first_form  form_element form_element_third' id='element_avia_3_1'><label for=\"avia_3_1\">Genre<\/label><select  name=\"avia_3_1\" class=\"select \" id=\"avia_3_1\"><option   value='Madame'>Madame<\/option><option   value='Monsieur'>Monsieur<\/option><\/select><\/p><p class='  form_element form_element_third' id='element_avia_4_1'><label for=\"avia_4_1\">Nom <abbr class=\"required\" title=\"requis(e)\">*<\/abbr><\/label> <input name=\"avia_4_1\" class=\"text_input is_empty\" type=\"text\" id=\"avia_4_1\" value=\"\" \/><\/p><p class='  form_element form_element_third' id='element_avia_5_1'><label for=\"avia_5_1\">email <abbr class=\"required\" title=\"requis(e)\">*<\/abbr><\/label> <input name=\"avia_5_1\" class=\"text_input is_email\" type=\"text\" id=\"avia_5_1\" value=\"\" \/><\/p><p class='  first_form  form_element form_element_third' id='element_avia_6_1'><label for=\"avia_6_1\">T\u00e9l\u00e9phone <abbr class=\"required\" title=\"requis(e)\">*<\/abbr><\/label> <input name=\"avia_6_1\" class=\"text_input is_phone\" type=\"text\" id=\"avia_6_1\" value=\"\" \/><\/p><p class='  form_element form_element_third' id='element_avia_7_1'><label for=\"avia_7_1\">Code postal et ville <abbr class=\"required\" title=\"requis(e)\">*<\/abbr><\/label> <input name=\"avia_7_1\" class=\"text_input is_empty\" type=\"text\" id=\"avia_7_1\" value=\"\" \/><\/p><p class='  form_element form_element_third' id='element_avia_8_1'><label for=\"avia_8_1\">Rue et num\u00e9ro de maison <abbr class=\"required\" title=\"requis(e)\">*<\/abbr><\/label> <input name=\"avia_8_1\" class=\"text_input is_empty\" type=\"text\" id=\"avia_8_1\" value=\"\" \/><\/p><p class='  first_form  form_element form_fullwidth' id='element_avia_9_1'><label for=\"avia_9_1\">Marque\/ description du produit<\/label> <input name=\"avia_9_1\" class=\"text_input \" type=\"text\" id=\"avia_9_1\" value=\"\" \/><\/p><p class='  first_form  form_element form_fullwidth' id='element_avia_10_1'><label for=\"avia_10_1\">EAN\/ GTin de l\u2019article<\/label> <input name=\"avia_10_1\" class=\"text_input \" type=\"text\" id=\"avia_10_1\" value=\"\" \/><\/p><p class='  first_form  form_element form_element_third' id='element_avia_11_1'><label for=\"avia_11_1\">Num\u00e9ro de Lot<\/label> <input name=\"avia_11_1\" class=\"text_input \" type=\"text\" id=\"avia_11_1\" value=\"\" \/><\/p><p class='  form_element form_element_third' id='element_avia_12_1'><label for=\"avia_12_1\">Date Limite d\u2019Utilisation Optimale (DLUO)<\/label> <input name=\"avia_12_1\" class=\"text_input \" type=\"text\" id=\"avia_12_1\" value=\"\" \/><\/p><p class='  first_form  form_element form_fullwidth' id='element_avia_13_1'><label for=\"avia_13_1\" class=\"textare_label hidden textare_label_avia_13_1\">Votre question <abbr class=\"required\" title=\"requis(e)\">*<\/abbr><\/label><textarea  name=\"avia_13_1\" class=\"text_area is_empty\" cols=\"40\" rows=\"7\" id=\"avia_13_1\" ><\/textarea><\/p><div id='avia_14_1' class='av-form-text'><\/p>\n<p class=\"fileupload_string\">Vous avez ici la possibilit\u00e9 de t\u00e9l\u00e9charger jusqu\u2019\u00e0 3 images (maximum 5 Mo par image) :<\/p>\n<p>\n<\/div><p class='  first_form  form_element form_fullwidth' id='element_avia_15_1'><label for=\"avia_15_1\"><\/label> <input name=\"avia_15_1\" class=\"text_input \" type=\"text\" id=\"avia_15_1\" value=\"\" \/><\/p><p class='  first_form  form_element form_fullwidth' id='element_avia_16_1'><input  name=\"avia_16_1\" class=\"input_checkbox is_empty\" type=\"checkbox\" id=\"avia_16_1\" value=\"true\"\/><label class=\"input_checkbox_label\" for=\"avia_16_1\">J\u2019ai lu la politique de confidentialit\u00e9 de Greenland Seafood Europe GmbH <abbr class=\"required\" title=\"requis(e)\">*<\/abbr><\/label><\/p><p class=\"hidden\"><input type=\"text\" name=\"avia_17_1\" class=\"hidden \" id=\"avia_17_1\" value=\"\" \/><\/p><div id='avia_18_1' class='av-recaptcha-area  first_form  form_element form_fullwidth '  data-container_class=\"\" data-custom_class=\"\" data-context=\"av_contact_form\" data-token_input=\"av_recaptcha_token\" data-version=\"avia_recaptcha_v2\" data-theme=\"light\" data-size=\"normal\" data-score=\"0.5\" data-text_to_preview=\"\" data-value=\"\"><div class=\"av-google-badge-message hidden\">Ce site est prot\u00e9g\u00e9 par reCAPTCHA et la <a href=\"https:\/\/policies.google.com\/privacy\">politique de confidentialit\u00e9<\/a> de Google et <a href=\"https:\/\/policies.google.com\/terms\">leur conditions d\u2019utilisation<\/a> s\u2019appliquent.<\/div><\/div><p class=\"form_element \"><input type=\"hidden\" value=\"1\" name=\"avia_generated_form1\" \/><input type=\"submit\" value=\"Envoyer\" class=\"button\"  data-sending-label=\"Envoi\"\/><\/p><\/fieldset><div class=\"avia-disabled-form\">Ce formulaire est d\u00e9sactiv\u00e9 dans la mesure o\u00f9 vous refusez d\u2019accepter le service Google reCAPTCHA n\u00e9cessaire pour valider toute exp\u00e9dition de message depuis celui-ci.<\/div><\/form><div id=\"ajaxresponse_1\" class=\"ajaxresponse ajaxresponse_1 hidden\"><\/div><\/p><\/div>\n<div  class='flex_column av-28xj1s-9a2caecd51aa0ff9045edbf2d9340d73 av_one_full  avia-builder-el-13  el_after_av_two_third  avia-builder-el-last  first flex_column_div  column-top-margin'     ><\/div>\n","protected":false},"excerpt":{"rendered":"","protected":false},"author":7,"featured_media":0,"parent":0,"menu_order":0,"comment_status":"closed","ping_status":"open","template":"","meta":{"_acf_changed":false,"footnotes":""},"class_list":["post-3616","page","type-page","status-publish","hentry"],"acf":[],"_links":{"self":[{"href":"https:\/\/greenlandseafood.eu\/fr\/wp-json\/wp\/v2\/pages\/3616","targetHints":{"allow":["GET"]}}],"collection":[{"href":"https:\/\/greenlandseafood.eu\/fr\/wp-json\/wp\/v2\/pages"}],"about":[{"href":"https:\/\/greenlandseafood.eu\/fr\/wp-json\/wp\/v2\/types\/page"}],"author":[{"embeddable":true,"href":"https:\/\/greenlandseafood.eu\/fr\/wp-json\/wp\/v2\/users\/7"}],"replies":[{"embeddable":true,"href":"https:\/\/greenlandseafood.eu\/fr\/wp-json\/wp\/v2\/comments?post=3616"}],"version-history":[{"count":12,"href":"https:\/\/greenlandseafood.eu\/fr\/wp-json\/wp\/v2\/pages\/3616\/revisions"}],"predecessor-version":[{"id":16134,"href":"https:\/\/greenlandseafood.eu\/fr\/wp-json\/wp\/v2\/pages\/3616\/revisions\/16134"}],"wp:attachment":[{"href":"https:\/\/greenlandseafood.eu\/fr\/wp-json\/wp\/v2\/media?parent=3616"}],"curies":[{"name":"wp","href":"https:\/\/api.w.org\/{rel}","templated":true}]}}