{"id":3621,"date":"2014-10-10T19:24:10","date_gmt":"2014-10-10T17:24:10","guid":{"rendered":"https:\/\/dev.greenlandseafood.eu\/?page_id=3621"},"modified":"2025-06-04T09:07:38","modified_gmt":"2025-06-04T07:07:38","slug":"la-durabilite","status":"publish","type":"page","link":"https:\/\/greenlandseafood.eu\/fr\/qualite\/la-durabilite\/","title":{"rendered":"La durabilit\u00e9"},"content":{"rendered":"\n<style type=\"text\/css\" data-created_by=\"avia_inline_auto\" id=\"style-css-av-112m7ad-0298a3c0a89eb1c4a56780ba33bce9cb\">\n.avia-section.av-112m7ad-0298a3c0a89eb1c4a56780ba33bce9cb{\nbackground-repeat:no-repeat;\nbackground-image:url(https:\/\/greenlandseafood.eu\/wp-content\/uploads\/2024\/01\/shutterstock_140933974_01.jpg);\nbackground-position:0% 0%;\nbackground-attachment:fixed;\n}\n<\/style>\n<div id='av_section_1'  class='avia-section av-112m7ad-0298a3c0a89eb1c4a56780ba33bce9cb main_color avia-section-default avia-no-border-styling  avia-builder-el-0  el_before_av_section  avia-builder-el-first  avia-full-stretch avia-bg-style-fixed av-minimum-height av-minimum-height-50 av-height-50  container_wrap sidebar_right'  data-section-bg-repeat='stretch' data-av_minimum_height_pc='50' data-av_min_height_opt='50'><div class='container av-section-cont-open' ><main  role=\"main\" itemprop=\"mainContentOfPage\"  class='template-page content  av-content-small alpha units'><div class='post-entry post-entry-type-page post-entry-3621'><div class='entry-content-wrapper clearfix'>\n<div  class='avia-buttonrow-wrap av-10331wl-3ecf67df767e3b53083816af0212ab9b avia-buttonrow-left  avia-builder-el-1  el_before_av_one_full  avia-builder-el-first '>\n\n<style type=\"text\/css\" data-created_by=\"avia_inline_auto\" id=\"style-css-av-y75a2d-ce2856641333b4c5ba8969efa8e35e33\">\n#top #wrap_all .avia-button.av-y75a2d-ce2856641333b4c5ba8969efa8e35e33{\nbackground-color:#ffffff;\nborder-color:#ffffff;\ntransition:all 0.4s ease-in-out;\nmargin-bottom:5px;\nmargin-right:5px;\n}\n#top #wrap_all .avia-button.av-y75a2d-ce2856641333b4c5ba8969efa8e35e33:hover{\nbackground-color:white;\ncolor:grey;\ntransition:all 0.4s ease-in-out;\n}\n#top #wrap_all .avia-button.av-y75a2d-ce2856641333b4c5ba8969efa8e35e33:hover .avia-svg-icon svg:first-child{\nfill:grey;\nstroke:grey;\n}\n<\/style>\n<a href='#nach1'  class='avia-button av-y75a2d-ce2856641333b4c5ba8969efa8e35e33 avia-icon_select-yes-left-icon avia-size-small avia-font-color-black'   aria-label=\"Marine Stewardship Council\"><span class='avia_button_icon avia_button_icon_left avia-iconfont avia-font-entypo-fontello' data-av_icon='\ue885' data-av_iconfont='entypo-fontello' ><\/span><span class='avia_iconbox_title' >Marine Stewardship Council<\/span><\/a>\n\n<style type=\"text\/css\" data-created_by=\"avia_inline_auto\" id=\"style-css-av-vtyd45-f555d6674895cf9b9b939d9c3a7b8797\">\n#top #wrap_all .avia-button.av-vtyd45-f555d6674895cf9b9b939d9c3a7b8797{\nmargin-bottom:5px;\nmargin-right:5px;\n}\n#top #wrap_all .avia-button.av-vtyd45-f555d6674895cf9b9b939d9c3a7b8797:hover{\nbackground-color:#ffffff;\ncolor:grey;\ntransition:all 0.4s ease-in-out;\n}\n#top #wrap_all .avia-button.av-vtyd45-f555d6674895cf9b9b939d9c3a7b8797:hover .avia-svg-icon svg:first-child{\nfill:grey;\nstroke:grey;\n}\n<\/style>\n<a href='#nach2'  class='avia-button av-vtyd45-f555d6674895cf9b9b939d9c3a7b8797 avia-icon_select-yes-left-icon avia-size-small avia-color-white avia-font-color-black'   aria-label=\"Semaine de la p\u00eache et de l\u2019aquaculture responsables 2025\"><span class='avia_button_icon avia_button_icon_left avia-iconfont avia-font-entypo-fontello' data-av_icon='\ue881' data-av_iconfont='entypo-fontello' ><\/span><span class='avia_iconbox_title' >Semaine de la p\u00eache et de l\u2019aquaculture responsables 2025<\/span><\/a>\n<\/div>\n\n<style type=\"text\/css\" data-created_by=\"avia_inline_auto\" id=\"style-css-av-uhxjgl-43e33619c030b23ef44abc50ea9fa394\">\n#top .flex_column.av-uhxjgl-43e33619c030b23ef44abc50ea9fa394{\nmargin-top:30px;\nmargin-bottom:0px;\n}\n.flex_column.av-uhxjgl-43e33619c030b23ef44abc50ea9fa394{\npadding:50px 50px 0px 50px;\nbackground-color:#ffffff;\n}\n.responsive #top #wrap_all .flex_column.av-uhxjgl-43e33619c030b23ef44abc50ea9fa394{\nmargin-top:30px;\nmargin-bottom:0px;\n}\n\n@media only screen and (min-width: 990px){ \n#top .flex_column.av-uhxjgl-43e33619c030b23ef44abc50ea9fa394{\nmargin-top:30px;\nmargin-bottom:0px;\n}\n.flex_column.av-uhxjgl-43e33619c030b23ef44abc50ea9fa394{\npadding:50px 50px 0px 50px;\n}\n.responsive #top #wrap_all .flex_column.av-uhxjgl-43e33619c030b23ef44abc50ea9fa394{\nmargin-top:30px;\nmargin-bottom:0px;\n}\n}\n\n@media only screen and (min-width: 768px) and (max-width: 989px){ \n#top .flex_column.av-uhxjgl-43e33619c030b23ef44abc50ea9fa394{\nmargin-top:30px;\nmargin-bottom:0px;\n}\n.flex_column.av-uhxjgl-43e33619c030b23ef44abc50ea9fa394{\npadding:30px 30px 0px 30px;\n}\n.responsive #top #wrap_all .flex_column.av-uhxjgl-43e33619c030b23ef44abc50ea9fa394{\nmargin-top:30px;\nmargin-bottom:0px;\n}\n}\n\n@media only screen and (min-width: 480px) and (max-width: 767px){ \n#top .flex_column.av-uhxjgl-43e33619c030b23ef44abc50ea9fa394{\nmargin-top:30px;\nmargin-bottom:0px;\n}\n.flex_column.av-uhxjgl-43e33619c030b23ef44abc50ea9fa394{\npadding:30px 30px 0px 30px;\n}\n.responsive #top #wrap_all .flex_column.av-uhxjgl-43e33619c030b23ef44abc50ea9fa394{\nmargin-top:30px;\nmargin-bottom:0px;\n}\n}\n\n@media only screen and (max-width: 479px){ \n#top .flex_column.av-uhxjgl-43e33619c030b23ef44abc50ea9fa394{\nmargin-top:30px;\nmargin-bottom:0px;\n}\n.flex_column.av-uhxjgl-43e33619c030b23ef44abc50ea9fa394{\npadding:20px 20px 0px 20px;\n}\n.responsive #top #wrap_all .flex_column.av-uhxjgl-43e33619c030b23ef44abc50ea9fa394{\nmargin-top:30px;\nmargin-bottom:0px;\n}\n}\n<\/style>\n<div  id=\"nach1\"  class='flex_column av-uhxjgl-43e33619c030b23ef44abc50ea9fa394 av_one_full  avia-builder-el-2  el_after_av_buttonrow  el_before_av_two_third  first flex_column_div  '     ><style type=\"text\/css\" data-created_by=\"avia_inline_auto\" id=\"style-css-av-stteid-2cef745de37e494835e4559db24bed8b\">\n#top .av-special-heading.av-stteid-2cef745de37e494835e4559db24bed8b{\npadding-bottom:10px;\n}\nbody .av-special-heading.av-stteid-2cef745de37e494835e4559db24bed8b .av-special-heading-tag .heading-char{\nfont-size:25px;\n}\n.av-special-heading.av-stteid-2cef745de37e494835e4559db24bed8b .av-subheading{\nfont-size:15px;\n}\n<\/style>\n<div  class='av-special-heading av-stteid-2cef745de37e494835e4559db24bed8b av-special-heading-h1 blockquote modern-quote  avia-builder-el-3  avia-builder-el-no-sibling '><h1 class='av-special-heading-tag '  itemprop=\"headline\"  >Marine Stewardship Council<\/h1><div class=\"special-heading-border\"><div class=\"special-heading-inner-border\"><\/div><\/div><\/div><\/div><div class='flex_column_table av-2pzlj9-5953a07c50c7258d6fae0fc3fed0ad04 sc-av_two_third av-equal-height-column-flextable'>\n<style type=\"text\/css\" data-created_by=\"avia_inline_auto\" id=\"style-css-av-2pzlj9-5953a07c50c7258d6fae0fc3fed0ad04\">\n#top .flex_column_table.av-equal-height-column-flextable.av-2pzlj9-5953a07c50c7258d6fae0fc3fed0ad04{\nmargin-top:0px;\nmargin-bottom:0px;\n}\n.flex_column.av-2pzlj9-5953a07c50c7258d6fae0fc3fed0ad04{\npadding:0px 50px 50px 50px;\nbackground-color:#ffffff;\n}\n\n@media only screen and (min-width: 990px){ \n#top .flex_column_table.av-equal-height-column-flextable.av-2pzlj9-5953a07c50c7258d6fae0fc3fed0ad04{\nmargin-top:0px;\nmargin-bottom:0px;\n}\n.flex_column.av-2pzlj9-5953a07c50c7258d6fae0fc3fed0ad04{\npadding:0px 50px 50px 50px;\n}\n}\n\n@media only screen and (min-width: 768px) and (max-width: 989px){ \n#top .flex_column_table.av-equal-height-column-flextable.av-2pzlj9-5953a07c50c7258d6fae0fc3fed0ad04{\nmargin-top:0px;\nmargin-bottom:0px;\n}\n.flex_column.av-2pzlj9-5953a07c50c7258d6fae0fc3fed0ad04{\npadding:0px 30px 30px 30px;\n}\n}\n\n@media only screen and (min-width: 480px) and (max-width: 767px){ \n#top .flex_column_table.av-equal-height-column-flextable.av-2pzlj9-5953a07c50c7258d6fae0fc3fed0ad04{\nmargin-top:0px;\nmargin-bottom:0px;\n}\n.flex_column.av-2pzlj9-5953a07c50c7258d6fae0fc3fed0ad04{\npadding:0px 30px 30px 30px;\n}\n}\n\n@media only screen and (max-width: 479px){ \n#top .flex_column_table.av-equal-height-column-flextable.av-2pzlj9-5953a07c50c7258d6fae0fc3fed0ad04{\nmargin-top:0px;\nmargin-bottom:0px;\n}\n.flex_column.av-2pzlj9-5953a07c50c7258d6fae0fc3fed0ad04{\npadding:0px 20px 20px 20px;\n}\n}\n<\/style>\n<div  class='flex_column av-2pzlj9-5953a07c50c7258d6fae0fc3fed0ad04 av_two_third  avia-builder-el-4  el_after_av_one_full  el_before_av_one_third  first no_margin flex_column_table_cell av-equal-height-column av-align-top  column-top-margin'     ><section  class='av_textblock_section av-p65e2t-9abb95ba8a8071c6ac08e0be8a059240 '   itemscope=\"itemscope\" itemtype=\"https:\/\/schema.org\/CreativeWork\" ><div class='avia_textblock'  itemprop=\"text\" ><p>Le Marine Stewardship Council (MSC) est un label et une ONG environnementale et scientifique internationale qui lutte depuis 25 ans contre la surp\u00eache et pour la pr\u00e9servation des oc\u00e9ans. Les p\u00eacheries certifi\u00e9es qui r\u00e9pondent aux 3 grands principes du r\u00e9f\u00e9rentiel environnemental du MSC (un stock de poissons sain, un impact minimis\u00e9 sur les \u00e9cosyst\u00e8mes marins, une gestion efficace et r\u00e9active des activit\u00e9s de p\u00eache face aux lois en vigueur) sont autoris\u00e9es \u00e0 vendre leurs produits MSC sur le march\u00e9. Le r\u00e9f\u00e9rentiel Cha\u00eene de Garantie d\u2019Origine du MSC appliqu\u00e9 aux entreprises certifi\u00e9es garantit la tra\u00e7abilit\u00e9 de vos produits \u00e0 chaque \u00e9tape de la cha\u00eene d\u2019approvisionnement. Acheter un produit labellis\u00e9 MSC c\u2019est l\u2019assurance qu\u2019il provient d\u2019une p\u00eacherie qui valorise les efforts de ses p\u00eacheurs et am\u00e9liore ses pratiques en continu.<\/p>\n<p>Greenland Seafood Europe fabrique et commercialise de nombreux produits \u00e0 base de mati\u00e8res premi\u00e8res issues de p\u00eache durable et tra\u00e7able certifi\u00e9e selon le r\u00e9f\u00e9rentiel mondial MSC.\u00a0<a href=\"https:\/\/www.msc.org\/fr\/\" target=\"_blank\" rel=\"noopener\">https:\/\/www.msc.org\/fr\/<\/a><\/p>\n<\/div><\/section><\/div>\n<style type=\"text\/css\" data-created_by=\"avia_inline_auto\" id=\"style-css-av-os2pc5-397a51cf0811c91058552d05be064e1e\">\n#top .flex_column_table.av-equal-height-column-flextable.av-os2pc5-397a51cf0811c91058552d05be064e1e{\nmargin-top:0px;\nmargin-bottom:0px;\n}\n.flex_column.av-os2pc5-397a51cf0811c91058552d05be064e1e{\npadding:30px 30px 30px 30px;\nbackground-color:#ffffff;\n}\n\n@media only screen and (min-width: 990px){ \n#top .flex_column_table.av-equal-height-column-flextable.av-os2pc5-397a51cf0811c91058552d05be064e1e{\nmargin-top:0px;\nmargin-bottom:0px;\n}\n.flex_column.av-os2pc5-397a51cf0811c91058552d05be064e1e{\npadding:30px 30px 30px 30px;\n}\n}\n\n@media only screen and (min-width: 768px) and (max-width: 989px){ \n#top .flex_column_table.av-equal-height-column-flextable.av-os2pc5-397a51cf0811c91058552d05be064e1e{\nmargin-top:0px;\nmargin-bottom:0px;\n}\n.flex_column.av-os2pc5-397a51cf0811c91058552d05be064e1e{\npadding:30px 30px 30px 30px;\n}\n}\n\n@media only screen and (min-width: 480px) and (max-width: 767px){ \n#top .flex_column_table.av-equal-height-column-flextable.av-os2pc5-397a51cf0811c91058552d05be064e1e{\nmargin-top:0px;\nmargin-bottom:0px;\n}\n.flex_column.av-os2pc5-397a51cf0811c91058552d05be064e1e{\npadding:30px 30px 30px 30px;\n}\n}\n\n@media only screen and (max-width: 479px){ \n#top .flex_column_table.av-equal-height-column-flextable.av-os2pc5-397a51cf0811c91058552d05be064e1e{\nmargin-top:0px;\nmargin-bottom:0px;\n}\n.flex_column.av-os2pc5-397a51cf0811c91058552d05be064e1e{\npadding:30px 30px 30px 30px;\n}\n}\n<\/style>\n<div  class='flex_column av-os2pc5-397a51cf0811c91058552d05be064e1e av_one_third  avia-builder-el-6  el_after_av_two_third  avia-builder-el-last  no_margin flex_column_table_cell av-equal-height-column av-align-top  column-top-margin'     ><style type=\"text\/css\" data-created_by=\"avia_inline_auto\" id=\"style-css-av-m6h5bp-0d5e2bdd683d2d193e86186d0cdacde2\">\n.avia-image-container.av-m6h5bp-0d5e2bdd683d2d193e86186d0cdacde2 img.avia_image{\nbox-shadow:none;\n}\n.avia-image-container.av-m6h5bp-0d5e2bdd683d2d193e86186d0cdacde2 .av-image-caption-overlay-center{\ncolor:#ffffff;\n}\n<\/style>\n<div  class='avia-image-container av-m6h5bp-0d5e2bdd683d2d193e86186d0cdacde2 av-styling- avia-align-center  avia-builder-el-7  avia-builder-el-no-sibling '   itemprop=\"image\" itemscope=\"itemscope\" itemtype=\"https:\/\/schema.org\/ImageObject\" ><div class=\"avia-image-container-inner\"><div class=\"avia-image-overlay-wrap\"><img decoding=\"async\" fetchpriority=\"high\" class='wp-image-10153 avia-img-lazy-loading-not-10153 avia_image ' src=\"https:\/\/greenlandseafood.eu\/wp-content\/uploads\/2020\/06\/SOPROPECHE-peche-durable-1.jpg\" alt='' title=''  height=\"172\" width=\"450\"  itemprop=\"thumbnailUrl\" srcset=\"https:\/\/greenlandseafood.eu\/wp-content\/uploads\/2020\/06\/SOPROPECHE-peche-durable-1.jpg 450w, https:\/\/greenlandseafood.eu\/wp-content\/uploads\/2020\/06\/SOPROPECHE-peche-durable-1-300x115.jpg 300w\" sizes=\"(max-width: 450px) 100vw, 450px\" \/><\/div><\/div><\/div><\/div><\/div><!--close column table wrapper. Autoclose: 1 -->\n\n<\/div><\/div><\/main><!-- close content main element --><\/div><\/div><div id='nach2'  class='avia-section av-duh911-b333ceef8512a6dec70c157219803770 main_color avia-section-large avia-no-border-styling  avia-builder-el-8  el_after_av_section  avia-builder-el-last  av-desktop-hide av-medium-hide av-small-hide av-mini-hide avia-bg-style-scroll container_wrap sidebar_right'  ><div class='container av-section-cont-open' ><div class='template-page content  av-content-small alpha units'><div class='post-entry post-entry-type-page post-entry-3621'><div class='entry-content-wrapper clearfix'>\n<div  class='flex_column av-cm4o6d-1a06a853ecdef1a5e079b55b0bf8bd98 av_one_full  avia-builder-el-9  el_before_av_one_third  avia-builder-el-first  first flex_column_div  '     ><p>\n<style type=\"text\/css\" data-created_by=\"avia_inline_auto\" id=\"style-css-av-ak5rz9-4e6f3afcb206fb85e96bf0f027857cc8\">\n#top .av-special-heading.av-ak5rz9-4e6f3afcb206fb85e96bf0f027857cc8{\npadding-bottom:10px;\n}\nbody .av-special-heading.av-ak5rz9-4e6f3afcb206fb85e96bf0f027857cc8 .av-special-heading-tag .heading-char{\nfont-size:25px;\n}\n.av-special-heading.av-ak5rz9-4e6f3afcb206fb85e96bf0f027857cc8 .av-subheading{\nfont-size:15px;\n}\n<\/style>\n<div  class='av-special-heading av-ak5rz9-4e6f3afcb206fb85e96bf0f027857cc8 av-special-heading-h1 blockquote modern-quote  avia-builder-el-10  el_before_av_textblock  avia-builder-el-first '><h1 class='av-special-heading-tag '  itemprop=\"headline\"  >Semaine de la p\u00eache et de l\u2019aquaculture responsables 2025<\/h1><div class=\"special-heading-border\"><div class=\"special-heading-inner-border\"><\/div><\/div><\/div><br \/>\n<section  class='av_textblock_section av-9dz01x-e418902f5360a5012f69230bd3eec663 '   itemscope=\"itemscope\" itemtype=\"https:\/\/schema.org\/CreativeWork\" ><div class='avia_textblock'  itemprop=\"text\" ><p>Dans l\u2019int\u00e9r\u00eat de tous et afin de fournir une pr\u00e9cieuse source de prot\u00e9ines aux g\u00e9n\u00e9rations futures, il est de notre devoir que les ressources des oc\u00e9ans soient g\u00e9r\u00e9es de fa\u00e7on durable et responsable.<\/p>\n<p>Une ann\u00e9e de plus, Greenland Seafood \u2013 Sofina Foods se tient aux c\u00f4t\u00e9s des ONG ASC et MSC et plus d\u2019une cinquantaine de partenaires\u00a0lors de la semaine de la p\u00eache et de l\u2019aquaculture responsables qui aura lieu du 3 au 16 f\u00e9vrier 2025.<\/p>\n<p>Pourquoi faut-il se mobiliser?<\/p>\n<p>L&rsquo;enjeu est \u00e0 la fois:<\/p>\n<ul>\n<li>Environnemental: \u00e0 l\u2019heure actuelle, 37% des stocks de poissons dans le monde sont surexploit\u00e9s (rapport SOFIA 2024 de la FAO des Nations Unies).<\/li>\n<li>Social: plus de 3 milliards de personnes puisent au moins 20% de leur apport en prot\u00e9ines dans le poisson chaque jour.<\/li>\n<li>Economique: 33 millions de personnes travaillent dans le secteur de la p\u00eache.<\/li>\n<\/ul>\n<p>Nous avons tous un r\u00f4le \u00e0 jouer!<\/p>\n<\/div><\/section><\/p><\/div><div  class='flex_column av-86zxlx-ef08cf44cb2c97eb2ef798f444859547 av_one_third  avia-builder-el-12  el_after_av_one_full  el_before_av_two_third  first flex_column_div  column-top-margin'     ><style type=\"text\/css\" data-created_by=\"avia_inline_auto\" id=\"style-css-av-5ft485-35c99db782ccd49c731d8a6ee9a22fc2\">\n.avia-image-container.av-5ft485-35c99db782ccd49c731d8a6ee9a22fc2 img.avia_image{\nbox-shadow:none;\n}\n.avia-image-container.av-5ft485-35c99db782ccd49c731d8a6ee9a22fc2 .av-image-caption-overlay-center{\ncolor:#ffffff;\n}\n<\/style>\n<div  class='avia-image-container av-5ft485-35c99db782ccd49c731d8a6ee9a22fc2 av-styling- avia-align-center  avia-builder-el-13  avia-builder-el-no-sibling '   itemprop=\"image\" itemscope=\"itemscope\" itemtype=\"https:\/\/schema.org\/ImageObject\" ><div class=\"avia-image-container-inner\"><div class=\"avia-image-overlay-wrap\"><img decoding=\"async\" fetchpriority=\"high\" class='wp-image-15765 avia-img-lazy-loading-not-15765 avia_image ' src=\"https:\/\/greenlandseafood.eu\/wp-content\/uploads\/2025\/01\/MSC21413_ASC-MSC_KV_2025-2.jpg\" alt='' title='MSC21413_ASC-MSC_KV_2025-2'  height=\"1466\" width=\"1000\"  itemprop=\"thumbnailUrl\" srcset=\"https:\/\/greenlandseafood.eu\/wp-content\/uploads\/2025\/01\/MSC21413_ASC-MSC_KV_2025-2.jpg 1000w, https:\/\/greenlandseafood.eu\/wp-content\/uploads\/2025\/01\/MSC21413_ASC-MSC_KV_2025-2-205x300.jpg 205w, https:\/\/greenlandseafood.eu\/wp-content\/uploads\/2025\/01\/MSC21413_ASC-MSC_KV_2025-2-703x1030.jpg 703w, https:\/\/greenlandseafood.eu\/wp-content\/uploads\/2025\/01\/MSC21413_ASC-MSC_KV_2025-2-768x1126.jpg 768w, https:\/\/greenlandseafood.eu\/wp-content\/uploads\/2025\/01\/MSC21413_ASC-MSC_KV_2025-2-481x705.jpg 481w\" sizes=\"(max-width: 1000px) 100vw, 1000px\" \/><\/div><\/div><\/div><\/div><div  class='flex_column av-d7oph-8e91884d162ffe409bd313b3e67c99e7 av_two_third  avia-builder-el-14  el_after_av_one_third  avia-builder-el-last  flex_column_div  column-top-margin'     ><style type=\"text\/css\" data-created_by=\"avia_inline_auto\" id=\"style-css-av-2mkct1-08be3e035c67e30e4ba01fb30c4367b2\">\n.avia-video.av-2mkct1-08be3e035c67e30e4ba01fb30c4367b2{\nbackground-image:url(https:\/\/greenlandseafood.eu\/wp-content\/uploads\/2024\/02\/video-thumb.jpg);\n}\n<\/style>\n<div  class='avia-video av-2mkct1-08be3e035c67e30e4ba01fb30c4367b2 avia-video-16-9 av-preview-image avia-video-load-always avia-video-html5'  itemprop=\"video\" itemtype=\"https:\/\/schema.org\/VideoObject\"  data-original_url='https:\/\/greenlandseafood.eu\/wp-content\/uploads\/2025\/01\/Copie-de-SPAR_PubTV_Partenaires_Sofina.mp4'><video class='avia_video' poster=\"https:\/\/greenlandseafood.eu\/wp-content\/uploads\/2024\/02\/video-thumb.jpg\"   preload=\"auto\"  controls id='player_3621_672475140_212334462'><source src='https:\/\/greenlandseafood.eu\/wp-content\/uploads\/2025\/01\/Copie-de-SPAR_PubTV_Partenaires_Sofina.mp4' type='video\/mp4' \/><\/video><\/div><\/div>\n<\/div><\/div><\/div><!-- close content main div --><\/div><\/div><div id='after_section_2'  class='main_color av_default_container_wrap container_wrap sidebar_right'  ><div class='container av-section-cont-open' ><div class='template-page content  av-content-small alpha units'><div class='post-entry post-entry-type-page post-entry-3621'><div class='entry-content-wrapper clearfix'>\n","protected":false},"excerpt":{"rendered":"","protected":false},"author":7,"featured_media":0,"parent":3619,"menu_order":0,"comment_status":"closed","ping_status":"open","template":"","meta":{"_acf_changed":false,"footnotes":""},"class_list":["post-3621","page","type-page","status-publish","hentry"],"acf":[],"_links":{"self":[{"href":"https:\/\/greenlandseafood.eu\/fr\/wp-json\/wp\/v2\/pages\/3621","targetHints":{"allow":["GET"]}}],"collection":[{"href":"https:\/\/greenlandseafood.eu\/fr\/wp-json\/wp\/v2\/pages"}],"about":[{"href":"https:\/\/greenlandseafood.eu\/fr\/wp-json\/wp\/v2\/types\/page"}],"author":[{"embeddable":true,"href":"https:\/\/greenlandseafood.eu\/fr\/wp-json\/wp\/v2\/users\/7"}],"replies":[{"embeddable":true,"href":"https:\/\/greenlandseafood.eu\/fr\/wp-json\/wp\/v2\/comments?post=3621"}],"version-history":[{"count":10,"href":"https:\/\/greenlandseafood.eu\/fr\/wp-json\/wp\/v2\/pages\/3621\/revisions"}],"predecessor-version":[{"id":15970,"href":"https:\/\/greenlandseafood.eu\/fr\/wp-json\/wp\/v2\/pages\/3621\/revisions\/15970"}],"up":[{"embeddable":true,"href":"https:\/\/greenlandseafood.eu\/fr\/wp-json\/wp\/v2\/pages\/3619"}],"wp:attachment":[{"href":"https:\/\/greenlandseafood.eu\/fr\/wp-json\/wp\/v2\/media?parent=3621"}],"curies":[{"name":"wp","href":"https:\/\/api.w.org\/{rel}","templated":true}]}}