{"id":3622,"date":"2014-10-10T19:24:25","date_gmt":"2014-10-10T17:24:25","guid":{"rendered":"https:\/\/dev.greenlandseafood.eu\/?page_id=3622"},"modified":"2026-01-14T14:45:56","modified_gmt":"2026-01-14T13:45:56","slug":"certifications","status":"publish","type":"page","link":"https:\/\/greenlandseafood.eu\/fr\/qualite\/certifications\/","title":{"rendered":"Certifications"},"content":{"rendered":"\n<style type=\"text\/css\" data-created_by=\"avia_inline_auto\" id=\"style-css-av-k2d419vj-a4440902cc2b6bec3a3180a4a20d8299\">\n.avia-section.av-k2d419vj-a4440902cc2b6bec3a3180a4a20d8299{\nbackground-repeat:no-repeat;\nbackground-image:url(https:\/\/greenlandseafood.eu\/wp-content\/uploads\/2024\/01\/shutterstock_1048694306_01.jpg);\nbackground-position:0% 0%;\nbackground-attachment:fixed;\n}\n<\/style>\n<div id='av_section_1'  class='avia-section av-k2d419vj-a4440902cc2b6bec3a3180a4a20d8299 main_color avia-section-default avia-no-border-styling  avia-builder-el-0  avia-builder-el-no-sibling  avia-full-stretch avia-bg-style-fixed av-minimum-height av-minimum-height-100 av-height-100  container_wrap sidebar_right'  data-section-bg-repeat='stretch' data-av_minimum_height_pc='100' data-av_min_height_opt='100'><div class='container av-section-cont-open' ><main  role=\"main\" itemprop=\"mainContentOfPage\"  class='template-page content  av-content-small alpha units'><div class='post-entry post-entry-type-page post-entry-3622'><div class='entry-content-wrapper clearfix'>\n<div  class='tabcontainer av-k2d3kitn-d40c706ad7a7a19a9fc59a197a6c9bff top_tab  avia-builder-el-1  avia-builder-el-no-sibling '>\n<section class='av_tab_section av_tab_section av-73g3w6-7504dc586cfe06a230c5ffc0ae4a7bde'  itemscope=\"itemscope\" itemtype=\"https:\/\/schema.org\/CreativeWork\" ><div id='tab-id-1-tab' class='tab active_tab' role='tab' aria-selected=\"true\" tabindex=\"0\" data-fake-id='#tab-id-1' aria-controls='tab-id-1-content'  itemprop=\"headline\" >IFS FOOD<\/div><div id='tab-id-1-content' class='tab_content active_tab_content' role='tabpanel' aria-labelledby='tab-id-1-tab' aria-hidden=\"false\"><div class='tab_inner_content invers-color'  itemprop=\"text\" ><h5><img loading=\"lazy\" decoding=\"async\" class=\"alignleft wp-image-9915\" src=\"https:\/\/greenlandseafood.eu\/wp-content\/uploads\/2020\/02\/ifs-food-495x343.png\" alt=\"\" width=\"200\" height=\"138\" \/><\/h5>\n<p>Afin de garantir une s\u00e9curit\u00e9 alimentaire optimale et vouer une confiance maximale \u00e0 la production, la f\u00e9d\u00e9ration allemande des distributeurs et les repr\u00e9sentants de la grande distribution ont d\u00e9velopp\u00e9 un r\u00e9f\u00e9rentiel de qualit\u00e9 et de s\u00e9curit\u00e9 des aliments, pour les produits alimentaires sous marque de distributeur, appel\u00e9 l\u2019International Feature Standard Food (IFS).<\/p>\n<p>Ce standard est reconnu comme projet de s\u00e9curit\u00e9 alimentaire au niveau mondial, appel\u00e9 GFSI (Global Food Safety Initiative), pour contr\u00f4ler l\u2019industrie alimentaire.<\/p>\n<p>L\u2019objectif de l\u2019IFS Food repose sur la s\u00e9curit\u00e9 alimentaire, la qualit\u00e9 des produits et de leur fabrication. En production, c\u2019est un gage de suivi constant et de respect de la conformit\u00e9 des produits alimentaires avec les lois en vigueur.<\/p>\n<p>Nos deux usines Greenland Seafood situ\u00e9es \u00e0 Wilhelmshaven et Boulogne-Sur-Mer ont d\u00e9j\u00e0 \u00e9t\u00e9 contr\u00f4l\u00e9es et sont certifi\u00e9es IFS depuis de nombreuses ann\u00e9es au grade \u00ab High Level \u00bb.<\/p>\n<ul style=\"list-style-type: circle;\">\n<li><a href=\"https:\/\/greenlandseafood.eu\/wp-content\/uploads\/2025\/05\/Food\/IFS%20WHV%206298%20Z%20D%20E%20Greenland%20Jan%2025%20AP.pdf\" target=\"_blank\" rel=\"noopener\">IFS Food Wilhelmshaven<\/a><\/li>\n<li><a href=\"https:\/\/greenlandseafood.eu\/wp-content\/uploads\/2025\/05\/Food\/Certificat%20BRCGS%20GELMER%202025.pdf\" target=\"_blank\" rel=\"noopener\">IFS Food Gelmer<\/a><\/li>\n<\/ul>\n<\/div><\/div><\/section>\n<section class='av_tab_section av_tab_section av-b0lhi-e41c795eb1687cbc005d58865056d3d0'  itemscope=\"itemscope\" itemtype=\"https:\/\/schema.org\/CreativeWork\" ><div id='tab-id-2-tab' class='tab' role='tab' aria-selected=\"false\" tabindex=\"0\" data-fake-id='#tab-id-2' aria-controls='tab-id-2-content'  itemprop=\"headline\" >IFS BROKER<\/div><div id='tab-id-2-content' class='tab_content' role='tabpanel' aria-labelledby='tab-id-2-tab' aria-hidden=\"true\"><div class='tab_inner_content invers-color'  itemprop=\"text\" ><h5><img loading=\"lazy\" decoding=\"async\" class=\"alignleft wp-image-9922\" src=\"https:\/\/greenlandseafood.eu\/wp-content\/uploads\/2020\/02\/IFS-BROKER-2-495x400.jpg\" alt=\"\" width=\"215\" height=\"174\" \/><\/h5>\n<p>La certification IFS Broker vise \u00e0 garantir la s\u00e9curit\u00e9 alimentaire et la qualit\u00e9 des produits sur la base d&rsquo;un syst\u00e8me d&rsquo;\u00e9valuation uniforme.<\/p>\n<p>Ce syst\u00e8me permet de faire le lien entre la production et la vente et de cr\u00e9er une transparence totale sur l&rsquo;ensemble de la cha\u00eene d&rsquo;approvisionnement.<\/p>\n<p>La norme v\u00e9rifie les crit\u00e8res de s\u00e9lection des fournisseurs et si ceux-ci agissent conform\u00e9ment aux exigences de s\u00e9curit\u00e9 alimentaire et de qualit\u00e9 des produits.<\/p>\n<p>Cela garantit que les marchandises livr\u00e9es r\u00e9pondent non seulement aux exigences l\u00e9gales mais \u00e9galement aux demandes sp\u00e9cifiques des clients.<br \/>\nLes deux bureaux de ventes de Greenland Seafood bas\u00e9s \u00e0 Br\u00eame et \u00e0 Paris sont certifi\u00e9s IFS Broker au grade \u00abHigher Level\u00bb (certificat).<\/p>\n<p><span style=\"background-color: #ffffff; color: #ffffff;\">\u00a9<\/span><\/p>\n<ul style=\"list-style-type: circle;\">\n<li><a href=\"https:\/\/greenlandseafood.eu\/wp-content\/uploads\/2025\/12\/6505-Z-D-Greenland-Bremen-Mai-25-MG.pdf\" target=\"_blank\" rel=\"noopener\">IFS Broker Bremen<\/a><\/li>\n<li><a href=\"https:\/\/greenlandseafood.eu\/wp-content\/uploads\/2026\/01\/Certif-IFS-Br-GREENLAND-SEAFOOD-2025.pdf\" target=\"_blank\" rel=\"noopener\">IFS Broker Paris<\/a><\/li>\n<\/ul>\n<\/div><\/div><\/section>\n<section class='av_tab_section av_tab_section av-35qxx2-3634ee451be6b470f5b9112c8edf692f'  itemscope=\"itemscope\" itemtype=\"https:\/\/schema.org\/CreativeWork\" ><div id='tab-id-3-tab' class='tab' role='tab' aria-selected=\"false\" tabindex=\"0\" data-fake-id='#tab-id-3' aria-controls='tab-id-3-content'  itemprop=\"headline\" >BRC GLOBAL STANDARDS <\/div><div id='tab-id-3-content' class='tab_content' role='tabpanel' aria-labelledby='tab-id-3-tab' aria-hidden=\"true\"><div class='tab_inner_content invers-color'  itemprop=\"text\" ><p><a href=\"https:\/\/greenlandseafood.eu\/wp-content\/uploads\/2024\/01\/zertifizierungen-greenland-image-3.jpg\"><img loading=\"lazy\" decoding=\"async\" class=\"size-full wp-image-15303 alignleft\" src=\"https:\/\/greenlandseafood.eu\/wp-content\/uploads\/2024\/01\/zertifizierungen-greenland-image-3.jpg\" alt=\"\" width=\"103\" height=\"143\" \/><\/a>Le British Retail Consortium (BRC) a publi\u00e9 cette norme technique pour tous les fournisseurs de l\u2019agro-alimentaire.<\/p>\n<p>Comme l\u2019IFS, le BRC est reconnu par le GFSI (Global Food Safety Initiative). Obtenir le certificat BRC n\u00e9cessite la mise en place de la d\u00e9marche HACCP, avec une proc\u00e9dure de suivi de la qualit\u00e9 document\u00e9e et le respect des conditions d\u2019hygi\u00e8ne dans le respect des produits, de la fabrication et des employ\u00e9s.<\/p>\n<p>Depuis de nombreuses ann\u00e9es, les usines de Greenland Seafood situ\u00e9es \u00e0 Wilhelmshaven et Boulogne-Sur-Mer sont r\u00e9guli\u00e8rement contr\u00f4l\u00e9es et toujours certifi\u00e9es BRC \u00ab Grade AA+ \u00bb et BRC \u00ab Grade B+ \u00bb.<\/p>\n<\/div><\/div><\/section>\n<section class='av_tab_section av_tab_section av-2yf3gm-6d3aff335c66cbdd2885fc51fdeb81eb'  itemscope=\"itemscope\" itemtype=\"https:\/\/schema.org\/CreativeWork\" ><div id='tab-id-4-tab' class='tab' role='tab' aria-selected=\"false\" tabindex=\"0\" data-fake-id='#tab-id-4' aria-controls='tab-id-4-content'  itemprop=\"headline\" >AOECS Association of European Coeliac Societies<\/div><div id='tab-id-4-content' class='tab_content' role='tabpanel' aria-labelledby='tab-id-4-tab' aria-hidden=\"true\"><div class='tab_inner_content invers-color'  itemprop=\"text\" ><p><img loading=\"lazy\" decoding=\"async\" class=\"alignleft size-full wp-image-9913\" src=\"https:\/\/greenlandseafood.eu\/wp-content\/uploads\/2020\/02\/AOECS.png\" alt=\"\" width=\"143\" height=\"179\" \/>La norme AOECS qui r\u00e9git la production de produits sans gluten s&rsquo;applique aux aliments et boissons qui r\u00e9pondent aux besoins nutritionnels sp\u00e9cifiques des personnes intol\u00e9rantes au gluten.<\/p>\n<p>Dans cette norme, l\u2019accent est principalement mis sur la ma\u00eetrise des risques de contamination par le gluten au cours de la production, ainsi que sur les bonnes pratiques d\u2019hygi\u00e8ne et de fabrication de ces produits finis.<\/p>\n<p>En parall\u00e8le de cette norme, une d\u00e9marche HACCP (Hazard Analysis and Critical Control Point System) doit \u00eatre mise en place dans l\u2019usine afin d\u2019\u00e9viter toute contamination par le gluten et d\u2019assurer le respect des exigences techniques sp\u00e9cifiques aux produits sans gluten.<\/p>\n<p>La d\u00e9finition des aliments sans gluten de la norme AOECS correspond \u00e0 celle des aliments di\u00e9t\u00e9tiques ou de r\u00e9gime destin\u00e9s aux personnes intol\u00e9rantes au gluten du Codex Alimentarius.<\/p>\n<\/div><\/div><\/section>\n<\/div>\n<\/div><\/div><\/main><!-- close content main element --><\/div><\/div><div id='after_section_1'  class='main_color av_default_container_wrap container_wrap sidebar_right'  ><div class='container av-section-cont-open' ><div class='template-page content  av-content-small alpha units'><div class='post-entry post-entry-type-page post-entry-3622'><div class='entry-content-wrapper clearfix'>\n","protected":false},"excerpt":{"rendered":"","protected":false},"author":7,"featured_media":0,"parent":3619,"menu_order":0,"comment_status":"closed","ping_status":"closed","template":"","meta":{"_acf_changed":false,"footnotes":""},"class_list":["post-3622","page","type-page","status-publish","hentry"],"acf":[],"_links":{"self":[{"href":"https:\/\/greenlandseafood.eu\/fr\/wp-json\/wp\/v2\/pages\/3622","targetHints":{"allow":["GET"]}}],"collection":[{"href":"https:\/\/greenlandseafood.eu\/fr\/wp-json\/wp\/v2\/pages"}],"about":[{"href":"https:\/\/greenlandseafood.eu\/fr\/wp-json\/wp\/v2\/types\/page"}],"author":[{"embeddable":true,"href":"https:\/\/greenlandseafood.eu\/fr\/wp-json\/wp\/v2\/users\/7"}],"replies":[{"embeddable":true,"href":"https:\/\/greenlandseafood.eu\/fr\/wp-json\/wp\/v2\/comments?post=3622"}],"version-history":[{"count":6,"href":"https:\/\/greenlandseafood.eu\/fr\/wp-json\/wp\/v2\/pages\/3622\/revisions"}],"predecessor-version":[{"id":16055,"href":"https:\/\/greenlandseafood.eu\/fr\/wp-json\/wp\/v2\/pages\/3622\/revisions\/16055"}],"up":[{"embeddable":true,"href":"https:\/\/greenlandseafood.eu\/fr\/wp-json\/wp\/v2\/pages\/3619"}],"wp:attachment":[{"href":"https:\/\/greenlandseafood.eu\/fr\/wp-json\/wp\/v2\/media?parent=3622"}],"curies":[{"name":"wp","href":"https:\/\/api.w.org\/{rel}","templated":true}]}}