{"id":3624,"date":"2014-10-10T19:25:03","date_gmt":"2014-10-10T17:25:03","guid":{"rendered":"https:\/\/dev.greenlandseafood.eu\/?page_id=3624"},"modified":"2020-03-19T14:47:37","modified_gmt":"2020-03-19T13:47:37","slug":"le-colin-dalaska","status":"publish","type":"page","link":"https:\/\/greenlandseafood.eu\/fr\/matiere-premiere\/le-colin-dalaska\/","title":{"rendered":"Le colin d\u2019Alaska"},"content":{"rendered":"<div  class='flex_column av-fl7wrc-b80c1bcc0bcd15c15acd79c336042997 av_one_half  avia-builder-el-0  el_before_av_one_half  avia-builder-el-first  first flex_column_div  '     ><div  class='avia-slideshow av-k6ggk24j-9a2c9a8140f0cd341f6b8c83815b7f9a avia-slideshow-featured av_slideshow avia-slide-slider  avia-builder-el-1  avia-builder-el-no-sibling  av-slideshow-ui av-control-default av-slideshow-manual av-loop-once av-loop-manual-endless av-default-height-applied avia-slideshow-1' data-slideshow-options=\"{&quot;animation&quot;:&quot;slide&quot;,&quot;autoplay&quot;:false,&quot;loop_autoplay&quot;:&quot;once&quot;,&quot;interval&quot;:5,&quot;loop_manual&quot;:&quot;manual-endless&quot;,&quot;autoplay_stopper&quot;:false,&quot;noNavigation&quot;:false,&quot;bg_slider&quot;:false,&quot;keep_padding&quot;:false,&quot;hoverpause&quot;:false,&quot;show_slide_delay&quot;:0}\"  itemprop=\"image\" itemscope=\"itemscope\" itemtype=\"https:\/\/schema.org\/ImageObject\" ><ul class='avia-slideshow-inner ' style='padding-bottom: 37.994722955145%;'><li  class='avia-slideshow-slide av-k6ggk24j-9a2c9a8140f0cd341f6b8c83815b7f9a__0  av-single-slide slide-1 slide-odd'><div data-rel='slideshow-1' class='avia-slide-wrap '   ><img decoding=\"async\" fetchpriority=\"high\" class=\"wp-image-9888 avia-img-lazy-loading-not-9888\"  src=\"https:\/\/greenlandseafood.eu\/wp-content\/uploads\/2020\/02\/alaska-pollock.png\" width=\"379\" height=\"144\" title='' alt=''  itemprop=\"thumbnailUrl\" srcset=\"https:\/\/greenlandseafood.eu\/wp-content\/uploads\/2020\/02\/alaska-pollock.png 379w, https:\/\/greenlandseafood.eu\/wp-content\/uploads\/2020\/02\/alaska-pollock-300x114.png 300w\" sizes=\"(max-width: 379px) 100vw, 379px\" \/><\/div><\/li><\/ul><\/div><\/div>\n\n<style type=\"text\/css\" data-created_by=\"avia_inline_auto\" id=\"style-css-av-cw86lk-7a6b09be363a6226702e06b0bdbfcaba\">\n.flex_column.av-cw86lk-7a6b09be363a6226702e06b0bdbfcaba{\nborder-radius:0px 0px 0px 0px;\npadding:0px 0px 0px 0px;\n}\n<\/style>\n<div  class='flex_column av-cw86lk-7a6b09be363a6226702e06b0bdbfcaba av_one_half  avia-builder-el-2  el_after_av_one_half  avia-builder-el-last  flex_column_div av-zero-column-padding  '     ><section  class='av_textblock_section av-41ea0-8b99fd795846ae7a3c4238bf70364e06 '   itemscope=\"itemscope\" itemtype=\"https:\/\/schema.org\/CreativeWork\" ><div class='avia_textblock'  itemprop=\"text\" ><h1><span style=\"font-size: 18pt;\">Le colin d\u2019Alaska<\/span><\/h1>\n<p><span style=\"font-size: 10pt;\"><strong>Lieu de p\u00eache:<\/strong><\/span><br \/>\n<span style=\"font-size: 10pt;\">Le colin d\u2019Alaska<em> (Theragra chalcogramma)<\/em><\/span><br \/>\n<span style=\"font-size: 10pt;\"> Pacifique Nord-Ouest FAO 61, Pacifique Nord-Est FAO 67<\/span><\/p>\n<p><span style=\"font-size: 10pt;\"><strong>Type de p\u00eache:<\/strong><\/span><br \/>\n<span style=\"font-size: 10pt;\">Chalut semi-p\u00e9lagique<\/span><\/p>\n<p><span style=\"font-size: 10pt;\">Le colin d\u2019Alaska fait partie de la famille des Gadid\u00e9s, il vit entre 30 et 400 m de profondeur. Il peut atteindre 80 cm de long et vivre jusqu\u2019\u00e0 15 ans.<\/span><\/p>\n<p><span style=\"font-size: 10pt;\">Avec environ 3 millions de tonnes d\u00e9barqu\u00e9es annuellement, cette esp\u00e8ce est la premi\u00e8re ressource halieutique destin\u00e9e \u00e0 la consommation humaine dans le monde. Et m\u00eame s\u2019il n\u2019est commercialis\u00e9 que depuis seulement 25 ans, c\u2019est un des poissons les plus vendus en Europe.<\/span><\/p>\n<\/div><\/section><\/div>\n","protected":false},"excerpt":{"rendered":"","protected":false},"author":7,"featured_media":0,"parent":3623,"menu_order":0,"comment_status":"closed","ping_status":"open","template":"","meta":{"_acf_changed":false,"footnotes":""},"class_list":["post-3624","page","type-page","status-publish","hentry"],"acf":[],"_links":{"self":[{"href":"https:\/\/greenlandseafood.eu\/fr\/wp-json\/wp\/v2\/pages\/3624","targetHints":{"allow":["GET"]}}],"collection":[{"href":"https:\/\/greenlandseafood.eu\/fr\/wp-json\/wp\/v2\/pages"}],"about":[{"href":"https:\/\/greenlandseafood.eu\/fr\/wp-json\/wp\/v2\/types\/page"}],"author":[{"embeddable":true,"href":"https:\/\/greenlandseafood.eu\/fr\/wp-json\/wp\/v2\/users\/7"}],"replies":[{"embeddable":true,"href":"https:\/\/greenlandseafood.eu\/fr\/wp-json\/wp\/v2\/comments?post=3624"}],"version-history":[{"count":0,"href":"https:\/\/greenlandseafood.eu\/fr\/wp-json\/wp\/v2\/pages\/3624\/revisions"}],"up":[{"embeddable":true,"href":"https:\/\/greenlandseafood.eu\/fr\/wp-json\/wp\/v2\/pages\/3623"}],"wp:attachment":[{"href":"https:\/\/greenlandseafood.eu\/fr\/wp-json\/wp\/v2\/media?parent=3624"}],"curies":[{"name":"wp","href":"https:\/\/api.w.org\/{rel}","templated":true}]}}