{"id":3626,"date":"2014-10-10T19:26:21","date_gmt":"2014-10-10T17:26:21","guid":{"rendered":"https:\/\/dev.greenlandseafood.eu\/?page_id=3626"},"modified":"2020-04-28T10:39:56","modified_gmt":"2020-04-28T08:39:56","slug":"le-cabillaud","status":"publish","type":"page","link":"https:\/\/greenlandseafood.eu\/fr\/matiere-premiere\/le-cabillaud\/","title":{"rendered":"Le cabillaud"},"content":{"rendered":"<div  class='flex_column av-58xzmi-0d56922f099e1ca4363cb6f5802ac0cb av_one_half  avia-builder-el-0  el_before_av_one_half  avia-builder-el-first  first flex_column_div  '     ><div  class='avia-slideshow av-k9jnp42g-2c3f570958bba2b1c5a6cb7b191051d5 avia-slideshow-featured av_slideshow avia-slide-slider  avia-builder-el-1  avia-builder-el-no-sibling  av-slideshow-ui av-control-default av-slideshow-manual av-loop-once av-loop-manual-endless av-default-height-applied avia-slideshow-1' data-slideshow-options=\"{&quot;animation&quot;:&quot;slide&quot;,&quot;autoplay&quot;:false,&quot;loop_autoplay&quot;:&quot;once&quot;,&quot;interval&quot;:5,&quot;loop_manual&quot;:&quot;manual-endless&quot;,&quot;autoplay_stopper&quot;:false,&quot;noNavigation&quot;:false,&quot;bg_slider&quot;:false,&quot;keep_padding&quot;:false,&quot;hoverpause&quot;:false,&quot;show_slide_delay&quot;:0}\"  itemprop=\"image\" itemscope=\"itemscope\" itemtype=\"https:\/\/schema.org\/ImageObject\" ><ul class='avia-slideshow-inner ' style='padding-bottom: 34.059945504087%;'><li  class='avia-slideshow-slide av-k9jnp42g-2c3f570958bba2b1c5a6cb7b191051d5__0  av-single-slide slide-1 slide-odd'><div data-rel='slideshow-1' class='avia-slide-wrap '   ><img decoding=\"async\" fetchpriority=\"high\" class=\"wp-image-9892 avia-img-lazy-loading-not-9892\"  src=\"https:\/\/greenlandseafood.eu\/wp-content\/uploads\/2020\/02\/pacific-atlantic-cod.png\" width=\"367\" height=\"125\" title='' alt=''  itemprop=\"thumbnailUrl\" srcset=\"https:\/\/greenlandseafood.eu\/wp-content\/uploads\/2020\/02\/pacific-atlantic-cod.png 367w, https:\/\/greenlandseafood.eu\/wp-content\/uploads\/2020\/02\/pacific-atlantic-cod-300x102.png 300w\" sizes=\"(max-width: 367px) 100vw, 367px\" \/><\/div><\/li><\/ul><\/div><\/div>\n\n<style type=\"text\/css\" data-created_by=\"avia_inline_auto\" id=\"style-css-av-agg6i-f2b11fd1db65c5ee2e3e624b9512faec\">\n.flex_column.av-agg6i-f2b11fd1db65c5ee2e3e624b9512faec{\nborder-radius:0px 0px 0px 0px;\npadding:0px 0px 0px 0px;\n}\n<\/style>\n<div  class='flex_column av-agg6i-f2b11fd1db65c5ee2e3e624b9512faec av_one_half  avia-builder-el-2  el_after_av_one_half  avia-builder-el-last  flex_column_div av-zero-column-padding  '     ><section  class='av_textblock_section av-k9jnotp3-f5a3f84e04e70b53602b0cea019fa885 '   itemscope=\"itemscope\" itemtype=\"https:\/\/schema.org\/CreativeWork\" ><div class='avia_textblock'  itemprop=\"text\" ><h1><span style=\"font-size: 18pt;\">Le cabillaud<\/span><\/h1>\n<p><span style=\"font-size: 10pt;\"><strong>Lieu de p\u00eache:<\/strong><\/span><br \/>\n<span style=\"font-size: 10pt;\"> Cabillaud de l\u2019Atlantique<em> (Gadus morhua)<\/em><\/span><br \/>\n<span style=\"font-size: 10pt;\"> Atlantique Nord-Ouest FAO 21 et Atlantique Nord-Est FAO 27<\/span><br \/>\n<span style=\"font-size: 10pt;\"> Cabillaud du Pacifique <em>(Gadus macrocephalus)<\/em><\/span><br \/>\n<span style=\"font-size: 10pt;\"> Pacifique Nord-Ouest FAO 61 et Pacifique Nord-Est FAO 67<\/span><\/p>\n<p><span style=\"font-size: 10pt;\"><strong>Type de p\u00eache:<\/strong><\/span><br \/>\n<span style=\"font-size: 10pt;\"> Chalut semi-p\u00e9lagique, casiers, palangre<\/span><\/p>\n<p><span style=\"font-size: 10pt;\">C\u2019est le poisson type de la famille des Gadid\u00e9s. Pour se nourrir, le cabillaud va pr\u00e9f\u00e9rer les eaux froides, alors que pour sa reproduction il ira plut\u00f4t vers des eaux plus chaudes. C\u2019est un poisson qui peut atteindre 2 m, peser 96 kg et vivre jusqu\u2019\u00e0 25 ans.<\/span><\/p>\n<p><span style=\"font-size: 10pt;\">Sa chair a une qualit\u00e9 qui le rend incomparable, tr\u00e8s blanche de couleur, avec un rendu en bouche frais et moelleux.<\/span><\/p>\n<\/div><\/section><\/div>\n","protected":false},"excerpt":{"rendered":"","protected":false},"author":7,"featured_media":0,"parent":3623,"menu_order":0,"comment_status":"closed","ping_status":"open","template":"","meta":{"_acf_changed":false,"footnotes":""},"class_list":["post-3626","page","type-page","status-publish","hentry"],"acf":[],"_links":{"self":[{"href":"https:\/\/greenlandseafood.eu\/fr\/wp-json\/wp\/v2\/pages\/3626","targetHints":{"allow":["GET"]}}],"collection":[{"href":"https:\/\/greenlandseafood.eu\/fr\/wp-json\/wp\/v2\/pages"}],"about":[{"href":"https:\/\/greenlandseafood.eu\/fr\/wp-json\/wp\/v2\/types\/page"}],"author":[{"embeddable":true,"href":"https:\/\/greenlandseafood.eu\/fr\/wp-json\/wp\/v2\/users\/7"}],"replies":[{"embeddable":true,"href":"https:\/\/greenlandseafood.eu\/fr\/wp-json\/wp\/v2\/comments?post=3626"}],"version-history":[{"count":0,"href":"https:\/\/greenlandseafood.eu\/fr\/wp-json\/wp\/v2\/pages\/3626\/revisions"}],"up":[{"embeddable":true,"href":"https:\/\/greenlandseafood.eu\/fr\/wp-json\/wp\/v2\/pages\/3623"}],"wp:attachment":[{"href":"https:\/\/greenlandseafood.eu\/fr\/wp-json\/wp\/v2\/media?parent=3626"}],"curies":[{"name":"wp","href":"https:\/\/api.w.org\/{rel}","templated":true}]}}