{"id":3628,"date":"2014-10-10T19:26:55","date_gmt":"2014-10-10T17:26:55","guid":{"rendered":"https:\/\/dev.greenlandseafood.eu\/?page_id=3628"},"modified":"2020-04-28T10:39:14","modified_gmt":"2020-04-28T08:39:14","slug":"le-merlu","status":"publish","type":"page","link":"https:\/\/greenlandseafood.eu\/fr\/matiere-premiere\/le-merlu\/","title":{"rendered":"Le merlu"},"content":{"rendered":"<div  class='flex_column av-5knddo-ab223b62ed8de454bb024305b680208d av_one_half  avia-builder-el-0  el_before_av_one_half  avia-builder-el-first  first flex_column_div  '     ><div  class='avia-slideshow av-k9jnm3gl-6f4e33388bcfd5f1d6c1f8ccc21b92ff avia-slideshow-featured av_slideshow avia-slide-slider  avia-builder-el-1  avia-builder-el-no-sibling  av-slideshow-ui av-control-default av-slideshow-manual av-loop-once av-loop-manual-endless av-default-height-applied avia-slideshow-1' data-slideshow-options=\"{&quot;animation&quot;:&quot;slide&quot;,&quot;autoplay&quot;:false,&quot;loop_autoplay&quot;:&quot;once&quot;,&quot;interval&quot;:5,&quot;loop_manual&quot;:&quot;manual-endless&quot;,&quot;autoplay_stopper&quot;:false,&quot;noNavigation&quot;:false,&quot;bg_slider&quot;:false,&quot;keep_padding&quot;:false,&quot;hoverpause&quot;:false,&quot;show_slide_delay&quot;:0}\"  itemprop=\"image\" itemscope=\"itemscope\" itemtype=\"https:\/\/schema.org\/ImageObject\" ><ul class='avia-slideshow-inner ' style='padding-bottom: 32.850241545894%;'><li  class='avia-slideshow-slide av-k9jnm3gl-6f4e33388bcfd5f1d6c1f8ccc21b92ff__0  av-single-slide slide-1 slide-odd'><div data-rel='slideshow-1' class='avia-slide-wrap '   ><img decoding=\"async\" fetchpriority=\"high\" class=\"wp-image-9890 avia-img-lazy-loading-not-9890\"  src=\"https:\/\/greenlandseafood.eu\/wp-content\/uploads\/2020\/02\/hake.png\" width=\"414\" height=\"136\" title='' alt=''  itemprop=\"thumbnailUrl\" srcset=\"https:\/\/greenlandseafood.eu\/wp-content\/uploads\/2020\/02\/hake.png 414w, https:\/\/greenlandseafood.eu\/wp-content\/uploads\/2020\/02\/hake-300x99.png 300w\" sizes=\"(max-width: 414px) 100vw, 414px\" \/><\/div><\/li><\/ul><\/div><\/div>\n\n<style type=\"text\/css\" data-created_by=\"avia_inline_auto\" id=\"style-css-av-329cbg-4368e7eb31d1310c3f601dff650b8d6d\">\n.flex_column.av-329cbg-4368e7eb31d1310c3f601dff650b8d6d{\nborder-radius:0px 0px 0px 0px;\npadding:0px 0px 0px 0px;\n}\n<\/style>\n<div  class='flex_column av-329cbg-4368e7eb31d1310c3f601dff650b8d6d av_one_half  avia-builder-el-2  el_after_av_one_half  avia-builder-el-last  flex_column_div av-zero-column-padding  '     ><section  class='av_textblock_section av-k9jnjhcg-8859017cd82114938ab6cb3deb719558 '   itemscope=\"itemscope\" itemtype=\"https:\/\/schema.org\/CreativeWork\" ><div class='avia_textblock'  itemprop=\"text\" ><h1><span style=\"font-size: 18pt;\">Le merlu<\/span><\/h1>\n<p><strong><span style=\"font-size: 10pt;\">Lieu de p\u00eache:<\/span><\/strong><br \/>\n<span style=\"font-size: 10pt;\"> Merlu du Chili\/Merlu du P\u00e9rou\u00a0<em>(Merluccius gayi)<\/em><\/span><br \/>\n<span style=\"font-size: 10pt;\"> Pacifique Sud-Est FAO 87<\/span><br \/>\n<span style=\"font-size: 10pt;\"> Merlu du Pacifique <em>(Merluccius productus)<\/em><\/span><br \/>\n<span style=\"font-size: 10pt;\"> Pacifique Nord-Est FAO 67<\/span><br \/>\n<span style=\"font-size: 10pt;\"> Merlu blanc du Cap <em>(Merluccius capensis)<\/em><\/span><br \/>\n<span style=\"font-size: 10pt;\"> Atlantique Sud-Est FAO 47<\/span><br \/>\n<span style=\"font-size: 10pt;\"> Merlu d\u2019Argentine <em>(Merluccius hubbsi)<\/em><\/span><br \/>\n<span style=\"font-size: 10pt;\"> Atlantique Sud-Ouest FAO 41<\/span><\/p>\n<p><strong><span style=\"font-size: 10pt;\">Type de p\u00eache:<\/span><\/strong><br \/>\n<span style=\"font-size: 10pt;\"> Chalut semi-p\u00e9lagique, palangre<\/span><\/p>\n<p><span style=\"font-size: 10pt;\">Le merlu fait partie de la famille des Gadid\u00e9s. Depuis ces derni\u00e8res ann\u00e9es son essor \u00e9conomique s\u2019est accru en Europe, en particulier pour la pr\u00e9paration de produits \u00e9labor\u00e9s. <\/span><\/p>\n<p><span style=\"font-size: 10pt;\">En Europe m\u00e9ridionale le merlu est appr\u00e9ci\u00e9 des amateurs de poissons depuis de nombreuses ann\u00e9es. Le merlu est un poisson d\u00e9licieux, dit maigre, avec un corps gris argent\u00e9. Il peut atteindre une taille de 1,3 m.<\/span><\/p>\n<\/div><\/section><\/div>\n","protected":false},"excerpt":{"rendered":"","protected":false},"author":7,"featured_media":0,"parent":3623,"menu_order":0,"comment_status":"closed","ping_status":"open","template":"","meta":{"_acf_changed":false,"footnotes":""},"class_list":["post-3628","page","type-page","status-publish","hentry"],"acf":[],"_links":{"self":[{"href":"https:\/\/greenlandseafood.eu\/fr\/wp-json\/wp\/v2\/pages\/3628","targetHints":{"allow":["GET"]}}],"collection":[{"href":"https:\/\/greenlandseafood.eu\/fr\/wp-json\/wp\/v2\/pages"}],"about":[{"href":"https:\/\/greenlandseafood.eu\/fr\/wp-json\/wp\/v2\/types\/page"}],"author":[{"embeddable":true,"href":"https:\/\/greenlandseafood.eu\/fr\/wp-json\/wp\/v2\/users\/7"}],"replies":[{"embeddable":true,"href":"https:\/\/greenlandseafood.eu\/fr\/wp-json\/wp\/v2\/comments?post=3628"}],"version-history":[{"count":0,"href":"https:\/\/greenlandseafood.eu\/fr\/wp-json\/wp\/v2\/pages\/3628\/revisions"}],"up":[{"embeddable":true,"href":"https:\/\/greenlandseafood.eu\/fr\/wp-json\/wp\/v2\/pages\/3623"}],"wp:attachment":[{"href":"https:\/\/greenlandseafood.eu\/fr\/wp-json\/wp\/v2\/media?parent=3628"}],"curies":[{"name":"wp","href":"https:\/\/api.w.org\/{rel}","templated":true}]}}