{"id":3632,"date":"2014-10-10T19:28:53","date_gmt":"2014-10-10T17:28:53","guid":{"rendered":"https:\/\/dev.greenlandseafood.eu\/?page_id=3632"},"modified":"2024-02-01T13:47:56","modified_gmt":"2024-02-01T12:47:56","slug":"nos-produits-de-tous-les-jours","status":"publish","type":"page","link":"https:\/\/greenlandseafood.eu\/fr\/nos-produits-de-tous-les-jours\/","title":{"rendered":"NOS PRODUITS DE TOUS LES JOURS"},"content":{"rendered":"<div  class='flex_column av-269hl1-35954a51de490faa760a40b7f98afdc4 av_one_half  avia-builder-el-0  el_before_av_one_half  avia-builder-el-first  first flex_column_div  '     ><style type=\"text\/css\" data-created_by=\"avia_inline_auto\" id=\"style-css-av-k24nms2g-a514259e4e1ae192a995f82c4f5f3700\">\n#top .avia-gallery.av-k24nms2g-a514259e4e1ae192a995f82c4f5f3700 .avia-gallery-thumb a{\nwidth:8.3333%;\n}\n<\/style>\n<div  class='avia-gallery av-k24nms2g-a514259e4e1ae192a995f82c4f5f3700 avia_animate_when_visible  avia-builder-el-1  avia-builder-el-no-sibling  deactivate_avia_lazyload av-slideshow-ui av-loop-manual-endless av-control-hidden av-navigate-arrows hover-effect av-control-hidden avia-gallery-animate avia-gallery-1'  itemprop=\"image\" itemscope=\"itemscope\" itemtype=\"https:\/\/schema.org\/ImageObject\" ><meta itemprop=\"contentURL\" content=\"https:\/\/greenlandseafood.eu\/fr\/nos-produits-de-tous-les-jours\/\"><a class='avia-gallery-big fakeLightbox lightbox avia-gallery-big-crop-thumb ' href=\"https:\/\/greenlandseafood.eu\/wp-content\/uploads\/2024\/02\/Fish-fingers-ketchup-style.jpg\" data-srcset=\"https:\/\/greenlandseafood.eu\/wp-content\/uploads\/2024\/02\/Fish-fingers-ketchup-style.jpg 534w, https:\/\/greenlandseafood.eu\/wp-content\/uploads\/2024\/02\/Fish-fingers-ketchup-style-200x300.jpg 200w, https:\/\/greenlandseafood.eu\/wp-content\/uploads\/2024\/02\/Fish-fingers-ketchup-style-471x705.jpg 471w\" data-sizes=\"(max-width: 534px) 100vw, 534px\"  data-onclick='1' title='Fish fingers ketchup style' ><span class='avia-gallery-big-inner'  itemprop=\"thumbnailUrl\" ><img decoding=\"async\" fetchpriority=\"high\" class=\"wp-image-15349 avia-img-lazy-loading-not-15349\"  width=\"534\" height=\"684\" src=\"https:\/\/greenlandseafood.eu\/wp-content\/uploads\/2024\/02\/Fish-fingers-ketchup-style-534x684.jpg\" title='Fish fingers ketchup style' alt='' \/><\/span><\/a><div class='avia-gallery-thumb'><a href=\"https:\/\/greenlandseafood.eu\/wp-content\/uploads\/2024\/02\/Fish-fingers-ketchup-style.jpg\" data-srcset=\"https:\/\/greenlandseafood.eu\/wp-content\/uploads\/2024\/02\/Fish-fingers-ketchup-style.jpg 534w, https:\/\/greenlandseafood.eu\/wp-content\/uploads\/2024\/02\/Fish-fingers-ketchup-style-200x300.jpg 200w, https:\/\/greenlandseafood.eu\/wp-content\/uploads\/2024\/02\/Fish-fingers-ketchup-style-471x705.jpg 471w\" data-sizes=\"(max-width: 534px) 100vw, 534px\" data-rel='gallery-1' data-prev-img='https:\/\/greenlandseafood.eu\/wp-content\/uploads\/2024\/02\/Fish-fingers-ketchup-style-534x684.jpg' class='first_thumb lightbox ' data-onclick='1' title='Fish fingers ketchup style'  itemprop=\"thumbnailUrl\"  ><img decoding=\"async\" fetchpriority=\"high\" class=\"wp-image-15349 avia-img-lazy-loading-not-15349\"   src=\"https:\/\/greenlandseafood.eu\/wp-content\/uploads\/2024\/02\/Fish-fingers-ketchup-style-495x400.jpg\" width=\"495\" height=\"400\"  title='Fish fingers ketchup style' alt='' srcset=\"https:\/\/greenlandseafood.eu\/wp-content\/uploads\/2024\/02\/Fish-fingers-ketchup-style-495x400.jpg 495w, https:\/\/greenlandseafood.eu\/wp-content\/uploads\/2024\/02\/Fish-fingers-ketchup-style-534x430.jpg 534w\" sizes=\"(max-width: 495px) 100vw, 495px\" \/><div class='big-prev-fake'><img decoding=\"async\" loading=\"lazy\" class=\"wp-image-15349 avia-img-lazy-loading-15349\"  width=\"534\" height=\"684\" src=\"https:\/\/greenlandseafood.eu\/wp-content\/uploads\/2024\/02\/Fish-fingers-ketchup-style-534x684.jpg\" title='Fish fingers ketchup style' alt='' \/><\/div><\/a><a href=\"https:\/\/greenlandseafood.eu\/wp-content\/uploads\/2024\/02\/Fish-fingers-rice-crispy.jpg\" data-srcset=\"https:\/\/greenlandseafood.eu\/wp-content\/uploads\/2024\/02\/Fish-fingers-rice-crispy.jpg 534w, https:\/\/greenlandseafood.eu\/wp-content\/uploads\/2024\/02\/Fish-fingers-rice-crispy-200x300.jpg 200w, https:\/\/greenlandseafood.eu\/wp-content\/uploads\/2024\/02\/Fish-fingers-rice-crispy-471x705.jpg 471w\" data-sizes=\"(max-width: 534px) 100vw, 534px\" data-rel='gallery-1' data-prev-img='https:\/\/greenlandseafood.eu\/wp-content\/uploads\/2024\/02\/Fish-fingers-rice-crispy-534x684.jpg' class='lightbox ' data-onclick='2' title='Fish fingers rice crispy'  itemprop=\"thumbnailUrl\"  ><img decoding=\"async\" fetchpriority=\"high\" class=\"wp-image-15353 avia-img-lazy-loading-not-15353\"   src=\"https:\/\/greenlandseafood.eu\/wp-content\/uploads\/2024\/02\/Fish-fingers-rice-crispy-495x400.jpg\" width=\"495\" height=\"400\"  title='Fish fingers rice crispy' alt='' srcset=\"https:\/\/greenlandseafood.eu\/wp-content\/uploads\/2024\/02\/Fish-fingers-rice-crispy-495x400.jpg 495w, https:\/\/greenlandseafood.eu\/wp-content\/uploads\/2024\/02\/Fish-fingers-rice-crispy-534x430.jpg 534w\" sizes=\"(max-width: 495px) 100vw, 495px\" \/><div class='big-prev-fake'><img decoding=\"async\" loading=\"lazy\" class=\"wp-image-15353 avia-img-lazy-loading-15353\"  width=\"534\" height=\"684\" src=\"https:\/\/greenlandseafood.eu\/wp-content\/uploads\/2024\/02\/Fish-fingers-rice-crispy-534x684.jpg\" title='Fish fingers rice crispy' alt='' \/><\/div><\/a><a href=\"https:\/\/greenlandseafood.eu\/wp-content\/uploads\/2024\/02\/Fish-fingers-whole-grain-.jpg\" data-srcset=\"https:\/\/greenlandseafood.eu\/wp-content\/uploads\/2024\/02\/Fish-fingers-whole-grain-.jpg 534w, https:\/\/greenlandseafood.eu\/wp-content\/uploads\/2024\/02\/Fish-fingers-whole-grain--200x300.jpg 200w, https:\/\/greenlandseafood.eu\/wp-content\/uploads\/2024\/02\/Fish-fingers-whole-grain--471x705.jpg 471w\" data-sizes=\"(max-width: 534px) 100vw, 534px\" data-rel='gallery-1' data-prev-img='https:\/\/greenlandseafood.eu\/wp-content\/uploads\/2024\/02\/Fish-fingers-whole-grain--534x684.jpg' class='lightbox ' data-onclick='3' title='Fish fingers whole grain'  itemprop=\"thumbnailUrl\"  ><img decoding=\"async\" fetchpriority=\"high\" class=\"wp-image-15357 avia-img-lazy-loading-not-15357\"   src=\"https:\/\/greenlandseafood.eu\/wp-content\/uploads\/2024\/02\/Fish-fingers-whole-grain--495x400.jpg\" width=\"495\" height=\"400\"  title='Fish fingers whole grain' alt='' srcset=\"https:\/\/greenlandseafood.eu\/wp-content\/uploads\/2024\/02\/Fish-fingers-whole-grain--495x400.jpg 495w, https:\/\/greenlandseafood.eu\/wp-content\/uploads\/2024\/02\/Fish-fingers-whole-grain--534x430.jpg 534w\" sizes=\"(max-width: 495px) 100vw, 495px\" \/><div class='big-prev-fake'><img decoding=\"async\" loading=\"lazy\" class=\"wp-image-15357 avia-img-lazy-loading-15357\"  width=\"534\" height=\"684\" src=\"https:\/\/greenlandseafood.eu\/wp-content\/uploads\/2024\/02\/Fish-fingers-whole-grain--534x684.jpg\" title='Fish fingers whole grain' alt='' \/><\/div><\/a><a href=\"https:\/\/greenlandseafood.eu\/wp-content\/uploads\/2024\/02\/Portion-fillet-in-batter-1.jpg\" data-srcset=\"https:\/\/greenlandseafood.eu\/wp-content\/uploads\/2024\/02\/Portion-fillet-in-batter-1.jpg 534w, https:\/\/greenlandseafood.eu\/wp-content\/uploads\/2024\/02\/Portion-fillet-in-batter-1-200x300.jpg 200w, https:\/\/greenlandseafood.eu\/wp-content\/uploads\/2024\/02\/Portion-fillet-in-batter-1-471x705.jpg 471w\" data-sizes=\"(max-width: 534px) 100vw, 534px\" data-rel='gallery-1' data-prev-img='https:\/\/greenlandseafood.eu\/wp-content\/uploads\/2024\/02\/Portion-fillet-in-batter-1-534x684.jpg' class='lightbox ' data-onclick='4' title='Portion fillet in batter'  itemprop=\"thumbnailUrl\"  ><img decoding=\"async\" fetchpriority=\"high\" class=\"wp-image-15361 avia-img-lazy-loading-not-15361\"   src=\"https:\/\/greenlandseafood.eu\/wp-content\/uploads\/2024\/02\/Portion-fillet-in-batter-1-495x400.jpg\" width=\"495\" height=\"400\"  title='Portion fillet in batter' alt='' srcset=\"https:\/\/greenlandseafood.eu\/wp-content\/uploads\/2024\/02\/Portion-fillet-in-batter-1-495x400.jpg 495w, https:\/\/greenlandseafood.eu\/wp-content\/uploads\/2024\/02\/Portion-fillet-in-batter-1-534x430.jpg 534w\" sizes=\"(max-width: 495px) 100vw, 495px\" \/><div class='big-prev-fake'><img decoding=\"async\" loading=\"lazy\" class=\"wp-image-15361 avia-img-lazy-loading-15361\"  width=\"534\" height=\"684\" src=\"https:\/\/greenlandseafood.eu\/wp-content\/uploads\/2024\/02\/Portion-fillet-in-batter-1-534x684.jpg\" title='Portion fillet in batter' alt='' \/><\/div><\/a><a href=\"https:\/\/greenlandseafood.eu\/wp-content\/uploads\/2024\/02\/Still_Backfischstaechen_004-662x1030-1.jpg\" data-srcset=\"https:\/\/greenlandseafood.eu\/wp-content\/uploads\/2024\/02\/Still_Backfischstaechen_004-662x1030-1.jpg 662w, https:\/\/greenlandseafood.eu\/wp-content\/uploads\/2024\/02\/Still_Backfischstaechen_004-662x1030-1-193x300.jpg 193w, https:\/\/greenlandseafood.eu\/wp-content\/uploads\/2024\/02\/Still_Backfischstaechen_004-662x1030-1-453x705.jpg 453w\" data-sizes=\"(max-width: 662px) 100vw, 662px\" data-rel='gallery-1' data-prev-img='https:\/\/greenlandseafood.eu\/wp-content\/uploads\/2024\/02\/Still_Backfischstaechen_004-662x1030-1-662x684.jpg' class='lightbox ' data-onclick='5' title='Still_Backfischstaechen_004-662x1030'  itemprop=\"thumbnailUrl\"  ><img decoding=\"async\" fetchpriority=\"high\" class=\"wp-image-15365 avia-img-lazy-loading-not-15365\"   src=\"https:\/\/greenlandseafood.eu\/wp-content\/uploads\/2024\/02\/Still_Backfischstaechen_004-662x1030-1-495x400.jpg\" width=\"495\" height=\"400\"  title='Still_Backfischstaechen_004-662x1030' alt='' \/><div class='big-prev-fake'><img decoding=\"async\" loading=\"lazy\" class=\"wp-image-15365 avia-img-lazy-loading-15365\"  width=\"662\" height=\"684\" src=\"https:\/\/greenlandseafood.eu\/wp-content\/uploads\/2024\/02\/Still_Backfischstaechen_004-662x1030-1-662x684.jpg\" title='Still_Backfischstaechen_004-662x1030' alt='' srcset=\"https:\/\/greenlandseafood.eu\/wp-content\/uploads\/2024\/02\/Still_Backfischstaechen_004-662x1030-1-662x684.jpg 662w, https:\/\/greenlandseafood.eu\/wp-content\/uploads\/2024\/02\/Still_Backfischstaechen_004-662x1030-1-36x36.jpg 36w\" sizes=\"auto, (max-width: 662px) 100vw, 662px\" \/><\/div><\/a><a href=\"https:\/\/greenlandseafood.eu\/wp-content\/uploads\/2024\/02\/Still_Fischburger_010-1.jpg\" data-srcset=\"https:\/\/greenlandseafood.eu\/wp-content\/uploads\/2024\/02\/Still_Fischburger_010-1.jpg 534w, https:\/\/greenlandseafood.eu\/wp-content\/uploads\/2024\/02\/Still_Fischburger_010-1-200x300.jpg 200w, https:\/\/greenlandseafood.eu\/wp-content\/uploads\/2024\/02\/Still_Fischburger_010-1-471x705.jpg 471w\" data-sizes=\"(max-width: 534px) 100vw, 534px\" data-rel='gallery-1' data-prev-img='https:\/\/greenlandseafood.eu\/wp-content\/uploads\/2024\/02\/Still_Fischburger_010-1-534x684.jpg' class='lightbox ' data-onclick='6' title='Still_Fischburger_010'  itemprop=\"thumbnailUrl\"  ><img decoding=\"async\" fetchpriority=\"high\" class=\"wp-image-15369 avia-img-lazy-loading-not-15369\"   src=\"https:\/\/greenlandseafood.eu\/wp-content\/uploads\/2024\/02\/Still_Fischburger_010-1-495x400.jpg\" width=\"495\" height=\"400\"  title='Still_Fischburger_010' alt='' srcset=\"https:\/\/greenlandseafood.eu\/wp-content\/uploads\/2024\/02\/Still_Fischburger_010-1-495x400.jpg 495w, https:\/\/greenlandseafood.eu\/wp-content\/uploads\/2024\/02\/Still_Fischburger_010-1-534x430.jpg 534w\" sizes=\"(max-width: 495px) 100vw, 495px\" \/><div class='big-prev-fake'><img decoding=\"async\" loading=\"lazy\" class=\"wp-image-15369 avia-img-lazy-loading-15369\"  width=\"534\" height=\"684\" src=\"https:\/\/greenlandseafood.eu\/wp-content\/uploads\/2024\/02\/Still_Fischburger_010-1-534x684.jpg\" title='Still_Fischburger_010' alt='' \/><\/div><\/a><a href=\"https:\/\/greenlandseafood.eu\/wp-content\/uploads\/2024\/02\/Still_Fischstaebchen_006-2.jpg\" data-srcset=\"https:\/\/greenlandseafood.eu\/wp-content\/uploads\/2024\/02\/Still_Fischstaebchen_006-2.jpg 534w, https:\/\/greenlandseafood.eu\/wp-content\/uploads\/2024\/02\/Still_Fischstaebchen_006-2-200x300.jpg 200w, https:\/\/greenlandseafood.eu\/wp-content\/uploads\/2024\/02\/Still_Fischstaebchen_006-2-471x705.jpg 471w\" data-sizes=\"(max-width: 534px) 100vw, 534px\" data-rel='gallery-1' data-prev-img='https:\/\/greenlandseafood.eu\/wp-content\/uploads\/2024\/02\/Still_Fischstaebchen_006-2-534x684.jpg' class='lightbox ' data-onclick='7' title='Still_Fischstaebchen_006'  itemprop=\"thumbnailUrl\"  ><img decoding=\"async\" fetchpriority=\"high\" class=\"wp-image-15373 avia-img-lazy-loading-not-15373\"   src=\"https:\/\/greenlandseafood.eu\/wp-content\/uploads\/2024\/02\/Still_Fischstaebchen_006-2-495x400.jpg\" width=\"495\" height=\"400\"  title='Still_Fischstaebchen_006' alt='' srcset=\"https:\/\/greenlandseafood.eu\/wp-content\/uploads\/2024\/02\/Still_Fischstaebchen_006-2-495x400.jpg 495w, https:\/\/greenlandseafood.eu\/wp-content\/uploads\/2024\/02\/Still_Fischstaebchen_006-2-534x430.jpg 534w\" sizes=\"(max-width: 495px) 100vw, 495px\" \/><div class='big-prev-fake'><img decoding=\"async\" loading=\"lazy\" class=\"wp-image-15373 avia-img-lazy-loading-15373\"  width=\"534\" height=\"684\" src=\"https:\/\/greenlandseafood.eu\/wp-content\/uploads\/2024\/02\/Still_Fischstaebchen_006-2-534x684.jpg\" title='Still_Fischstaebchen_006' alt='' \/><\/div><\/a><a href=\"https:\/\/greenlandseafood.eu\/wp-content\/uploads\/2024\/02\/Still_Pofi_Bretzel_010.jpg\" data-srcset=\"https:\/\/greenlandseafood.eu\/wp-content\/uploads\/2024\/02\/Still_Pofi_Bretzel_010.jpg 600w, https:\/\/greenlandseafood.eu\/wp-content\/uploads\/2024\/02\/Still_Pofi_Bretzel_010-225x300.jpg 225w, https:\/\/greenlandseafood.eu\/wp-content\/uploads\/2024\/02\/Still_Pofi_Bretzel_010-529x705.jpg 529w\" data-sizes=\"(max-width: 600px) 100vw, 600px\" data-rel='gallery-1' data-prev-img='https:\/\/greenlandseafood.eu\/wp-content\/uploads\/2024\/02\/Still_Pofi_Bretzel_010-600x684.jpg' class='lightbox ' data-onclick='8' title='Still_Pofi_Bretzel_010'  itemprop=\"thumbnailUrl\"  ><img decoding=\"async\" fetchpriority=\"high\" class=\"wp-image-15377 avia-img-lazy-loading-not-15377\"   src=\"https:\/\/greenlandseafood.eu\/wp-content\/uploads\/2024\/02\/Still_Pofi_Bretzel_010-495x400.jpg\" width=\"495\" height=\"400\"  title='Still_Pofi_Bretzel_010' alt='' \/><div class='big-prev-fake'><img decoding=\"async\" loading=\"lazy\" class=\"wp-image-15377 avia-img-lazy-loading-15377\"  width=\"600\" height=\"684\" src=\"https:\/\/greenlandseafood.eu\/wp-content\/uploads\/2024\/02\/Still_Pofi_Bretzel_010-600x684.jpg\" title='Still_Pofi_Bretzel_010' alt='' \/><\/div><\/a><a href=\"https:\/\/greenlandseafood.eu\/wp-content\/uploads\/2024\/02\/Still_Pofi_Gluten_012-773x1030-1.jpg\" data-srcset=\"https:\/\/greenlandseafood.eu\/wp-content\/uploads\/2024\/02\/Still_Pofi_Gluten_012-773x1030-1.jpg 773w, https:\/\/greenlandseafood.eu\/wp-content\/uploads\/2024\/02\/Still_Pofi_Gluten_012-773x1030-1-225x300.jpg 225w, https:\/\/greenlandseafood.eu\/wp-content\/uploads\/2024\/02\/Still_Pofi_Gluten_012-773x1030-1-768x1023.jpg 768w, https:\/\/greenlandseafood.eu\/wp-content\/uploads\/2024\/02\/Still_Pofi_Gluten_012-773x1030-1-529x705.jpg 529w\" data-sizes=\"(max-width: 773px) 100vw, 773px\" data-rel='gallery-1' data-prev-img='https:\/\/greenlandseafood.eu\/wp-content\/uploads\/2024\/02\/Still_Pofi_Gluten_012-773x1030-1-773x684.jpg' class='lightbox ' data-onclick='9' title='Still_Pofi_Gluten_012'  itemprop=\"thumbnailUrl\"  ><img decoding=\"async\" fetchpriority=\"high\" class=\"wp-image-15381 avia-img-lazy-loading-not-15381\"   src=\"https:\/\/greenlandseafood.eu\/wp-content\/uploads\/2024\/02\/Still_Pofi_Gluten_012-773x1030-1-495x400.jpg\" width=\"495\" height=\"400\"  title='Still_Pofi_Gluten_012' alt='' \/><div class='big-prev-fake'><img decoding=\"async\" loading=\"lazy\" class=\"wp-image-15381 avia-img-lazy-loading-15381\"  width=\"773\" height=\"684\" src=\"https:\/\/greenlandseafood.eu\/wp-content\/uploads\/2024\/02\/Still_Pofi_Gluten_012-773x1030-1-773x684.jpg\" title='Still_Pofi_Gluten_012' alt='' \/><\/div><\/a><a href=\"https:\/\/greenlandseafood.eu\/wp-content\/uploads\/2024\/02\/Still_Pofi_Sweet_Chili_008.jpg\" data-srcset=\"https:\/\/greenlandseafood.eu\/wp-content\/uploads\/2024\/02\/Still_Pofi_Sweet_Chili_008.jpg 600w, https:\/\/greenlandseafood.eu\/wp-content\/uploads\/2024\/02\/Still_Pofi_Sweet_Chili_008-225x300.jpg 225w, https:\/\/greenlandseafood.eu\/wp-content\/uploads\/2024\/02\/Still_Pofi_Sweet_Chili_008-529x705.jpg 529w\" data-sizes=\"(max-width: 600px) 100vw, 600px\" data-rel='gallery-1' data-prev-img='https:\/\/greenlandseafood.eu\/wp-content\/uploads\/2024\/02\/Still_Pofi_Sweet_Chili_008-600x684.jpg' class='lightbox ' data-onclick='10' title='Still_Pofi_Sweet_Chili_008'  itemprop=\"thumbnailUrl\"  ><img decoding=\"async\" fetchpriority=\"high\" class=\"wp-image-15385 avia-img-lazy-loading-not-15385\"   src=\"https:\/\/greenlandseafood.eu\/wp-content\/uploads\/2024\/02\/Still_Pofi_Sweet_Chili_008-495x400.jpg\" width=\"495\" height=\"400\"  title='Still_Pofi_Sweet_Chili_008' alt='' \/><div class='big-prev-fake'><img decoding=\"async\" loading=\"lazy\" class=\"wp-image-15385 avia-img-lazy-loading-15385\"  width=\"600\" height=\"684\" src=\"https:\/\/greenlandseafood.eu\/wp-content\/uploads\/2024\/02\/Still_Pofi_Sweet_Chili_008-600x684.jpg\" title='Still_Pofi_Sweet_Chili_008' alt='' \/><\/div><\/a><a href=\"https:\/\/greenlandseafood.eu\/wp-content\/uploads\/2024\/02\/Still_Portionsfilet_150g_007.jpg\" data-srcset=\"https:\/\/greenlandseafood.eu\/wp-content\/uploads\/2024\/02\/Still_Portionsfilet_150g_007.jpg 534w, https:\/\/greenlandseafood.eu\/wp-content\/uploads\/2024\/02\/Still_Portionsfilet_150g_007-200x300.jpg 200w, https:\/\/greenlandseafood.eu\/wp-content\/uploads\/2024\/02\/Still_Portionsfilet_150g_007-471x705.jpg 471w\" data-sizes=\"(max-width: 534px) 100vw, 534px\" data-rel='gallery-1' data-prev-img='https:\/\/greenlandseafood.eu\/wp-content\/uploads\/2024\/02\/Still_Portionsfilet_150g_007-534x684.jpg' class='lightbox ' data-onclick='11' title='Still_Portionsfilet_150g_007'  itemprop=\"thumbnailUrl\"  ><img decoding=\"async\" fetchpriority=\"high\" class=\"wp-image-15389 avia-img-lazy-loading-not-15389\"   src=\"https:\/\/greenlandseafood.eu\/wp-content\/uploads\/2024\/02\/Still_Portionsfilet_150g_007-495x400.jpg\" width=\"495\" height=\"400\"  title='Still_Portionsfilet_150g_007' alt='' srcset=\"https:\/\/greenlandseafood.eu\/wp-content\/uploads\/2024\/02\/Still_Portionsfilet_150g_007-495x400.jpg 495w, https:\/\/greenlandseafood.eu\/wp-content\/uploads\/2024\/02\/Still_Portionsfilet_150g_007-534x430.jpg 534w\" sizes=\"(max-width: 495px) 100vw, 495px\" \/><div class='big-prev-fake'><img decoding=\"async\" loading=\"lazy\" class=\"wp-image-15389 avia-img-lazy-loading-15389\"  width=\"534\" height=\"684\" src=\"https:\/\/greenlandseafood.eu\/wp-content\/uploads\/2024\/02\/Still_Portionsfilet_150g_007-534x684.jpg\" title='Still_Portionsfilet_150g_007' alt='' \/><\/div><\/a><a href=\"https:\/\/greenlandseafood.eu\/wp-content\/uploads\/2024\/02\/Still_Tafeln_012_retusche.jpg\" data-srcset=\"https:\/\/greenlandseafood.eu\/wp-content\/uploads\/2024\/02\/Still_Tafeln_012_retusche.jpg 600w, https:\/\/greenlandseafood.eu\/wp-content\/uploads\/2024\/02\/Still_Tafeln_012_retusche-225x300.jpg 225w, https:\/\/greenlandseafood.eu\/wp-content\/uploads\/2024\/02\/Still_Tafeln_012_retusche-529x705.jpg 529w\" data-sizes=\"(max-width: 600px) 100vw, 600px\" data-rel='gallery-1' data-prev-img='https:\/\/greenlandseafood.eu\/wp-content\/uploads\/2024\/02\/Still_Tafeln_012_retusche-600x684.jpg' class='lightbox ' data-onclick='12' title='Still_Tafeln_012_retusche'  itemprop=\"thumbnailUrl\"  ><img decoding=\"async\" fetchpriority=\"high\" class=\"wp-image-15393 avia-img-lazy-loading-not-15393\"   src=\"https:\/\/greenlandseafood.eu\/wp-content\/uploads\/2024\/02\/Still_Tafeln_012_retusche-495x400.jpg\" width=\"495\" height=\"400\"  title='Still_Tafeln_012_retusche' alt='' \/><div class='big-prev-fake'><img decoding=\"async\" loading=\"lazy\" class=\"wp-image-15393 avia-img-lazy-loading-15393\"  width=\"600\" height=\"684\" src=\"https:\/\/greenlandseafood.eu\/wp-content\/uploads\/2024\/02\/Still_Tafeln_012_retusche-600x684.jpg\" title='Still_Tafeln_012_retusche' alt='' \/><\/div><\/a><\/div><\/div><\/div><div  class='flex_column av-i4gs91-d6673ef508bd384d70908078a8f2aa64 av_one_half  avia-builder-el-2  el_after_av_one_half  avia-builder-el-last  flex_column_div  '     ><section  class='av_textblock_section av-ftxw39-cd60cd468ba3f6cea14216cd2be1afa6 '   itemscope=\"itemscope\" itemtype=\"https:\/\/schema.org\/CreativeWork\" ><div class='avia_textblock'  itemprop=\"text\" ><h1><span style=\"font-size: 18pt;\"><strong>Nos produits de tous les jours<\/strong><\/span><\/h1>\n<p><span style=\"font-size: 10pt;\">Un vrai d\u00e9lice! \u2013 Depuis des d\u00e9cennies, ces produits pan\u00e9s \u00e0 base de poisson trouvent un large succ\u00e8s dans les foyers et plus largement dans notre gastronomie europ\u00e9enne.<\/span><\/p>\n<p><span style=\"font-size: 10pt;\">Les portions uniformes sont d\u00e9coup\u00e9es dans des blocs de filet de poisson de haute qualit\u00e9 avant d&rsquo;\u00eatre enrob\u00e9s d\u2019une panure croustillante ou d\u2019une p\u00e2te \u00e0 beignet.<\/span><\/p>\n<\/div><\/section><br \/>\n\n<style type=\"text\/css\" data-created_by=\"avia_inline_auto\" id=\"style-css-av-k2k6t3an-ab2d6c78edea2dc7b7f9be286c54bb03\">\n#top .hr.av-k2k6t3an-ab2d6c78edea2dc7b7f9be286c54bb03{\nmargin-top:0,5px;\nmargin-bottom:0,5px;\n}\n.hr.av-k2k6t3an-ab2d6c78edea2dc7b7f9be286c54bb03 .hr-inner{\nwidth:50px;\n}\n<\/style>\n<div  class='hr av-k2k6t3an-ab2d6c78edea2dc7b7f9be286c54bb03 hr-custom  avia-builder-el-4  el_after_av_textblock  avia-builder-el-last  hr-center hr-icon-no'><span class='hr-inner inner-border-av-border-thin'><span class=\"hr-inner-style\"><\/span><\/span><\/div><\/p><\/div><\/p>\n","protected":false},"excerpt":{"rendered":"","protected":false},"author":7,"featured_media":0,"parent":0,"menu_order":0,"comment_status":"closed","ping_status":"open","template":"","meta":{"_acf_changed":false,"footnotes":""},"class_list":["post-3632","page","type-page","status-publish","hentry"],"acf":[],"_links":{"self":[{"href":"https:\/\/greenlandseafood.eu\/fr\/wp-json\/wp\/v2\/pages\/3632","targetHints":{"allow":["GET"]}}],"collection":[{"href":"https:\/\/greenlandseafood.eu\/fr\/wp-json\/wp\/v2\/pages"}],"about":[{"href":"https:\/\/greenlandseafood.eu\/fr\/wp-json\/wp\/v2\/types\/page"}],"author":[{"embeddable":true,"href":"https:\/\/greenlandseafood.eu\/fr\/wp-json\/wp\/v2\/users\/7"}],"replies":[{"embeddable":true,"href":"https:\/\/greenlandseafood.eu\/fr\/wp-json\/wp\/v2\/comments?post=3632"}],"version-history":[{"count":0,"href":"https:\/\/greenlandseafood.eu\/fr\/wp-json\/wp\/v2\/pages\/3632\/revisions"}],"wp:attachment":[{"href":"https:\/\/greenlandseafood.eu\/fr\/wp-json\/wp\/v2\/media?parent=3632"}],"curies":[{"name":"wp","href":"https:\/\/api.w.org\/{rel}","templated":true}]}}