{"id":3633,"date":"2014-10-10T19:29:16","date_gmt":"2014-10-10T17:29:16","guid":{"rendered":"https:\/\/dev.greenlandseafood.eu\/?page_id=3633"},"modified":"2015-12-02T13:24:55","modified_gmt":"2015-12-02T12:24:55","slug":"les-filets-de-poisson","status":"publish","type":"page","link":"https:\/\/greenlandseafood.eu\/fr\/les-filets-de-poisson\/","title":{"rendered":"Les filets de poisson"},"content":{"rendered":"<div  class='flex_column av-av_one_half-2a9015ff38129c418a3f2eafba3e9512 av_one_half  avia-builder-el-0  el_before_av_one_half  avia-builder-el-first  first flex_column_div  '     ><div  class='avia-slideshow av-av_slideshow-2211f66ec0ad5d5cd162a05448e36201 avia-slideshow-featured av_slideshow avia-slide-slider  avia-builder-el-1  avia-builder-el-no-sibling  av-slideshow-ui av-slideshow-manual av-loop-once av-loop-manual-endless av-default-height-applied avia-slideshow-1' data-slideshow-options=\"{&quot;animation&quot;:&quot;slide&quot;,&quot;autoplay&quot;:false,&quot;loop_autoplay&quot;:&quot;once&quot;,&quot;interval&quot;:5,&quot;loop_manual&quot;:&quot;manual-endless&quot;,&quot;autoplay_stopper&quot;:false,&quot;noNavigation&quot;:false,&quot;bg_slider&quot;:false,&quot;keep_padding&quot;:false,&quot;hoverpause&quot;:false,&quot;show_slide_delay&quot;:0}\"  itemprop=\"image\" itemscope=\"itemscope\" itemtype=\"https:\/\/schema.org\/ImageObject\" ><ul class='avia-slideshow-inner ' style='padding-bottom: 74.26597582038%;'><li  class='avia-slideshow-slide av-av_slideshow-2211f66ec0ad5d5cd162a05448e36201__0  av-single-slide slide-1 slide-odd'><div data-rel='slideshow-1' class='avia-slide-wrap '   ><img decoding=\"async\" fetchpriority=\"high\" class=\"wp-image-10544 avia-img-lazy-loading-not-10544\"  src=\"https:\/\/greenlandseafood.eu\/wp-content\/uploads\/2014\/04\/Greenland-Seafood-Naturfilet-579x430-579x430.jpg\" width=\"579\" height=\"430\" title='Greenland Seafood Naturfilet 579x430' alt=''  itemprop=\"thumbnailUrl\" srcset=\"https:\/\/greenlandseafood.eu\/wp-content\/uploads\/2014\/04\/Greenland-Seafood-Naturfilet-579x430.jpg 579w, https:\/\/greenlandseafood.eu\/wp-content\/uploads\/2014\/04\/Greenland-Seafood-Naturfilet-579x430-300x223.jpg 300w, https:\/\/greenlandseafood.eu\/wp-content\/uploads\/2014\/04\/Greenland-Seafood-Naturfilet-579x430-450x334.jpg 450w\" sizes=\"(max-width: 579px) 100vw, 579px\" \/><\/div><\/li><\/ul><\/div><\/div>\n<div  class='flex_column av-av_one_half-cae1f7b2f72c6a5cdf3719c4a548253a av_one_half  avia-builder-el-2  el_after_av_one_half  el_before_av_one_full  flex_column_div  '     ><section  class='av_textblock_section av-av_textblock-0366cc7376be6c9e82a3e9cc8987b64f '   itemscope=\"itemscope\" itemtype=\"https:\/\/schema.org\/CreativeWork\" ><div class='avia_textblock'  itemprop=\"text\" ><h3>Les filets de poisson<\/h3>\n<p>Notre gamme de produits comprend des filets issus de diff\u00e9rentes esp\u00e8ces de poissons. Nous vous proposons un large choix parmi les morceaux comme le filet entier avec ou sans peau, ou des d\u00e9coupes de filets comme les dos.<\/p>\n<p>A la demande du client, nous pouvons recouvrir individuellement nos filets d\u2019une fine couche de glace, afin de pr\u00e9server leur qualit\u00e9 gustative.<\/p>\n<\/div><\/section><\/div>\n<div  class='flex_column av-av_one_full-2a9015ff38129c418a3f2eafba3e9512 av_one_full  avia-builder-el-4  el_after_av_one_half  el_before_av_one_third  first flex_column_div  column-top-margin'     ><div  class='hr av-av_hr-d3021aff4e2c88ff75459fd6b3a45a12 hr-default  avia-builder-el-5  avia-builder-el-no-sibling '><span class='hr-inner '><span class=\"hr-inner-style\"><\/span><\/span><\/div><\/div>\n<div  class='flex_column av-av_one_third-2a9015ff38129c418a3f2eafba3e9512 av_one_third  avia-builder-el-6  el_after_av_one_full  el_before_av_one_third  first flex_column_div  column-top-margin'     ><div  class='avia-button-wrap av-av_button-bac05fce776d18f3c34aa797bb708bdd-wrap avia-button-left  avia-builder-el-7  avia-builder-el-no-sibling '>\n<style type=\"text\/css\" data-created_by=\"avia_inline_auto\" id=\"style-css-av-av_button-bac05fce776d18f3c34aa797bb708bdd\">\n#top #wrap_all .avia-button.av-av_button-bac05fce776d18f3c34aa797bb708bdd{\nbackground-color:#2d5c88;\nborder-color:#2d5c88;\ncolor:#ffffff;\ntransition:all 0.4s ease-in-out;\n}\n#top #wrap_all .avia-button.av-av_button-bac05fce776d18f3c34aa797bb708bdd .avia-svg-icon svg:first-child{\nfill:#ffffff;\nstroke:#ffffff;\n}\n<\/style>\n<a href='\/fr\/produits\/'  class='avia-button av-av_button-bac05fce776d18f3c34aa797bb708bdd av-link-btn avia-icon_select-yes-left-icon avia-size-small avia-position-left'   aria-label=\"Sommaire\"><span class='avia_button_icon avia_button_icon_left avia-iconfont avia-font-entypo-fontello' data-av_icon='\ue874' data-av_iconfont='entypo-fontello' ><\/span><span class='avia_iconbox_title' >Sommaire<\/span><\/a><\/div><\/div>\n<div  class='flex_column av-av_one_third-cae1f7b2f72c6a5cdf3719c4a548253a av_one_third  avia-builder-el-8  el_after_av_one_third  el_before_av_one_third  flex_column_div  column-top-margin'     ><\/div>\n<div  class='flex_column av-av_one_third-cae1f7b2f72c6a5cdf3719c4a548253a av_one_third  avia-builder-el-9  el_after_av_one_third  el_before_av_hr  flex_column_div  column-top-margin'     ><div  class='avia-button-wrap av-av_button-31b1d091008bbdc59c6741164030a361-wrap avia-button-left  avia-builder-el-10  avia-builder-el-no-sibling '>\n<style type=\"text\/css\" data-created_by=\"avia_inline_auto\" id=\"style-css-av-av_button-31b1d091008bbdc59c6741164030a361\">\n#top #wrap_all .avia-button.av-av_button-31b1d091008bbdc59c6741164030a361{\nbackground-color:#2d5c88;\nborder-color:#2d5c88;\ncolor:#ffffff;\ntransition:all 0.4s ease-in-out;\n}\n#top #wrap_all .avia-button.av-av_button-31b1d091008bbdc59c6741164030a361 .avia-svg-icon svg:first-child{\nfill:#ffffff;\nstroke:#ffffff;\n}\n<\/style>\n<a href='\/fr\/les-cubes-et-les-portions\/'  class='avia-button av-av_button-31b1d091008bbdc59c6741164030a361 av-link-btn avia-icon_select-yes-left-icon avia-size-small avia-position-left'   aria-label=\"Les cubes et les portions\"><span class='avia_button_icon avia_button_icon_left avia-iconfont avia-font-entypo-fontello' data-av_icon='\ue874' data-av_iconfont='entypo-fontello' ><\/span><span class='avia_iconbox_title' >Les cubes et les portions<\/span><\/a><\/div><\/div>\n<style type=\"text\/css\" data-created_by=\"avia_inline_auto\" id=\"style-css-av-av_hr-1a6546a5e1812810e33ec1c61207b283\">\n#top .hr.hr-invisible.av-av_hr-1a6546a5e1812810e33ec1c61207b283{\nheight:60px;\n}\n<\/style>\n<div  class='hr av-av_hr-1a6546a5e1812810e33ec1c61207b283 hr-invisible  avia-builder-el-11  el_after_av_one_third  avia-builder-el-last '><span class='hr-inner '><span class=\"hr-inner-style\"><\/span><\/span><\/div><\/p>\n","protected":false},"excerpt":{"rendered":"","protected":false},"author":7,"featured_media":0,"parent":0,"menu_order":0,"comment_status":"open","ping_status":"open","template":"","meta":{"_acf_changed":false,"footnotes":""},"class_list":["post-3633","page","type-page","status-publish","hentry"],"acf":[],"_links":{"self":[{"href":"https:\/\/greenlandseafood.eu\/fr\/wp-json\/wp\/v2\/pages\/3633","targetHints":{"allow":["GET"]}}],"collection":[{"href":"https:\/\/greenlandseafood.eu\/fr\/wp-json\/wp\/v2\/pages"}],"about":[{"href":"https:\/\/greenlandseafood.eu\/fr\/wp-json\/wp\/v2\/types\/page"}],"author":[{"embeddable":true,"href":"https:\/\/greenlandseafood.eu\/fr\/wp-json\/wp\/v2\/users\/7"}],"replies":[{"embeddable":true,"href":"https:\/\/greenlandseafood.eu\/fr\/wp-json\/wp\/v2\/comments?post=3633"}],"version-history":[{"count":0,"href":"https:\/\/greenlandseafood.eu\/fr\/wp-json\/wp\/v2\/pages\/3633\/revisions"}],"wp:attachment":[{"href":"https:\/\/greenlandseafood.eu\/fr\/wp-json\/wp\/v2\/media?parent=3633"}],"curies":[{"name":"wp","href":"https:\/\/api.w.org\/{rel}","templated":true}]}}