{"id":3636,"date":"2014-10-10T19:30:17","date_gmt":"2014-10-10T17:30:17","guid":{"rendered":"https:\/\/dev.greenlandseafood.eu\/?page_id=3636"},"modified":"2015-12-02T13:03:08","modified_gmt":"2015-12-02T12:03:08","slug":"panaden","status":"publish","type":"page","link":"https:\/\/greenlandseafood.eu\/fr\/panaden\/","title":{"rendered":"Panures"},"content":{"rendered":"<div  class='flex_column av-av_one_half-2a9015ff38129c418a3f2eafba3e9512 av_one_half  avia-builder-el-0  el_before_av_one_half  avia-builder-el-first  first flex_column_div  '     ><div  class='avia-slideshow av-av_slideshow-2211f66ec0ad5d5cd162a05448e36201 avia-slideshow-featured av_slideshow avia-slide-slider  avia-builder-el-1  avia-builder-el-no-sibling  av-slideshow-ui av-slideshow-manual av-loop-once av-loop-manual-endless av-default-height-applied avia-slideshow-1' data-slideshow-options=\"{&quot;animation&quot;:&quot;slide&quot;,&quot;autoplay&quot;:false,&quot;loop_autoplay&quot;:&quot;once&quot;,&quot;interval&quot;:5,&quot;loop_manual&quot;:&quot;manual-endless&quot;,&quot;autoplay_stopper&quot;:false,&quot;noNavigation&quot;:false,&quot;bg_slider&quot;:false,&quot;keep_padding&quot;:false,&quot;hoverpause&quot;:false,&quot;show_slide_delay&quot;:0}\"  itemprop=\"image\" itemscope=\"itemscope\" itemtype=\"https:\/\/schema.org\/ImageObject\" ><ul class='avia-slideshow-inner ' style='padding-bottom: 69.805194805195%;'><li  class='avia-slideshow-slide av-av_slideshow-2211f66ec0ad5d5cd162a05448e36201__0  av-single-slide slide-1 slide-odd'><div data-rel='slideshow-1' class='avia-slide-wrap '   ><img decoding=\"async\" fetchpriority=\"high\" class=\"wp-image-10548 avia-img-lazy-loading-not-10548\"  src=\"https:\/\/greenlandseafood.eu\/wp-content\/uploads\/2014\/07\/Greenland-Seafood-Cornflakes-Panade-616x430-616x430.jpg\" width=\"616\" height=\"430\" title='Greenland Seafood Cornflakes Panade 616x430' alt=''  itemprop=\"thumbnailUrl\" srcset=\"https:\/\/greenlandseafood.eu\/wp-content\/uploads\/2014\/07\/Greenland-Seafood-Cornflakes-Panade-616x430.jpg 616w, https:\/\/greenlandseafood.eu\/wp-content\/uploads\/2014\/07\/Greenland-Seafood-Cornflakes-Panade-616x430-300x209.jpg 300w, https:\/\/greenlandseafood.eu\/wp-content\/uploads\/2014\/07\/Greenland-Seafood-Cornflakes-Panade-616x430-450x314.jpg 450w\" sizes=\"(max-width: 616px) 100vw, 616px\" \/><\/div><\/li><\/ul><\/div><\/div>\n<div  class='flex_column av-av_one_half-cae1f7b2f72c6a5cdf3719c4a548253a av_one_half  avia-builder-el-2  el_after_av_one_half  el_before_av_hr  flex_column_div  '     ><section  class='av_textblock_section av-av_textblock-0366cc7376be6c9e82a3e9cc8987b64f '   itemscope=\"itemscope\" itemtype=\"https:\/\/schema.org\/CreativeWork\" ><div class='avia_textblock'  itemprop=\"text\" ><h3>Panure cornflakes<\/h3>\n<p>L\u2019utilisation de nouveaux ingr\u00e9dients comme les panures cornflakes offre de nouvelles exp\u00e9riences culinaires. En bouche, notre panure cornflakes est tr\u00e8s appr\u00e9ci\u00e9e pour sa texture \u00e0 la fois l\u00e9g\u00e8re et croustillante. Dans l\u2019assiette, cette panure donne au produit un aspect des plus app\u00e9tissants. Notre panure cornflakes vous est propos\u00e9e pr\u00e9-frite ou non pr\u00e9-frite.<\/p>\n<\/div><\/section><\/div>\n<div  class='hr av-av_hr-d3021aff4e2c88ff75459fd6b3a45a12 hr-default  avia-builder-el-4  el_after_av_one_half  el_before_av_one_half '><span class='hr-inner '><span class=\"hr-inner-style\"><\/span><\/span><\/div>\n<div  class='flex_column av-av_one_half-2a9015ff38129c418a3f2eafba3e9512 av_one_half  avia-builder-el-5  el_after_av_hr  el_before_av_one_half  first flex_column_div  '     ><section  class='av_textblock_section av-av_textblock-0366cc7376be6c9e82a3e9cc8987b64f '   itemscope=\"itemscope\" itemtype=\"https:\/\/schema.org\/CreativeWork\" ><div class='avia_textblock'  itemprop=\"text\" ><h3>Panure \u00e0 la pomme de terre<\/h3>\n<p>Nos ing\u00e9nieurs d\u00e9veloppement produits, forts de leur exp\u00e9rience, sont toujours \u00e0 la recherche de produits pratiques et rapides \u00e0 pr\u00e9parer, tout en leur conservant leurs qualit\u00e9s gustatives. A partir du classique lit de pommes de terre, nos ing\u00e9nieurs ont mis au point cette nouvelle panure \u00e0 la pomme de terre qui enrobe le poisson pour un croustillant tout en rondeur.<\/p>\n<p>Notre panure \u00e0 la pomme de terre vous est propos\u00e9e pr\u00e9-frite pour une cuisson en four traditionnel ou \u00e0 convection.<\/p>\n<\/div><\/section><\/div>\n<div  class='flex_column av-av_one_half-cae1f7b2f72c6a5cdf3719c4a548253a av_one_half  avia-builder-el-7  el_after_av_one_half  el_before_av_hr  flex_column_div  '     ><div  class='avia-slideshow av-av_slideshow-2211f66ec0ad5d5cd162a05448e36201 avia-slideshow-featured av_slideshow avia-slide-slider  avia-builder-el-8  avia-builder-el-no-sibling  av-slideshow-ui av-slideshow-manual av-loop-once av-loop-manual-endless av-default-height-applied avia-slideshow-2' data-slideshow-options=\"{&quot;animation&quot;:&quot;slide&quot;,&quot;autoplay&quot;:false,&quot;loop_autoplay&quot;:&quot;once&quot;,&quot;interval&quot;:5,&quot;loop_manual&quot;:&quot;manual-endless&quot;,&quot;autoplay_stopper&quot;:false,&quot;noNavigation&quot;:false,&quot;bg_slider&quot;:false,&quot;keep_padding&quot;:false,&quot;hoverpause&quot;:false,&quot;show_slide_delay&quot;:0}\"  itemprop=\"image\" itemscope=\"itemscope\" itemtype=\"https:\/\/schema.org\/ImageObject\" ><ul class='avia-slideshow-inner ' style='padding-bottom: 69.805194805195%;'><li  class='avia-slideshow-slide av-av_slideshow-2211f66ec0ad5d5cd162a05448e36201__0  av-single-slide slide-1 slide-odd'><div data-rel='slideshow-2' class='avia-slide-wrap '   ><img decoding=\"async\" fetchpriority=\"high\" class=\"wp-image-10548 avia-img-lazy-loading-not-10548\"  src=\"https:\/\/greenlandseafood.eu\/wp-content\/uploads\/2014\/07\/Greenland-Seafood-Cornflakes-Panade-616x430-616x430.jpg\" width=\"616\" height=\"430\" title='Greenland Seafood Cornflakes Panade 616x430' alt=''  itemprop=\"thumbnailUrl\" srcset=\"https:\/\/greenlandseafood.eu\/wp-content\/uploads\/2014\/07\/Greenland-Seafood-Cornflakes-Panade-616x430.jpg 616w, https:\/\/greenlandseafood.eu\/wp-content\/uploads\/2014\/07\/Greenland-Seafood-Cornflakes-Panade-616x430-300x209.jpg 300w, https:\/\/greenlandseafood.eu\/wp-content\/uploads\/2014\/07\/Greenland-Seafood-Cornflakes-Panade-616x430-450x314.jpg 450w\" sizes=\"(max-width: 616px) 100vw, 616px\" \/><\/div><\/li><\/ul><\/div><\/div><div  class='hr av-av_hr-d3021aff4e2c88ff75459fd6b3a45a12 hr-default  avia-builder-el-9  el_after_av_one_half  el_before_av_one_half '><span class='hr-inner '><span class=\"hr-inner-style\"><\/span><\/span><\/div><\/p>\n<div  class='flex_column av-av_one_half-2a9015ff38129c418a3f2eafba3e9512 av_one_half  avia-builder-el-10  el_after_av_hr  el_before_av_one_half  first flex_column_div  '     ><div  class='avia-slideshow av-av_slideshow-2211f66ec0ad5d5cd162a05448e36201 avia-slideshow-featured av_slideshow avia-slide-slider  avia-builder-el-11  avia-builder-el-no-sibling  av-slideshow-ui av-slideshow-manual av-loop-once av-loop-manual-endless av-default-height-applied avia-slideshow-3' data-slideshow-options=\"{&quot;animation&quot;:&quot;slide&quot;,&quot;autoplay&quot;:false,&quot;loop_autoplay&quot;:&quot;once&quot;,&quot;interval&quot;:5,&quot;loop_manual&quot;:&quot;manual-endless&quot;,&quot;autoplay_stopper&quot;:false,&quot;noNavigation&quot;:false,&quot;bg_slider&quot;:false,&quot;keep_padding&quot;:false,&quot;hoverpause&quot;:false,&quot;show_slide_delay&quot;:0}\"  itemprop=\"image\" itemscope=\"itemscope\" itemtype=\"https:\/\/schema.org\/ImageObject\" ><ul class='avia-slideshow-inner ' style='padding-bottom: 69.805194805195%;'><li  class='avia-slideshow-slide av-av_slideshow-2211f66ec0ad5d5cd162a05448e36201__0  av-single-slide slide-1 slide-odd'><div data-rel='slideshow-3' class='avia-slide-wrap '   ><img decoding=\"async\" fetchpriority=\"high\" class=\"wp-image-10548 avia-img-lazy-loading-not-10548\"  src=\"https:\/\/greenlandseafood.eu\/wp-content\/uploads\/2014\/07\/Greenland-Seafood-Cornflakes-Panade-616x430-616x430.jpg\" width=\"616\" height=\"430\" title='Greenland Seafood Cornflakes Panade 616x430' alt=''  itemprop=\"thumbnailUrl\" srcset=\"https:\/\/greenlandseafood.eu\/wp-content\/uploads\/2014\/07\/Greenland-Seafood-Cornflakes-Panade-616x430.jpg 616w, https:\/\/greenlandseafood.eu\/wp-content\/uploads\/2014\/07\/Greenland-Seafood-Cornflakes-Panade-616x430-300x209.jpg 300w, https:\/\/greenlandseafood.eu\/wp-content\/uploads\/2014\/07\/Greenland-Seafood-Cornflakes-Panade-616x430-450x314.jpg 450w\" sizes=\"(max-width: 616px) 100vw, 616px\" \/><\/div><\/li><\/ul><\/div><\/div><div  class='flex_column av-av_one_half-cae1f7b2f72c6a5cdf3719c4a548253a av_one_half  avia-builder-el-12  el_after_av_one_half  el_before_av_hr  flex_column_div  '     ><section  class='av_textblock_section av-av_textblock-0366cc7376be6c9e82a3e9cc8987b64f '   itemscope=\"itemscope\" itemtype=\"https:\/\/schema.org\/CreativeWork\" ><div class='avia_textblock'  itemprop=\"text\" ><h3>Panure fa\u00e7on Meuni\u00e8re<\/h3>\n<p>Cette recette est tr\u00e8s connue et largement utilis\u00e9e en gastronomie\u00a0; notre panure, fa\u00e7on Meuni\u00e8re, enrobe le poisson d\u2019une fine pellicule croustillante. Elle a un ar\u00f4me subtil de citron, traditionnellement relev\u00e9 de persil. Cette panure fa\u00e7on Meuni\u00e8re est applicable \u00e0 diff\u00e9rentes formes de produits allant des portions de filets aux b\u00e2tonnets de poissons, ou encore les b\u00e2tonnets taille XXL.<\/p>\n<p>Notre panure fa\u00e7on Meuni\u00e8re vous est propos\u00e9e \u00a0pr\u00e9-frite pour une cuisson en four traditionnel ou \u00e0 convection.<\/p>\n<\/div><\/section><\/div><\/p>\n<div  class='hr av-av_hr-b8048b58c60dcadf6acea02084eda13a hr-default  avia-builder-el-14  el_after_av_one_half  el_before_av_one_third '><span class='hr-inner '><span class=\"hr-inner-style\"><\/span><\/span><\/div>\n<div  class='flex_column av-av_one_third-2a9015ff38129c418a3f2eafba3e9512 av_one_third  avia-builder-el-15  el_after_av_hr  el_before_av_one_third  first flex_column_div  '     ><\/div>\n<div  class='flex_column av-av_one_third-cae1f7b2f72c6a5cdf3719c4a548253a av_one_third  avia-builder-el-16  el_after_av_one_third  el_before_av_hr  flex_column_div  '     ><\/div>\n\n<style type=\"text\/css\" data-created_by=\"avia_inline_auto\" id=\"style-css-av-av_hr-1a6546a5e1812810e33ec1c61207b283\">\n#top .hr.hr-invisible.av-av_hr-1a6546a5e1812810e33ec1c61207b283{\nheight:60px;\n}\n<\/style>\n<div  class='hr av-av_hr-1a6546a5e1812810e33ec1c61207b283 hr-invisible  avia-builder-el-17  el_after_av_one_third  avia-builder-el-last '><span class='hr-inner '><span class=\"hr-inner-style\"><\/span><\/span><\/div>\n","protected":false},"excerpt":{"rendered":"","protected":false},"author":7,"featured_media":0,"parent":0,"menu_order":0,"comment_status":"open","ping_status":"open","template":"","meta":{"_acf_changed":false,"footnotes":""},"class_list":["post-3636","page","type-page","status-publish","hentry"],"acf":[],"_links":{"self":[{"href":"https:\/\/greenlandseafood.eu\/fr\/wp-json\/wp\/v2\/pages\/3636","targetHints":{"allow":["GET"]}}],"collection":[{"href":"https:\/\/greenlandseafood.eu\/fr\/wp-json\/wp\/v2\/pages"}],"about":[{"href":"https:\/\/greenlandseafood.eu\/fr\/wp-json\/wp\/v2\/types\/page"}],"author":[{"embeddable":true,"href":"https:\/\/greenlandseafood.eu\/fr\/wp-json\/wp\/v2\/users\/7"}],"replies":[{"embeddable":true,"href":"https:\/\/greenlandseafood.eu\/fr\/wp-json\/wp\/v2\/comments?post=3636"}],"version-history":[{"count":0,"href":"https:\/\/greenlandseafood.eu\/fr\/wp-json\/wp\/v2\/pages\/3636\/revisions"}],"wp:attachment":[{"href":"https:\/\/greenlandseafood.eu\/fr\/wp-json\/wp\/v2\/media?parent=3636"}],"curies":[{"name":"wp","href":"https:\/\/api.w.org\/{rel}","templated":true}]}}