{"id":3637,"date":"2014-10-10T19:30:34","date_gmt":"2014-10-10T17:30:34","guid":{"rendered":"https:\/\/dev.greenlandseafood.eu\/?page_id=3637"},"modified":"2024-02-01T14:24:47","modified_gmt":"2024-02-01T13:24:47","slug":"nos-poissons-en-sauce","status":"publish","type":"page","link":"https:\/\/greenlandseafood.eu\/fr\/nos-poissons-en-sauce\/","title":{"rendered":"NOS POISSONS EN SAUCE"},"content":{"rendered":"<div  class='flex_column av-ntnm6m-b0c123463117d10a0379512b03c4cfd6 av_one_half  avia-builder-el-0  el_before_av_one_half  avia-builder-el-first  first flex_column_div  '     ><style type=\"text\/css\" data-created_by=\"avia_inline_auto\" id=\"style-css-av-k24u8o2h-b7ca6d43f616f347d6a377005ae5a7d2\">\n#top .avia-gallery.av-k24u8o2h-b7ca6d43f616f347d6a377005ae5a7d2 .avia-gallery-thumb a{\nwidth:20%;\n}\n<\/style>\n<div  class='avia-gallery av-k24u8o2h-b7ca6d43f616f347d6a377005ae5a7d2 avia_animate_when_visible  avia-builder-el-1  avia-builder-el-no-sibling  deactivate_avia_lazyload av-slideshow-ui av-loop-manual-endless av-control-hidden av-navigate-arrows hover-effect av-control-hidden avia-gallery-animate avia-gallery-1'  itemprop=\"image\" itemscope=\"itemscope\" itemtype=\"https:\/\/schema.org\/ImageObject\" ><meta itemprop=\"contentURL\" content=\"https:\/\/greenlandseafood.eu\/fr\/nos-poissons-en-sauce\/\"><a class='avia-gallery-big fakeLightbox lightbox avia-gallery-big-crop-thumb ' href=\"https:\/\/greenlandseafood.eu\/wp-content\/uploads\/2024\/01\/Still_Schlefi_Gratinato_009_01-688x1030.jpg\" data-srcset=\"https:\/\/greenlandseafood.eu\/wp-content\/uploads\/2024\/01\/Still_Schlefi_Gratinato_009_01-688x1030.jpg 688w, https:\/\/greenlandseafood.eu\/wp-content\/uploads\/2024\/01\/Still_Schlefi_Gratinato_009_01-200x300.jpg 200w, https:\/\/greenlandseafood.eu\/wp-content\/uploads\/2024\/01\/Still_Schlefi_Gratinato_009_01-768x1150.jpg 768w, https:\/\/greenlandseafood.eu\/wp-content\/uploads\/2024\/01\/Still_Schlefi_Gratinato_009_01-471x705.jpg 471w, https:\/\/greenlandseafood.eu\/wp-content\/uploads\/2024\/01\/Still_Schlefi_Gratinato_009_01.jpg 1000w\" data-sizes=\"(max-width: 688px) 100vw, 688px\"  data-onclick='1' title='Still_Schlefi_Gratinato_009_01' ><span class='avia-gallery-big-inner'  itemprop=\"thumbnailUrl\" ><img decoding=\"async\" fetchpriority=\"high\" class=\"wp-image-15115 avia-img-lazy-loading-not-15115\"  width=\"1000\" height=\"1498\" src=\"https:\/\/greenlandseafood.eu\/wp-content\/uploads\/2024\/01\/Still_Schlefi_Gratinato_009_01.jpg\" title='Still_Schlefi_Gratinato_009_01' alt='' srcset=\"https:\/\/greenlandseafood.eu\/wp-content\/uploads\/2024\/01\/Still_Schlefi_Gratinato_009_01.jpg 1000w, https:\/\/greenlandseafood.eu\/wp-content\/uploads\/2024\/01\/Still_Schlefi_Gratinato_009_01-200x300.jpg 200w, https:\/\/greenlandseafood.eu\/wp-content\/uploads\/2024\/01\/Still_Schlefi_Gratinato_009_01-688x1030.jpg 688w, https:\/\/greenlandseafood.eu\/wp-content\/uploads\/2024\/01\/Still_Schlefi_Gratinato_009_01-768x1150.jpg 768w, https:\/\/greenlandseafood.eu\/wp-content\/uploads\/2024\/01\/Still_Schlefi_Gratinato_009_01-471x705.jpg 471w\" sizes=\"(max-width: 1000px) 100vw, 1000px\" \/><\/span><\/a><div class='avia-gallery-thumb'><a href=\"https:\/\/greenlandseafood.eu\/wp-content\/uploads\/2024\/01\/Still_Schlefi_Gratinato_009_01-688x1030.jpg\" data-srcset=\"https:\/\/greenlandseafood.eu\/wp-content\/uploads\/2024\/01\/Still_Schlefi_Gratinato_009_01-688x1030.jpg 688w, https:\/\/greenlandseafood.eu\/wp-content\/uploads\/2024\/01\/Still_Schlefi_Gratinato_009_01-200x300.jpg 200w, https:\/\/greenlandseafood.eu\/wp-content\/uploads\/2024\/01\/Still_Schlefi_Gratinato_009_01-768x1150.jpg 768w, https:\/\/greenlandseafood.eu\/wp-content\/uploads\/2024\/01\/Still_Schlefi_Gratinato_009_01-471x705.jpg 471w, https:\/\/greenlandseafood.eu\/wp-content\/uploads\/2024\/01\/Still_Schlefi_Gratinato_009_01.jpg 1000w\" data-sizes=\"(max-width: 688px) 100vw, 688px\" data-rel='gallery-1' data-prev-img='https:\/\/greenlandseafood.eu\/wp-content\/uploads\/2024\/01\/Still_Schlefi_Gratinato_009_01.jpg' class='first_thumb lightbox ' data-onclick='1' title='Still_Schlefi_Gratinato_009_01'  itemprop=\"thumbnailUrl\"  ><img decoding=\"async\" fetchpriority=\"high\" class=\"wp-image-15115 avia-img-lazy-loading-not-15115\"   src=\"https:\/\/greenlandseafood.eu\/wp-content\/uploads\/2024\/01\/Still_Schlefi_Gratinato_009_01.jpg\" width=\"1000\" height=\"1498\"  title='Still_Schlefi_Gratinato_009_01' alt='' srcset=\"https:\/\/greenlandseafood.eu\/wp-content\/uploads\/2024\/01\/Still_Schlefi_Gratinato_009_01.jpg 1000w, https:\/\/greenlandseafood.eu\/wp-content\/uploads\/2024\/01\/Still_Schlefi_Gratinato_009_01-200x300.jpg 200w, https:\/\/greenlandseafood.eu\/wp-content\/uploads\/2024\/01\/Still_Schlefi_Gratinato_009_01-688x1030.jpg 688w, https:\/\/greenlandseafood.eu\/wp-content\/uploads\/2024\/01\/Still_Schlefi_Gratinato_009_01-768x1150.jpg 768w, https:\/\/greenlandseafood.eu\/wp-content\/uploads\/2024\/01\/Still_Schlefi_Gratinato_009_01-471x705.jpg 471w\" sizes=\"(max-width: 1000px) 100vw, 1000px\" \/><div class='big-prev-fake'><img decoding=\"async\" loading=\"lazy\" class=\"wp-image-15115 avia-img-lazy-loading-15115\"  width=\"1000\" height=\"1498\" src=\"https:\/\/greenlandseafood.eu\/wp-content\/uploads\/2024\/01\/Still_Schlefi_Gratinato_009_01.jpg\" title='Still_Schlefi_Gratinato_009_01' alt='' srcset=\"https:\/\/greenlandseafood.eu\/wp-content\/uploads\/2024\/01\/Still_Schlefi_Gratinato_009_01.jpg 1000w, https:\/\/greenlandseafood.eu\/wp-content\/uploads\/2024\/01\/Still_Schlefi_Gratinato_009_01-200x300.jpg 200w, https:\/\/greenlandseafood.eu\/wp-content\/uploads\/2024\/01\/Still_Schlefi_Gratinato_009_01-688x1030.jpg 688w, https:\/\/greenlandseafood.eu\/wp-content\/uploads\/2024\/01\/Still_Schlefi_Gratinato_009_01-768x1150.jpg 768w, https:\/\/greenlandseafood.eu\/wp-content\/uploads\/2024\/01\/Still_Schlefi_Gratinato_009_01-471x705.jpg 471w\" sizes=\"auto, (max-width: 1000px) 100vw, 1000px\" \/><\/div><\/a><a href=\"https:\/\/greenlandseafood.eu\/wp-content\/uploads\/2024\/01\/Gourmet-fillet-jardiniere_01-688x1030.jpg\" data-srcset=\"https:\/\/greenlandseafood.eu\/wp-content\/uploads\/2024\/01\/Gourmet-fillet-jardiniere_01-688x1030.jpg 688w, https:\/\/greenlandseafood.eu\/wp-content\/uploads\/2024\/01\/Gourmet-fillet-jardiniere_01-200x300.jpg 200w, https:\/\/greenlandseafood.eu\/wp-content\/uploads\/2024\/01\/Gourmet-fillet-jardiniere_01-768x1150.jpg 768w, https:\/\/greenlandseafood.eu\/wp-content\/uploads\/2024\/01\/Gourmet-fillet-jardiniere_01-471x705.jpg 471w, https:\/\/greenlandseafood.eu\/wp-content\/uploads\/2024\/01\/Gourmet-fillet-jardiniere_01.jpg 1000w\" data-sizes=\"(max-width: 688px) 100vw, 688px\" data-rel='gallery-1' data-prev-img='https:\/\/greenlandseafood.eu\/wp-content\/uploads\/2024\/01\/Gourmet-fillet-jardiniere_01.jpg' class='lightbox ' data-onclick='2' title='Gourmet-fillet-jardiniere_01'  itemprop=\"thumbnailUrl\"  ><img decoding=\"async\" fetchpriority=\"high\" class=\"wp-image-15111 avia-img-lazy-loading-not-15111\"   src=\"https:\/\/greenlandseafood.eu\/wp-content\/uploads\/2024\/01\/Gourmet-fillet-jardiniere_01.jpg\" width=\"1000\" height=\"1498\"  title='Gourmet-fillet-jardiniere_01' alt='' srcset=\"https:\/\/greenlandseafood.eu\/wp-content\/uploads\/2024\/01\/Gourmet-fillet-jardiniere_01.jpg 1000w, https:\/\/greenlandseafood.eu\/wp-content\/uploads\/2024\/01\/Gourmet-fillet-jardiniere_01-200x300.jpg 200w, https:\/\/greenlandseafood.eu\/wp-content\/uploads\/2024\/01\/Gourmet-fillet-jardiniere_01-688x1030.jpg 688w, https:\/\/greenlandseafood.eu\/wp-content\/uploads\/2024\/01\/Gourmet-fillet-jardiniere_01-768x1150.jpg 768w, https:\/\/greenlandseafood.eu\/wp-content\/uploads\/2024\/01\/Gourmet-fillet-jardiniere_01-471x705.jpg 471w\" sizes=\"(max-width: 1000px) 100vw, 1000px\" \/><div class='big-prev-fake'><img decoding=\"async\" loading=\"lazy\" class=\"wp-image-15111 avia-img-lazy-loading-15111\"  width=\"1000\" height=\"1498\" src=\"https:\/\/greenlandseafood.eu\/wp-content\/uploads\/2024\/01\/Gourmet-fillet-jardiniere_01.jpg\" title='Gourmet-fillet-jardiniere_01' alt='' srcset=\"https:\/\/greenlandseafood.eu\/wp-content\/uploads\/2024\/01\/Gourmet-fillet-jardiniere_01.jpg 1000w, https:\/\/greenlandseafood.eu\/wp-content\/uploads\/2024\/01\/Gourmet-fillet-jardiniere_01-200x300.jpg 200w, https:\/\/greenlandseafood.eu\/wp-content\/uploads\/2024\/01\/Gourmet-fillet-jardiniere_01-688x1030.jpg 688w, https:\/\/greenlandseafood.eu\/wp-content\/uploads\/2024\/01\/Gourmet-fillet-jardiniere_01-768x1150.jpg 768w, https:\/\/greenlandseafood.eu\/wp-content\/uploads\/2024\/01\/Gourmet-fillet-jardiniere_01-471x705.jpg 471w\" sizes=\"auto, (max-width: 1000px) 100vw, 1000px\" \/><\/div><\/a><a href=\"https:\/\/greenlandseafood.eu\/wp-content\/uploads\/2024\/01\/3in1-honey-mustard_01.jpg\" data-srcset=\"https:\/\/greenlandseafood.eu\/wp-content\/uploads\/2024\/01\/3in1-honey-mustard_01.jpg 1000w, https:\/\/greenlandseafood.eu\/wp-content\/uploads\/2024\/01\/3in1-honey-mustard_01-300x200.jpg 300w, https:\/\/greenlandseafood.eu\/wp-content\/uploads\/2024\/01\/3in1-honey-mustard_01-768x513.jpg 768w, https:\/\/greenlandseafood.eu\/wp-content\/uploads\/2024\/01\/3in1-honey-mustard_01-705x471.jpg 705w\" data-sizes=\"(max-width: 1000px) 100vw, 1000px\" data-rel='gallery-1' data-prev-img='https:\/\/greenlandseafood.eu\/wp-content\/uploads\/2024\/01\/3in1-honey-mustard_01.jpg' class='lightbox ' data-onclick='3' title='3in1-honey-mustard_01'  itemprop=\"thumbnailUrl\"  ><img decoding=\"async\" fetchpriority=\"high\" class=\"wp-image-15099 avia-img-lazy-loading-not-15099\"   src=\"https:\/\/greenlandseafood.eu\/wp-content\/uploads\/2024\/01\/3in1-honey-mustard_01.jpg\" width=\"1000\" height=\"668\"  title='3in1-honey-mustard_01' alt='' srcset=\"https:\/\/greenlandseafood.eu\/wp-content\/uploads\/2024\/01\/3in1-honey-mustard_01.jpg 1000w, https:\/\/greenlandseafood.eu\/wp-content\/uploads\/2024\/01\/3in1-honey-mustard_01-300x200.jpg 300w, https:\/\/greenlandseafood.eu\/wp-content\/uploads\/2024\/01\/3in1-honey-mustard_01-768x513.jpg 768w, https:\/\/greenlandseafood.eu\/wp-content\/uploads\/2024\/01\/3in1-honey-mustard_01-705x471.jpg 705w\" sizes=\"(max-width: 1000px) 100vw, 1000px\" \/><div class='big-prev-fake'><img decoding=\"async\" loading=\"lazy\" class=\"wp-image-15099 avia-img-lazy-loading-15099\"  width=\"1000\" height=\"668\" src=\"https:\/\/greenlandseafood.eu\/wp-content\/uploads\/2024\/01\/3in1-honey-mustard_01.jpg\" title='3in1-honey-mustard_01' alt='' srcset=\"https:\/\/greenlandseafood.eu\/wp-content\/uploads\/2024\/01\/3in1-honey-mustard_01.jpg 1000w, https:\/\/greenlandseafood.eu\/wp-content\/uploads\/2024\/01\/3in1-honey-mustard_01-300x200.jpg 300w, https:\/\/greenlandseafood.eu\/wp-content\/uploads\/2024\/01\/3in1-honey-mustard_01-768x513.jpg 768w, https:\/\/greenlandseafood.eu\/wp-content\/uploads\/2024\/01\/3in1-honey-mustard_01-705x471.jpg 705w\" sizes=\"auto, (max-width: 1000px) 100vw, 1000px\" \/><\/div><\/a><a href=\"https:\/\/greenlandseafood.eu\/wp-content\/uploads\/2024\/01\/3in1-spinach-gorgonzola_01.jpg\" data-srcset=\"https:\/\/greenlandseafood.eu\/wp-content\/uploads\/2024\/01\/3in1-spinach-gorgonzola_01.jpg 1000w, https:\/\/greenlandseafood.eu\/wp-content\/uploads\/2024\/01\/3in1-spinach-gorgonzola_01-300x200.jpg 300w, https:\/\/greenlandseafood.eu\/wp-content\/uploads\/2024\/01\/3in1-spinach-gorgonzola_01-768x513.jpg 768w, https:\/\/greenlandseafood.eu\/wp-content\/uploads\/2024\/01\/3in1-spinach-gorgonzola_01-705x471.jpg 705w\" data-sizes=\"(max-width: 1000px) 100vw, 1000px\" data-rel='gallery-1' data-prev-img='https:\/\/greenlandseafood.eu\/wp-content\/uploads\/2024\/01\/3in1-spinach-gorgonzola_01.jpg' class='lightbox ' data-onclick='4' title='3in1-spinach-gorgonzola_01'  itemprop=\"thumbnailUrl\"  ><img decoding=\"async\" fetchpriority=\"high\" class=\"wp-image-15103 avia-img-lazy-loading-not-15103\"   src=\"https:\/\/greenlandseafood.eu\/wp-content\/uploads\/2024\/01\/3in1-spinach-gorgonzola_01.jpg\" width=\"1000\" height=\"668\"  title='3in1-spinach-gorgonzola_01' alt='' srcset=\"https:\/\/greenlandseafood.eu\/wp-content\/uploads\/2024\/01\/3in1-spinach-gorgonzola_01.jpg 1000w, https:\/\/greenlandseafood.eu\/wp-content\/uploads\/2024\/01\/3in1-spinach-gorgonzola_01-300x200.jpg 300w, https:\/\/greenlandseafood.eu\/wp-content\/uploads\/2024\/01\/3in1-spinach-gorgonzola_01-768x513.jpg 768w, https:\/\/greenlandseafood.eu\/wp-content\/uploads\/2024\/01\/3in1-spinach-gorgonzola_01-705x471.jpg 705w\" sizes=\"(max-width: 1000px) 100vw, 1000px\" \/><div class='big-prev-fake'><img decoding=\"async\" loading=\"lazy\" class=\"wp-image-15103 avia-img-lazy-loading-15103\"  width=\"1000\" height=\"668\" src=\"https:\/\/greenlandseafood.eu\/wp-content\/uploads\/2024\/01\/3in1-spinach-gorgonzola_01.jpg\" title='3in1-spinach-gorgonzola_01' alt='' srcset=\"https:\/\/greenlandseafood.eu\/wp-content\/uploads\/2024\/01\/3in1-spinach-gorgonzola_01.jpg 1000w, https:\/\/greenlandseafood.eu\/wp-content\/uploads\/2024\/01\/3in1-spinach-gorgonzola_01-300x200.jpg 300w, https:\/\/greenlandseafood.eu\/wp-content\/uploads\/2024\/01\/3in1-spinach-gorgonzola_01-768x513.jpg 768w, https:\/\/greenlandseafood.eu\/wp-content\/uploads\/2024\/01\/3in1-spinach-gorgonzola_01-705x471.jpg 705w\" sizes=\"auto, (max-width: 1000px) 100vw, 1000px\" \/><\/div><\/a><a href=\"https:\/\/greenlandseafood.eu\/wp-content\/uploads\/2024\/01\/Still_Schlefi_Provencale_006_01-688x1030.jpg\" data-srcset=\"https:\/\/greenlandseafood.eu\/wp-content\/uploads\/2024\/01\/Still_Schlefi_Provencale_006_01-688x1030.jpg 688w, https:\/\/greenlandseafood.eu\/wp-content\/uploads\/2024\/01\/Still_Schlefi_Provencale_006_01-200x300.jpg 200w, https:\/\/greenlandseafood.eu\/wp-content\/uploads\/2024\/01\/Still_Schlefi_Provencale_006_01-768x1150.jpg 768w, https:\/\/greenlandseafood.eu\/wp-content\/uploads\/2024\/01\/Still_Schlefi_Provencale_006_01-471x705.jpg 471w, https:\/\/greenlandseafood.eu\/wp-content\/uploads\/2024\/01\/Still_Schlefi_Provencale_006_01.jpg 1000w\" data-sizes=\"(max-width: 688px) 100vw, 688px\" data-rel='gallery-1' data-prev-img='https:\/\/greenlandseafood.eu\/wp-content\/uploads\/2024\/01\/Still_Schlefi_Provencale_006_01.jpg' class='lightbox ' data-onclick='5' title='Still_Schlefi_Provencale_006_01'  itemprop=\"thumbnailUrl\"  ><img decoding=\"async\" fetchpriority=\"high\" class=\"wp-image-15119 avia-img-lazy-loading-not-15119\"   src=\"https:\/\/greenlandseafood.eu\/wp-content\/uploads\/2024\/01\/Still_Schlefi_Provencale_006_01.jpg\" width=\"1000\" height=\"1498\"  title='Still_Schlefi_Provencale_006_01' alt='' srcset=\"https:\/\/greenlandseafood.eu\/wp-content\/uploads\/2024\/01\/Still_Schlefi_Provencale_006_01.jpg 1000w, https:\/\/greenlandseafood.eu\/wp-content\/uploads\/2024\/01\/Still_Schlefi_Provencale_006_01-200x300.jpg 200w, https:\/\/greenlandseafood.eu\/wp-content\/uploads\/2024\/01\/Still_Schlefi_Provencale_006_01-688x1030.jpg 688w, https:\/\/greenlandseafood.eu\/wp-content\/uploads\/2024\/01\/Still_Schlefi_Provencale_006_01-768x1150.jpg 768w, https:\/\/greenlandseafood.eu\/wp-content\/uploads\/2024\/01\/Still_Schlefi_Provencale_006_01-471x705.jpg 471w\" sizes=\"(max-width: 1000px) 100vw, 1000px\" \/><div class='big-prev-fake'><img decoding=\"async\" loading=\"lazy\" class=\"wp-image-15119 avia-img-lazy-loading-15119\"  width=\"1000\" height=\"1498\" src=\"https:\/\/greenlandseafood.eu\/wp-content\/uploads\/2024\/01\/Still_Schlefi_Provencale_006_01.jpg\" title='Still_Schlefi_Provencale_006_01' alt='' srcset=\"https:\/\/greenlandseafood.eu\/wp-content\/uploads\/2024\/01\/Still_Schlefi_Provencale_006_01.jpg 1000w, https:\/\/greenlandseafood.eu\/wp-content\/uploads\/2024\/01\/Still_Schlefi_Provencale_006_01-200x300.jpg 200w, https:\/\/greenlandseafood.eu\/wp-content\/uploads\/2024\/01\/Still_Schlefi_Provencale_006_01-688x1030.jpg 688w, https:\/\/greenlandseafood.eu\/wp-content\/uploads\/2024\/01\/Still_Schlefi_Provencale_006_01-768x1150.jpg 768w, https:\/\/greenlandseafood.eu\/wp-content\/uploads\/2024\/01\/Still_Schlefi_Provencale_006_01-471x705.jpg 471w\" sizes=\"auto, (max-width: 1000px) 100vw, 1000px\" \/><\/div><\/a><\/div><\/div><\/div><div  class='flex_column av-j5xt2m-c01ee85de3b6aff817826f31f695e37f av_one_half  avia-builder-el-2  el_after_av_one_half  avia-builder-el-last  flex_column_div  '     ><section  class='av_textblock_section av-h2r6su-c0b4758ab591b518d40b391bc4b2bf79 '   itemscope=\"itemscope\" itemtype=\"https:\/\/schema.org\/CreativeWork\" ><div class='avia_textblock'  itemprop=\"text\" ><h1><span style=\"font-size: 18pt;\"><strong>Nos poissons en sauce<\/strong><\/span><\/h1>\n<p><span style=\"font-size: 10pt;\">Pratiques et faciles \u00e0 pr\u00e9parer, nos poissons en sauce sont coup\u00e9s dans des blocs de filet de poisson de haute qualit\u00e9 avant d\u2019\u00eatre recouverts d\u2019une d\u00e9licieuse garniture ou agr\u00e9ment\u00e9s d\u2019une sauce cr\u00e9meuse. <\/span><\/p>\n<p><span style=\"font-size: 10pt;\">Les pav\u00e9s de poisson en sauce se d\u00e9clinent dans de nombreuses vari\u00e9t\u00e9s simples \u00e0 cuisiner. <\/span><\/p>\n<p><span style=\"font-size: 10pt;\">Notre assortiment de poissons cuisin\u00e9s comprend \u00e9galement des recettes cr\u00e9atives de poisson en sauce comme nos poissons micro-ondes pr\u00eats en seulement 5 minutes top chrono!<\/span><\/p>\n<\/div><\/section><br \/>\n\n<style type=\"text\/css\" data-created_by=\"avia_inline_auto\" id=\"style-css-av-k2k6rtgf-d7be3233610114a055fef645efd0cc6e\">\n#top .hr.av-k2k6rtgf-d7be3233610114a055fef645efd0cc6e{\nmargin-top:0,5px;\nmargin-bottom:0,5px;\n}\n.hr.av-k2k6rtgf-d7be3233610114a055fef645efd0cc6e .hr-inner{\nwidth:50px;\n}\n<\/style>\n<div  class='hr av-k2k6rtgf-d7be3233610114a055fef645efd0cc6e hr-custom  avia-builder-el-4  el_after_av_textblock  avia-builder-el-last  hr-center hr-icon-no'><span class='hr-inner inner-border-av-border-thin'><span class=\"hr-inner-style\"><\/span><\/span><\/div><\/p><\/div><\/p>\n","protected":false},"excerpt":{"rendered":"","protected":false},"author":7,"featured_media":0,"parent":0,"menu_order":0,"comment_status":"closed","ping_status":"open","template":"","meta":{"_acf_changed":false,"footnotes":""},"class_list":["post-3637","page","type-page","status-publish","hentry"],"acf":[],"_links":{"self":[{"href":"https:\/\/greenlandseafood.eu\/fr\/wp-json\/wp\/v2\/pages\/3637","targetHints":{"allow":["GET"]}}],"collection":[{"href":"https:\/\/greenlandseafood.eu\/fr\/wp-json\/wp\/v2\/pages"}],"about":[{"href":"https:\/\/greenlandseafood.eu\/fr\/wp-json\/wp\/v2\/types\/page"}],"author":[{"embeddable":true,"href":"https:\/\/greenlandseafood.eu\/fr\/wp-json\/wp\/v2\/users\/7"}],"replies":[{"embeddable":true,"href":"https:\/\/greenlandseafood.eu\/fr\/wp-json\/wp\/v2\/comments?post=3637"}],"version-history":[{"count":0,"href":"https:\/\/greenlandseafood.eu\/fr\/wp-json\/wp\/v2\/pages\/3637\/revisions"}],"wp:attachment":[{"href":"https:\/\/greenlandseafood.eu\/fr\/wp-json\/wp\/v2\/media?parent=3637"}],"curies":[{"name":"wp","href":"https:\/\/api.w.org\/{rel}","templated":true}]}}