{"id":3638,"date":"2014-10-10T19:30:51","date_gmt":"2014-10-10T17:30:51","guid":{"rendered":"https:\/\/dev.greenlandseafood.eu\/?page_id=3638"},"modified":"2024-02-01T14:05:43","modified_gmt":"2024-02-01T13:05:43","slug":"nos-produits-sur-le-pouce","status":"publish","type":"page","link":"https:\/\/greenlandseafood.eu\/fr\/nos-produits-sur-le-pouce\/","title":{"rendered":"NOS PRODUITS \u00ab SUR LE POUCE \u00bb"},"content":{"rendered":"<div  class='flex_column av-269hl1-35954a51de490faa760a40b7f98afdc4 av_one_half  avia-builder-el-0  el_before_av_one_half  avia-builder-el-first  first flex_column_div  '     ><style type=\"text\/css\" data-created_by=\"avia_inline_auto\" id=\"style-css-av-k24nms2g-c1fa9b008a251fc14e914a9ca83ffea8\">\n#top .avia-gallery.av-k24nms2g-c1fa9b008a251fc14e914a9ca83ffea8 .avia-gallery-thumb a{\nwidth:14.2857%;\n}\n<\/style>\n<div  class='avia-gallery av-k24nms2g-c1fa9b008a251fc14e914a9ca83ffea8 avia_animate_when_visible  avia-builder-el-1  avia-builder-el-no-sibling  deactivate_avia_lazyload av-slideshow-ui av-loop-manual-endless av-control-hidden av-navigate-arrows hover-effect av-control-hidden avia-gallery-animate avia-gallery-1'  itemprop=\"image\" itemscope=\"itemscope\" itemtype=\"https:\/\/schema.org\/ImageObject\" ><meta itemprop=\"contentURL\" content=\"https:\/\/greenlandseafood.eu\/fr\/nos-produits-sur-le-pouce\/\"><a class='avia-gallery-big fakeLightbox lightbox avia-gallery-big-crop-thumb ' href=\"https:\/\/greenlandseafood.eu\/wp-content\/uploads\/2024\/01\/Still_Tintenfischringe_030-1.jpg\" data-srcset=\"https:\/\/greenlandseafood.eu\/wp-content\/uploads\/2024\/01\/Still_Tintenfischringe_030-1.jpg 534w, https:\/\/greenlandseafood.eu\/wp-content\/uploads\/2024\/01\/Still_Tintenfischringe_030-1-200x300.jpg 200w, https:\/\/greenlandseafood.eu\/wp-content\/uploads\/2024\/01\/Still_Tintenfischringe_030-1-471x705.jpg 471w\" data-sizes=\"(max-width: 534px) 100vw, 534px\"  data-onclick='1' title='Still_Tintenfischringe_030' ><span class='avia-gallery-big-inner'  itemprop=\"thumbnailUrl\" ><img decoding=\"async\" fetchpriority=\"high\" class=\"wp-image-15284 avia-img-lazy-loading-not-15284\"  width=\"534\" height=\"684\" src=\"https:\/\/greenlandseafood.eu\/wp-content\/uploads\/2024\/01\/Still_Tintenfischringe_030-1-534x684.jpg\" title='Still_Tintenfischringe_030' alt='' \/><\/span><\/a><div class='avia-gallery-thumb'><a href=\"https:\/\/greenlandseafood.eu\/wp-content\/uploads\/2024\/01\/Still_Tintenfischringe_030-1.jpg\" data-srcset=\"https:\/\/greenlandseafood.eu\/wp-content\/uploads\/2024\/01\/Still_Tintenfischringe_030-1.jpg 534w, https:\/\/greenlandseafood.eu\/wp-content\/uploads\/2024\/01\/Still_Tintenfischringe_030-1-200x300.jpg 200w, https:\/\/greenlandseafood.eu\/wp-content\/uploads\/2024\/01\/Still_Tintenfischringe_030-1-471x705.jpg 471w\" data-sizes=\"(max-width: 534px) 100vw, 534px\" data-rel='gallery-1' data-prev-img='https:\/\/greenlandseafood.eu\/wp-content\/uploads\/2024\/01\/Still_Tintenfischringe_030-1-534x684.jpg' class='first_thumb lightbox ' data-onclick='1' title='Still_Tintenfischringe_030'  itemprop=\"thumbnailUrl\"  ><img decoding=\"async\" fetchpriority=\"high\" class=\"wp-image-15284 avia-img-lazy-loading-not-15284\"   src=\"https:\/\/greenlandseafood.eu\/wp-content\/uploads\/2024\/01\/Still_Tintenfischringe_030-1-495x400.jpg\" width=\"495\" height=\"400\"  title='Still_Tintenfischringe_030' alt='' srcset=\"https:\/\/greenlandseafood.eu\/wp-content\/uploads\/2024\/01\/Still_Tintenfischringe_030-1-495x400.jpg 495w, https:\/\/greenlandseafood.eu\/wp-content\/uploads\/2024\/01\/Still_Tintenfischringe_030-1-534x430.jpg 534w\" sizes=\"(max-width: 495px) 100vw, 495px\" \/><div class='big-prev-fake'><img decoding=\"async\" loading=\"lazy\" class=\"wp-image-15284 avia-img-lazy-loading-15284\"  width=\"534\" height=\"684\" src=\"https:\/\/greenlandseafood.eu\/wp-content\/uploads\/2024\/01\/Still_Tintenfischringe_030-1-534x684.jpg\" title='Still_Tintenfischringe_030' alt='' \/><\/div><\/a><a href=\"https:\/\/greenlandseafood.eu\/wp-content\/uploads\/2024\/01\/Still_Goujons_Sesam_018-1.jpg\" data-srcset=\"https:\/\/greenlandseafood.eu\/wp-content\/uploads\/2024\/01\/Still_Goujons_Sesam_018-1.jpg 534w, https:\/\/greenlandseafood.eu\/wp-content\/uploads\/2024\/01\/Still_Goujons_Sesam_018-1-200x300.jpg 200w, https:\/\/greenlandseafood.eu\/wp-content\/uploads\/2024\/01\/Still_Goujons_Sesam_018-1-471x705.jpg 471w\" data-sizes=\"(max-width: 534px) 100vw, 534px\" data-rel='gallery-1' data-prev-img='https:\/\/greenlandseafood.eu\/wp-content\/uploads\/2024\/01\/Still_Goujons_Sesam_018-1-534x684.jpg' class='lightbox ' data-onclick='2' title='Still_Goujons_Sesam_018'  itemprop=\"thumbnailUrl\"  ><img decoding=\"async\" fetchpriority=\"high\" class=\"wp-image-15276 avia-img-lazy-loading-not-15276\"   src=\"https:\/\/greenlandseafood.eu\/wp-content\/uploads\/2024\/01\/Still_Goujons_Sesam_018-1-495x400.jpg\" width=\"495\" height=\"400\"  title='Still_Goujons_Sesam_018' alt='' srcset=\"https:\/\/greenlandseafood.eu\/wp-content\/uploads\/2024\/01\/Still_Goujons_Sesam_018-1-495x400.jpg 495w, https:\/\/greenlandseafood.eu\/wp-content\/uploads\/2024\/01\/Still_Goujons_Sesam_018-1-534x430.jpg 534w\" sizes=\"(max-width: 495px) 100vw, 495px\" \/><div class='big-prev-fake'><img decoding=\"async\" loading=\"lazy\" class=\"wp-image-15276 avia-img-lazy-loading-15276\"  width=\"534\" height=\"684\" src=\"https:\/\/greenlandseafood.eu\/wp-content\/uploads\/2024\/01\/Still_Goujons_Sesam_018-1-534x684.jpg\" title='Still_Goujons_Sesam_018' alt='' \/><\/div><\/a><a href=\"https:\/\/greenlandseafood.eu\/wp-content\/uploads\/2024\/01\/Still_Nuggets_Crispy_005-1.jpg\" data-srcset=\"https:\/\/greenlandseafood.eu\/wp-content\/uploads\/2024\/01\/Still_Nuggets_Crispy_005-1.jpg 534w, https:\/\/greenlandseafood.eu\/wp-content\/uploads\/2024\/01\/Still_Nuggets_Crispy_005-1-200x300.jpg 200w, https:\/\/greenlandseafood.eu\/wp-content\/uploads\/2024\/01\/Still_Nuggets_Crispy_005-1-471x705.jpg 471w\" data-sizes=\"(max-width: 534px) 100vw, 534px\" data-rel='gallery-1' data-prev-img='https:\/\/greenlandseafood.eu\/wp-content\/uploads\/2024\/01\/Still_Nuggets_Crispy_005-1-534x684.jpg' class='lightbox ' data-onclick='3' title='Still_Nuggets_Crispy_005'  itemprop=\"thumbnailUrl\"  ><img decoding=\"async\" fetchpriority=\"high\" class=\"wp-image-15280 avia-img-lazy-loading-not-15280\"   src=\"https:\/\/greenlandseafood.eu\/wp-content\/uploads\/2024\/01\/Still_Nuggets_Crispy_005-1-495x400.jpg\" width=\"495\" height=\"400\"  title='Still_Nuggets_Crispy_005' alt='' srcset=\"https:\/\/greenlandseafood.eu\/wp-content\/uploads\/2024\/01\/Still_Nuggets_Crispy_005-1-495x400.jpg 495w, https:\/\/greenlandseafood.eu\/wp-content\/uploads\/2024\/01\/Still_Nuggets_Crispy_005-1-534x430.jpg 534w\" sizes=\"(max-width: 495px) 100vw, 495px\" \/><div class='big-prev-fake'><img decoding=\"async\" loading=\"lazy\" class=\"wp-image-15280 avia-img-lazy-loading-15280\"  width=\"534\" height=\"684\" src=\"https:\/\/greenlandseafood.eu\/wp-content\/uploads\/2024\/01\/Still_Nuggets_Crispy_005-1-534x684.jpg\" title='Still_Nuggets_Crispy_005' alt='' \/><\/div><\/a><a href=\"https:\/\/greenlandseafood.eu\/wp-content\/uploads\/2024\/01\/Still_Fisch_Frikadelle_004-1.jpg\" data-srcset=\"https:\/\/greenlandseafood.eu\/wp-content\/uploads\/2024\/01\/Still_Fisch_Frikadelle_004-1.jpg 534w, https:\/\/greenlandseafood.eu\/wp-content\/uploads\/2024\/01\/Still_Fisch_Frikadelle_004-1-200x300.jpg 200w, https:\/\/greenlandseafood.eu\/wp-content\/uploads\/2024\/01\/Still_Fisch_Frikadelle_004-1-471x705.jpg 471w\" data-sizes=\"(max-width: 534px) 100vw, 534px\" data-rel='gallery-1' data-prev-img='https:\/\/greenlandseafood.eu\/wp-content\/uploads\/2024\/01\/Still_Fisch_Frikadelle_004-1-534x684.jpg' class='lightbox ' data-onclick='4' title='Still_Fisch_Frikadelle_004'  itemprop=\"thumbnailUrl\"  ><img decoding=\"async\" fetchpriority=\"high\" class=\"wp-image-15272 avia-img-lazy-loading-not-15272\"   src=\"https:\/\/greenlandseafood.eu\/wp-content\/uploads\/2024\/01\/Still_Fisch_Frikadelle_004-1-495x400.jpg\" width=\"495\" height=\"400\"  title='Still_Fisch_Frikadelle_004' alt='' srcset=\"https:\/\/greenlandseafood.eu\/wp-content\/uploads\/2024\/01\/Still_Fisch_Frikadelle_004-1-495x400.jpg 495w, https:\/\/greenlandseafood.eu\/wp-content\/uploads\/2024\/01\/Still_Fisch_Frikadelle_004-1-534x430.jpg 534w\" sizes=\"(max-width: 495px) 100vw, 495px\" \/><div class='big-prev-fake'><img decoding=\"async\" loading=\"lazy\" class=\"wp-image-15272 avia-img-lazy-loading-15272\"  width=\"534\" height=\"684\" src=\"https:\/\/greenlandseafood.eu\/wp-content\/uploads\/2024\/01\/Still_Fisch_Frikadelle_004-1-534x684.jpg\" title='Still_Fisch_Frikadelle_004' alt='' \/><\/div><\/a><a href=\"https:\/\/greenlandseafood.eu\/wp-content\/uploads\/2024\/01\/Still_Tafeln_012_retusche-1.jpg\" data-srcset=\"https:\/\/greenlandseafood.eu\/wp-content\/uploads\/2024\/01\/Still_Tafeln_012_retusche-1.jpg 600w, https:\/\/greenlandseafood.eu\/wp-content\/uploads\/2024\/01\/Still_Tafeln_012_retusche-1-225x300.jpg 225w, https:\/\/greenlandseafood.eu\/wp-content\/uploads\/2024\/01\/Still_Tafeln_012_retusche-1-529x705.jpg 529w\" data-sizes=\"(max-width: 600px) 100vw, 600px\" data-rel='gallery-1' data-prev-img='https:\/\/greenlandseafood.eu\/wp-content\/uploads\/2024\/01\/Still_Tafeln_012_retusche-1-600x684.jpg' class='lightbox ' data-onclick='5' title='Still_Tafeln_012_retusche'  itemprop=\"thumbnailUrl\"  ><img decoding=\"async\" fetchpriority=\"high\" class=\"wp-image-15258 avia-img-lazy-loading-not-15258\"   src=\"https:\/\/greenlandseafood.eu\/wp-content\/uploads\/2024\/01\/Still_Tafeln_012_retusche-1-495x400.jpg\" width=\"495\" height=\"400\"  title='Still_Tafeln_012_retusche' alt='' \/><div class='big-prev-fake'><img decoding=\"async\" loading=\"lazy\" class=\"wp-image-15258 avia-img-lazy-loading-15258\"  width=\"600\" height=\"684\" src=\"https:\/\/greenlandseafood.eu\/wp-content\/uploads\/2024\/01\/Still_Tafeln_012_retusche-1-600x684.jpg\" title='Still_Tafeln_012_retusche' alt='' \/><\/div><\/a><\/div><\/div><\/div><div  class='flex_column av-i4gs91-d6673ef508bd384d70908078a8f2aa64 av_one_half  avia-builder-el-2  el_after_av_one_half  avia-builder-el-last  flex_column_div  '     ><section  class='av_textblock_section av-ftxw39-cd60cd468ba3f6cea14216cd2be1afa6 '   itemscope=\"itemscope\" itemtype=\"https:\/\/schema.org\/CreativeWork\" ><div class='avia_textblock'  itemprop=\"text\" ><h1><span style=\"font-size: 18pt;\"><strong>Nos produits \u00ab\u00a0sur le pouce\u00a0\u00bb<\/strong><\/span><\/h1>\n<p><span style=\"font-size: 10pt;\">Tout \u00e2ge confondu, les consommateurs se tournent de plus en plus vers des ingr\u00e9dients de qualit\u00e9 sup\u00e9rieure et mangent sur le pouce, \u00e0 toute heure, en lieu et place de repas fixes.<\/span><\/p>\n<p><span style=\"font-size: 10pt;\">Notre assortiment de produits \u00e0 d\u00e9guster sur le pouce reprend ces tendances de consommation et propose de nombreux amuse-gueules et encas croustillants\u00a0\u00e0 dipper ou \u00e0 consommer en sandwich, pan\u00e9s ou encore enrob\u00e9s d\u2019une p\u00e2te \u00e0 beignet.<\/span><\/p>\n<p><span style=\"font-size: 10pt;\">Il y en a pour tous les go\u00fbts\u00a0!<\/span><\/p>\n<\/div><\/section><br \/>\n\n<style type=\"text\/css\" data-created_by=\"avia_inline_auto\" id=\"style-css-av-k2k6t3an-ab2d6c78edea2dc7b7f9be286c54bb03\">\n#top .hr.av-k2k6t3an-ab2d6c78edea2dc7b7f9be286c54bb03{\nmargin-top:0,5px;\nmargin-bottom:0,5px;\n}\n.hr.av-k2k6t3an-ab2d6c78edea2dc7b7f9be286c54bb03 .hr-inner{\nwidth:50px;\n}\n<\/style>\n<div  class='hr av-k2k6t3an-ab2d6c78edea2dc7b7f9be286c54bb03 hr-custom  avia-builder-el-4  el_after_av_textblock  avia-builder-el-last  hr-center hr-icon-no'><span class='hr-inner inner-border-av-border-thin'><span class=\"hr-inner-style\"><\/span><\/span><\/div><\/p><\/div><\/p>\n","protected":false},"excerpt":{"rendered":"","protected":false},"author":7,"featured_media":0,"parent":0,"menu_order":0,"comment_status":"closed","ping_status":"closed","template":"","meta":{"_acf_changed":false,"footnotes":""},"class_list":["post-3638","page","type-page","status-publish","hentry"],"acf":[],"_links":{"self":[{"href":"https:\/\/greenlandseafood.eu\/fr\/wp-json\/wp\/v2\/pages\/3638","targetHints":{"allow":["GET"]}}],"collection":[{"href":"https:\/\/greenlandseafood.eu\/fr\/wp-json\/wp\/v2\/pages"}],"about":[{"href":"https:\/\/greenlandseafood.eu\/fr\/wp-json\/wp\/v2\/types\/page"}],"author":[{"embeddable":true,"href":"https:\/\/greenlandseafood.eu\/fr\/wp-json\/wp\/v2\/users\/7"}],"replies":[{"embeddable":true,"href":"https:\/\/greenlandseafood.eu\/fr\/wp-json\/wp\/v2\/comments?post=3638"}],"version-history":[{"count":0,"href":"https:\/\/greenlandseafood.eu\/fr\/wp-json\/wp\/v2\/pages\/3638\/revisions"}],"wp:attachment":[{"href":"https:\/\/greenlandseafood.eu\/fr\/wp-json\/wp\/v2\/media?parent=3638"}],"curies":[{"name":"wp","href":"https:\/\/api.w.org\/{rel}","templated":true}]}}