{"id":3640,"date":"2014-10-10T19:31:26","date_gmt":"2014-10-10T17:31:26","guid":{"rendered":"https:\/\/dev.greenlandseafood.eu\/?page_id=3640"},"modified":"2024-02-01T14:08:49","modified_gmt":"2024-02-01T13:08:49","slug":"nos-produits-nature","status":"publish","type":"page","link":"https:\/\/greenlandseafood.eu\/fr\/nos-produits-nature\/","title":{"rendered":"NOS PRODUITS NATURE"},"content":{"rendered":"<div  class='flex_column av-ntnm6m-b0c123463117d10a0379512b03c4cfd6 av_one_half  avia-builder-el-0  el_before_av_one_half  avia-builder-el-first  first flex_column_div  '     ><style type=\"text\/css\" data-created_by=\"avia_inline_auto\" id=\"style-css-av-k24u8o2h-fa3cafbdaa830e70434fb23c6bb4cdb9\">\n#top .avia-gallery.av-k24u8o2h-fa3cafbdaa830e70434fb23c6bb4cdb9 .avia-gallery-thumb a{\nwidth:20%;\n}\n<\/style>\n<div  class='avia-gallery av-k24u8o2h-fa3cafbdaa830e70434fb23c6bb4cdb9 avia_animate_when_visible  avia-builder-el-1  avia-builder-el-no-sibling  deactivate_avia_lazyload av-slideshow-ui av-loop-manual-endless av-control-hidden av-navigate-arrows hover-effect av-control-hidden avia-gallery-animate avia-gallery-1'  itemprop=\"image\" itemscope=\"itemscope\" itemtype=\"https:\/\/schema.org\/ImageObject\" ><meta itemprop=\"contentURL\" content=\"https:\/\/greenlandseafood.eu\/fr\/nos-produits-nature\/\"><a class='avia-gallery-big fakeLightbox lightbox avia-gallery-big-crop-thumb ' href=\"https:\/\/greenlandseafood.eu\/wp-content\/uploads\/2024\/02\/Alaska-pollock-fillet-1.jpg\" data-srcset=\"https:\/\/greenlandseafood.eu\/wp-content\/uploads\/2024\/02\/Alaska-pollock-fillet-1.jpg 514w, https:\/\/greenlandseafood.eu\/wp-content\/uploads\/2024\/02\/Alaska-pollock-fillet-1-193x300.jpg 193w, https:\/\/greenlandseafood.eu\/wp-content\/uploads\/2024\/02\/Alaska-pollock-fillet-1-453x705.jpg 453w\" data-sizes=\"(max-width: 514px) 100vw, 514px\"  data-onclick='1' title='Alaska pollock fillet' ><span class='avia-gallery-big-inner'  itemprop=\"thumbnailUrl\" ><img decoding=\"async\" fetchpriority=\"high\" class=\"wp-image-15399 avia-img-lazy-loading-not-15399\"  width=\"514\" height=\"684\" src=\"https:\/\/greenlandseafood.eu\/wp-content\/uploads\/2024\/02\/Alaska-pollock-fillet-1-514x684.jpg\" title='Alaska pollock fillet' alt='' \/><\/span><\/a><div class='avia-gallery-thumb'><a href=\"https:\/\/greenlandseafood.eu\/wp-content\/uploads\/2024\/02\/Alaska-pollock-fillet-1.jpg\" data-srcset=\"https:\/\/greenlandseafood.eu\/wp-content\/uploads\/2024\/02\/Alaska-pollock-fillet-1.jpg 514w, https:\/\/greenlandseafood.eu\/wp-content\/uploads\/2024\/02\/Alaska-pollock-fillet-1-193x300.jpg 193w, https:\/\/greenlandseafood.eu\/wp-content\/uploads\/2024\/02\/Alaska-pollock-fillet-1-453x705.jpg 453w\" data-sizes=\"(max-width: 514px) 100vw, 514px\" data-rel='gallery-1' data-prev-img='https:\/\/greenlandseafood.eu\/wp-content\/uploads\/2024\/02\/Alaska-pollock-fillet-1-514x684.jpg' class='first_thumb lightbox ' data-onclick='1' title='Alaska pollock fillet'  itemprop=\"thumbnailUrl\"  ><img decoding=\"async\" fetchpriority=\"high\" class=\"wp-image-15399 avia-img-lazy-loading-not-15399\"   src=\"https:\/\/greenlandseafood.eu\/wp-content\/uploads\/2024\/02\/Alaska-pollock-fillet-1-495x400.jpg\" width=\"495\" height=\"400\"  title='Alaska pollock fillet' alt='' \/><div class='big-prev-fake'><img decoding=\"async\" loading=\"lazy\" class=\"wp-image-15399 avia-img-lazy-loading-15399\"  width=\"514\" height=\"684\" src=\"https:\/\/greenlandseafood.eu\/wp-content\/uploads\/2024\/02\/Alaska-pollock-fillet-1-514x684.jpg\" title='Alaska pollock fillet' alt='' \/><\/div><\/a><a href=\"https:\/\/greenlandseafood.eu\/wp-content\/uploads\/2024\/02\/Cod-fillet.jpg\" data-srcset=\"https:\/\/greenlandseafood.eu\/wp-content\/uploads\/2024\/02\/Cod-fillet.jpg 534w, https:\/\/greenlandseafood.eu\/wp-content\/uploads\/2024\/02\/Cod-fillet-200x300.jpg 200w, https:\/\/greenlandseafood.eu\/wp-content\/uploads\/2024\/02\/Cod-fillet-471x705.jpg 471w\" data-sizes=\"(max-width: 534px) 100vw, 534px\" data-rel='gallery-1' data-prev-img='https:\/\/greenlandseafood.eu\/wp-content\/uploads\/2024\/02\/Cod-fillet-534x684.jpg' class='lightbox ' data-onclick='2' title='Cod fillet'  itemprop=\"thumbnailUrl\"  ><img decoding=\"async\" fetchpriority=\"high\" class=\"wp-image-15403 avia-img-lazy-loading-not-15403\"   src=\"https:\/\/greenlandseafood.eu\/wp-content\/uploads\/2024\/02\/Cod-fillet-495x400.jpg\" width=\"495\" height=\"400\"  title='Cod fillet' alt='' srcset=\"https:\/\/greenlandseafood.eu\/wp-content\/uploads\/2024\/02\/Cod-fillet-495x400.jpg 495w, https:\/\/greenlandseafood.eu\/wp-content\/uploads\/2024\/02\/Cod-fillet-534x430.jpg 534w\" sizes=\"(max-width: 495px) 100vw, 495px\" \/><div class='big-prev-fake'><img decoding=\"async\" loading=\"lazy\" class=\"wp-image-15403 avia-img-lazy-loading-15403\"  width=\"534\" height=\"684\" src=\"https:\/\/greenlandseafood.eu\/wp-content\/uploads\/2024\/02\/Cod-fillet-534x684.jpg\" title='Cod fillet' alt='' \/><\/div><\/a><a href=\"https:\/\/greenlandseafood.eu\/wp-content\/uploads\/2024\/02\/Plain-portion-cod.jpg\" data-srcset=\"https:\/\/greenlandseafood.eu\/wp-content\/uploads\/2024\/02\/Plain-portion-cod.jpg 514w, https:\/\/greenlandseafood.eu\/wp-content\/uploads\/2024\/02\/Plain-portion-cod-193x300.jpg 193w, https:\/\/greenlandseafood.eu\/wp-content\/uploads\/2024\/02\/Plain-portion-cod-453x705.jpg 453w\" data-sizes=\"(max-width: 514px) 100vw, 514px\" data-rel='gallery-1' data-prev-img='https:\/\/greenlandseafood.eu\/wp-content\/uploads\/2024\/02\/Plain-portion-cod-514x684.jpg' class='lightbox ' data-onclick='3' title='Plain portion cod'  itemprop=\"thumbnailUrl\"  ><img decoding=\"async\" fetchpriority=\"high\" class=\"wp-image-15407 avia-img-lazy-loading-not-15407\"   src=\"https:\/\/greenlandseafood.eu\/wp-content\/uploads\/2024\/02\/Plain-portion-cod-495x400.jpg\" width=\"495\" height=\"400\"  title='Plain portion cod' alt='' \/><div class='big-prev-fake'><img decoding=\"async\" loading=\"lazy\" class=\"wp-image-15407 avia-img-lazy-loading-15407\"  width=\"514\" height=\"684\" src=\"https:\/\/greenlandseafood.eu\/wp-content\/uploads\/2024\/02\/Plain-portion-cod-514x684.jpg\" title='Plain portion cod' alt='' \/><\/div><\/a><a href=\"https:\/\/greenlandseafood.eu\/wp-content\/uploads\/2024\/02\/Salmon-fillet.jpg\" data-srcset=\"https:\/\/greenlandseafood.eu\/wp-content\/uploads\/2024\/02\/Salmon-fillet.jpg 534w, https:\/\/greenlandseafood.eu\/wp-content\/uploads\/2024\/02\/Salmon-fillet-200x300.jpg 200w, https:\/\/greenlandseafood.eu\/wp-content\/uploads\/2024\/02\/Salmon-fillet-471x705.jpg 471w\" data-sizes=\"(max-width: 534px) 100vw, 534px\" data-rel='gallery-1' data-prev-img='https:\/\/greenlandseafood.eu\/wp-content\/uploads\/2024\/02\/Salmon-fillet-534x684.jpg' class='lightbox ' data-onclick='4' title='Salmon fillet'  itemprop=\"thumbnailUrl\"  ><img decoding=\"async\" fetchpriority=\"high\" class=\"wp-image-15411 avia-img-lazy-loading-not-15411\"   src=\"https:\/\/greenlandseafood.eu\/wp-content\/uploads\/2024\/02\/Salmon-fillet-495x400.jpg\" width=\"495\" height=\"400\"  title='Salmon fillet' alt='' srcset=\"https:\/\/greenlandseafood.eu\/wp-content\/uploads\/2024\/02\/Salmon-fillet-495x400.jpg 495w, https:\/\/greenlandseafood.eu\/wp-content\/uploads\/2024\/02\/Salmon-fillet-534x430.jpg 534w\" sizes=\"(max-width: 495px) 100vw, 495px\" \/><div class='big-prev-fake'><img decoding=\"async\" loading=\"lazy\" class=\"wp-image-15411 avia-img-lazy-loading-15411\"  width=\"534\" height=\"684\" src=\"https:\/\/greenlandseafood.eu\/wp-content\/uploads\/2024\/02\/Salmon-fillet-534x684.jpg\" title='Salmon fillet' alt='' \/><\/div><\/a><a href=\"https:\/\/greenlandseafood.eu\/wp-content\/uploads\/2024\/02\/wuerfel.jpg\" data-srcset=\"https:\/\/greenlandseafood.eu\/wp-content\/uploads\/2024\/02\/wuerfel.jpg 524w, https:\/\/greenlandseafood.eu\/wp-content\/uploads\/2024\/02\/wuerfel-210x300.jpg 210w, https:\/\/greenlandseafood.eu\/wp-content\/uploads\/2024\/02\/wuerfel-494x705.jpg 494w\" data-sizes=\"(max-width: 524px) 100vw, 524px\" data-rel='gallery-1' data-prev-img='https:\/\/greenlandseafood.eu\/wp-content\/uploads\/2024\/02\/wuerfel-524x684.jpg' class='lightbox ' data-onclick='5' title='w\u00fcrfel'  itemprop=\"thumbnailUrl\"  ><img decoding=\"async\" fetchpriority=\"high\" class=\"wp-image-15415 avia-img-lazy-loading-not-15415\"   src=\"https:\/\/greenlandseafood.eu\/wp-content\/uploads\/2024\/02\/wuerfel-495x400.jpg\" width=\"495\" height=\"400\"  title='w\u00fcrfel' alt='' srcset=\"https:\/\/greenlandseafood.eu\/wp-content\/uploads\/2024\/02\/wuerfel-495x400.jpg 495w, https:\/\/greenlandseafood.eu\/wp-content\/uploads\/2024\/02\/wuerfel-524x423.jpg 524w\" sizes=\"(max-width: 495px) 100vw, 495px\" \/><div class='big-prev-fake'><img decoding=\"async\" loading=\"lazy\" class=\"wp-image-15415 avia-img-lazy-loading-15415\"  width=\"524\" height=\"684\" src=\"https:\/\/greenlandseafood.eu\/wp-content\/uploads\/2024\/02\/wuerfel-524x684.jpg\" title='w\u00fcrfel' alt='' \/><\/div><\/a><\/div><\/div><\/div><div  class='flex_column av-j5xt2m-c01ee85de3b6aff817826f31f695e37f av_one_half  avia-builder-el-2  el_after_av_one_half  avia-builder-el-last  flex_column_div  '     ><section  class='av_textblock_section av-h2r6su-c0b4758ab591b518d40b391bc4b2bf79 '   itemscope=\"itemscope\" itemtype=\"https:\/\/schema.org\/CreativeWork\" ><div class='avia_textblock'  itemprop=\"text\" ><h1><span style=\"font-size: 18pt;\"><strong>\u00a0Nos produits nature<\/strong><\/span><\/h1>\n<\/div><\/section><br \/>\n\n<style type=\"text\/css\" data-created_by=\"avia_inline_auto\" id=\"style-css-av-k2k6rtgf-d7be3233610114a055fef645efd0cc6e\">\n#top .hr.av-k2k6rtgf-d7be3233610114a055fef645efd0cc6e{\nmargin-top:0,5px;\nmargin-bottom:0,5px;\n}\n.hr.av-k2k6rtgf-d7be3233610114a055fef645efd0cc6e .hr-inner{\nwidth:50px;\n}\n<\/style>\n<div  class='hr av-k2k6rtgf-d7be3233610114a055fef645efd0cc6e hr-custom  avia-builder-el-4  el_after_av_textblock  el_before_av_textblock  hr-center hr-icon-no'><span class='hr-inner inner-border-av-border-thin'><span class=\"hr-inner-style\"><\/span><\/span><\/div><br \/>\n<section  class='av_textblock_section av-k2k6rk8m-f30f20f5feed82ad63e9f0d6b2e8ae43 '   itemscope=\"itemscope\" itemtype=\"https:\/\/schema.org\/CreativeWork\" ><div class='avia_textblock'  itemprop=\"text\" ><p><span style=\"font-size: 10pt;\">Notre assortiment propose des filets naturels et morceaux issus de diverses mati\u00e8res premi\u00e8res &#8211; des filets entiers avec ou sans peau, des morceaux de filet coup\u00e9s comme des dos ou encore des d\u00e9coupes centrales. <\/span><\/p>\n<p><span style=\"font-size: 10pt;\">Afin de garantir une qualit\u00e9 irr\u00e9prochable, un gla\u00e7age de protection est appos\u00e9 sur les filets et d\u00e9coupes apr\u00e8s avoir \u00e9t\u00e9 convenu au cas par cas, \u00e0 la demande du client.<\/span><\/p>\n<\/div><\/section><\/p><\/div><\/p>\n","protected":false},"excerpt":{"rendered":"","protected":false},"author":7,"featured_media":0,"parent":0,"menu_order":0,"comment_status":"closed","ping_status":"open","template":"","meta":{"_acf_changed":false,"footnotes":""},"class_list":["post-3640","page","type-page","status-publish","hentry"],"acf":[],"_links":{"self":[{"href":"https:\/\/greenlandseafood.eu\/fr\/wp-json\/wp\/v2\/pages\/3640","targetHints":{"allow":["GET"]}}],"collection":[{"href":"https:\/\/greenlandseafood.eu\/fr\/wp-json\/wp\/v2\/pages"}],"about":[{"href":"https:\/\/greenlandseafood.eu\/fr\/wp-json\/wp\/v2\/types\/page"}],"author":[{"embeddable":true,"href":"https:\/\/greenlandseafood.eu\/fr\/wp-json\/wp\/v2\/users\/7"}],"replies":[{"embeddable":true,"href":"https:\/\/greenlandseafood.eu\/fr\/wp-json\/wp\/v2\/comments?post=3640"}],"version-history":[{"count":0,"href":"https:\/\/greenlandseafood.eu\/fr\/wp-json\/wp\/v2\/pages\/3640\/revisions"}],"wp:attachment":[{"href":"https:\/\/greenlandseafood.eu\/fr\/wp-json\/wp\/v2\/media?parent=3640"}],"curies":[{"name":"wp","href":"https:\/\/api.w.org\/{rel}","templated":true}]}}