{"id":3641,"date":"2014-10-10T19:31:46","date_gmt":"2014-10-10T17:31:46","guid":{"rendered":"https:\/\/dev.greenlandseafood.eu\/?page_id=3641"},"modified":"2024-02-01T14:20:52","modified_gmt":"2024-02-01T13:20:52","slug":"nos-filets-naturels-enrobes","status":"publish","type":"page","link":"https:\/\/greenlandseafood.eu\/fr\/nos-filets-naturels-enrobes\/","title":{"rendered":"NOS FILETS NATURELS ENROB\u00c9S"},"content":{"rendered":"<div  class='flex_column av-269hl1-35954a51de490faa760a40b7f98afdc4 av_one_half  avia-builder-el-0  el_before_av_one_half  avia-builder-el-first  first flex_column_div  '     ><style type=\"text\/css\" data-created_by=\"avia_inline_auto\" id=\"style-css-av-k24nms2g-4358b73312c19034d23416fedc33662a\">\n#top .avia-gallery.av-k24nms2g-4358b73312c19034d23416fedc33662a .avia-gallery-thumb a{\nwidth:20%;\n}\n<\/style>\n<div  class='avia-gallery av-k24nms2g-4358b73312c19034d23416fedc33662a avia_animate_when_visible  avia-builder-el-1  avia-builder-el-no-sibling  deactivate_avia_lazyload av-slideshow-ui av-loop-manual-endless av-control-hidden av-navigate-arrows hover-effect av-control-hidden avia-gallery-animate avia-gallery-1'  itemprop=\"image\" itemscope=\"itemscope\" itemtype=\"https:\/\/schema.org\/ImageObject\" ><meta itemprop=\"contentURL\" content=\"https:\/\/greenlandseafood.eu\/fr\/nos-filets-naturels-enrobes\/\"><a class='avia-gallery-big fakeLightbox lightbox avia-gallery-big-crop-thumb ' href=\"https:\/\/greenlandseafood.eu\/wp-content\/uploads\/2024\/02\/Natural-fillet-lemon-crushed-black-pepper.jpg\" data-srcset=\"https:\/\/greenlandseafood.eu\/wp-content\/uploads\/2024\/02\/Natural-fillet-lemon-crushed-black-pepper.jpg 534w, https:\/\/greenlandseafood.eu\/wp-content\/uploads\/2024\/02\/Natural-fillet-lemon-crushed-black-pepper-200x300.jpg 200w, https:\/\/greenlandseafood.eu\/wp-content\/uploads\/2024\/02\/Natural-fillet-lemon-crushed-black-pepper-471x705.jpg 471w\" data-sizes=\"(max-width: 534px) 100vw, 534px\"  data-onclick='1' title='Natural fillet lemon &amp; crushed black pepper' ><span class='avia-gallery-big-inner'  itemprop=\"thumbnailUrl\" ><img decoding=\"async\" fetchpriority=\"high\" class=\"wp-image-15420 avia-img-lazy-loading-not-15420\"  width=\"534\" height=\"684\" src=\"https:\/\/greenlandseafood.eu\/wp-content\/uploads\/2024\/02\/Natural-fillet-lemon-crushed-black-pepper-534x684.jpg\" title='Natural fillet lemon &amp; crushed black pepper' alt='' \/><\/span><\/a><div class='avia-gallery-thumb'><a href=\"https:\/\/greenlandseafood.eu\/wp-content\/uploads\/2024\/02\/Natural-fillet-lemon-crushed-black-pepper.jpg\" data-srcset=\"https:\/\/greenlandseafood.eu\/wp-content\/uploads\/2024\/02\/Natural-fillet-lemon-crushed-black-pepper.jpg 534w, https:\/\/greenlandseafood.eu\/wp-content\/uploads\/2024\/02\/Natural-fillet-lemon-crushed-black-pepper-200x300.jpg 200w, https:\/\/greenlandseafood.eu\/wp-content\/uploads\/2024\/02\/Natural-fillet-lemon-crushed-black-pepper-471x705.jpg 471w\" data-sizes=\"(max-width: 534px) 100vw, 534px\" data-rel='gallery-1' data-prev-img='https:\/\/greenlandseafood.eu\/wp-content\/uploads\/2024\/02\/Natural-fillet-lemon-crushed-black-pepper-534x684.jpg' class='first_thumb lightbox ' data-onclick='1' title='Natural fillet lemon &amp; crushed black pepper'  itemprop=\"thumbnailUrl\"  ><img decoding=\"async\" fetchpriority=\"high\" class=\"wp-image-15420 avia-img-lazy-loading-not-15420\"   src=\"https:\/\/greenlandseafood.eu\/wp-content\/uploads\/2024\/02\/Natural-fillet-lemon-crushed-black-pepper-495x400.jpg\" width=\"495\" height=\"400\"  title='Natural fillet lemon &amp; crushed black pepper' alt='' srcset=\"https:\/\/greenlandseafood.eu\/wp-content\/uploads\/2024\/02\/Natural-fillet-lemon-crushed-black-pepper-495x400.jpg 495w, https:\/\/greenlandseafood.eu\/wp-content\/uploads\/2024\/02\/Natural-fillet-lemon-crushed-black-pepper-534x430.jpg 534w\" sizes=\"(max-width: 495px) 100vw, 495px\" \/><div class='big-prev-fake'><img decoding=\"async\" loading=\"lazy\" class=\"wp-image-15420 avia-img-lazy-loading-15420\"  width=\"534\" height=\"684\" src=\"https:\/\/greenlandseafood.eu\/wp-content\/uploads\/2024\/02\/Natural-fillet-lemon-crushed-black-pepper-534x684.jpg\" title='Natural fillet lemon &amp; crushed black pepper' alt='' \/><\/div><\/a><a href=\"https:\/\/greenlandseafood.eu\/wp-content\/uploads\/2024\/02\/Natural-fillet-rosemary-crushed-black-pepper.jpg\" data-srcset=\"https:\/\/greenlandseafood.eu\/wp-content\/uploads\/2024\/02\/Natural-fillet-rosemary-crushed-black-pepper.jpg 534w, https:\/\/greenlandseafood.eu\/wp-content\/uploads\/2024\/02\/Natural-fillet-rosemary-crushed-black-pepper-200x300.jpg 200w, https:\/\/greenlandseafood.eu\/wp-content\/uploads\/2024\/02\/Natural-fillet-rosemary-crushed-black-pepper-471x705.jpg 471w\" data-sizes=\"(max-width: 534px) 100vw, 534px\" data-rel='gallery-1' data-prev-img='https:\/\/greenlandseafood.eu\/wp-content\/uploads\/2024\/02\/Natural-fillet-rosemary-crushed-black-pepper-534x684.jpg' class='lightbox ' data-onclick='2' title='Natural fillet rosemary &amp; crushed black pepper'  itemprop=\"thumbnailUrl\"  ><img decoding=\"async\" fetchpriority=\"high\" class=\"wp-image-15424 avia-img-lazy-loading-not-15424\"   src=\"https:\/\/greenlandseafood.eu\/wp-content\/uploads\/2024\/02\/Natural-fillet-rosemary-crushed-black-pepper-495x400.jpg\" width=\"495\" height=\"400\"  title='Natural fillet rosemary &amp; crushed black pepper' alt='' srcset=\"https:\/\/greenlandseafood.eu\/wp-content\/uploads\/2024\/02\/Natural-fillet-rosemary-crushed-black-pepper-495x400.jpg 495w, https:\/\/greenlandseafood.eu\/wp-content\/uploads\/2024\/02\/Natural-fillet-rosemary-crushed-black-pepper-534x430.jpg 534w\" sizes=\"(max-width: 495px) 100vw, 495px\" \/><div class='big-prev-fake'><img decoding=\"async\" loading=\"lazy\" class=\"wp-image-15424 avia-img-lazy-loading-15424\"  width=\"534\" height=\"684\" src=\"https:\/\/greenlandseafood.eu\/wp-content\/uploads\/2024\/02\/Natural-fillet-rosemary-crushed-black-pepper-534x684.jpg\" title='Natural fillet rosemary &amp; crushed black pepper' alt='' \/><\/div><\/a><a href=\"https:\/\/greenlandseafood.eu\/wp-content\/uploads\/2024\/02\/Natural-Fillet-Tomato-Oregano.jpg\" data-srcset=\"https:\/\/greenlandseafood.eu\/wp-content\/uploads\/2024\/02\/Natural-Fillet-Tomato-Oregano.jpg 534w, https:\/\/greenlandseafood.eu\/wp-content\/uploads\/2024\/02\/Natural-Fillet-Tomato-Oregano-200x300.jpg 200w, https:\/\/greenlandseafood.eu\/wp-content\/uploads\/2024\/02\/Natural-Fillet-Tomato-Oregano-471x705.jpg 471w\" data-sizes=\"(max-width: 534px) 100vw, 534px\" data-rel='gallery-1' data-prev-img='https:\/\/greenlandseafood.eu\/wp-content\/uploads\/2024\/02\/Natural-Fillet-Tomato-Oregano-534x684.jpg' class='lightbox ' data-onclick='3' title='Natural Fillet Tomato Oregano'  itemprop=\"thumbnailUrl\"  ><img decoding=\"async\" fetchpriority=\"high\" class=\"wp-image-15428 avia-img-lazy-loading-not-15428\"   src=\"https:\/\/greenlandseafood.eu\/wp-content\/uploads\/2024\/02\/Natural-Fillet-Tomato-Oregano-495x400.jpg\" width=\"495\" height=\"400\"  title='Natural Fillet Tomato Oregano' alt='' srcset=\"https:\/\/greenlandseafood.eu\/wp-content\/uploads\/2024\/02\/Natural-Fillet-Tomato-Oregano-495x400.jpg 495w, https:\/\/greenlandseafood.eu\/wp-content\/uploads\/2024\/02\/Natural-Fillet-Tomato-Oregano-534x430.jpg 534w\" sizes=\"(max-width: 495px) 100vw, 495px\" \/><div class='big-prev-fake'><img decoding=\"async\" loading=\"lazy\" class=\"wp-image-15428 avia-img-lazy-loading-15428\"  width=\"534\" height=\"684\" src=\"https:\/\/greenlandseafood.eu\/wp-content\/uploads\/2024\/02\/Natural-Fillet-Tomato-Oregano-534x684.jpg\" title='Natural Fillet Tomato Oregano' alt='' \/><\/div><\/a><a href=\"https:\/\/greenlandseafood.eu\/wp-content\/uploads\/2024\/02\/Still_Natural-Fillet-Classic-Meuniere.jpg\" data-srcset=\"https:\/\/greenlandseafood.eu\/wp-content\/uploads\/2024\/02\/Still_Natural-Fillet-Classic-Meuniere.jpg 534w, https:\/\/greenlandseafood.eu\/wp-content\/uploads\/2024\/02\/Still_Natural-Fillet-Classic-Meuniere-200x300.jpg 200w, https:\/\/greenlandseafood.eu\/wp-content\/uploads\/2024\/02\/Still_Natural-Fillet-Classic-Meuniere-471x705.jpg 471w\" data-sizes=\"(max-width: 534px) 100vw, 534px\" data-rel='gallery-1' data-prev-img='https:\/\/greenlandseafood.eu\/wp-content\/uploads\/2024\/02\/Still_Natural-Fillet-Classic-Meuniere-534x684.jpg' class='lightbox ' data-onclick='4' title='Still_Natural Fillet Classic Meuni\u00e8re'  itemprop=\"thumbnailUrl\"  ><img decoding=\"async\" fetchpriority=\"high\" class=\"wp-image-15432 avia-img-lazy-loading-not-15432\"   src=\"https:\/\/greenlandseafood.eu\/wp-content\/uploads\/2024\/02\/Still_Natural-Fillet-Classic-Meuniere-495x400.jpg\" width=\"495\" height=\"400\"  title='Still_Natural Fillet Classic Meuni\u00e8re' alt='' srcset=\"https:\/\/greenlandseafood.eu\/wp-content\/uploads\/2024\/02\/Still_Natural-Fillet-Classic-Meuniere-495x400.jpg 495w, https:\/\/greenlandseafood.eu\/wp-content\/uploads\/2024\/02\/Still_Natural-Fillet-Classic-Meuniere-534x430.jpg 534w\" sizes=\"(max-width: 495px) 100vw, 495px\" \/><div class='big-prev-fake'><img decoding=\"async\" loading=\"lazy\" class=\"wp-image-15432 avia-img-lazy-loading-15432\"  width=\"534\" height=\"684\" src=\"https:\/\/greenlandseafood.eu\/wp-content\/uploads\/2024\/02\/Still_Natural-Fillet-Classic-Meuniere-534x684.jpg\" title='Still_Natural Fillet Classic Meuni\u00e8re' alt='' \/><\/div><\/a><a href=\"https:\/\/greenlandseafood.eu\/wp-content\/uploads\/2024\/02\/Still_natural-fillet-seedbreading.jpg\" data-srcset=\"https:\/\/greenlandseafood.eu\/wp-content\/uploads\/2024\/02\/Still_natural-fillet-seedbreading.jpg 534w, https:\/\/greenlandseafood.eu\/wp-content\/uploads\/2024\/02\/Still_natural-fillet-seedbreading-200x300.jpg 200w, https:\/\/greenlandseafood.eu\/wp-content\/uploads\/2024\/02\/Still_natural-fillet-seedbreading-471x705.jpg 471w\" data-sizes=\"(max-width: 534px) 100vw, 534px\" data-rel='gallery-1' data-prev-img='https:\/\/greenlandseafood.eu\/wp-content\/uploads\/2024\/02\/Still_natural-fillet-seedbreading-534x684.jpg' class='lightbox ' data-onclick='5' title='Still_natural fillet seedbreading'  itemprop=\"thumbnailUrl\"  ><img decoding=\"async\" fetchpriority=\"high\" class=\"wp-image-15436 avia-img-lazy-loading-not-15436\"   src=\"https:\/\/greenlandseafood.eu\/wp-content\/uploads\/2024\/02\/Still_natural-fillet-seedbreading-495x400.jpg\" width=\"495\" height=\"400\"  title='Still_natural fillet seedbreading' alt='' srcset=\"https:\/\/greenlandseafood.eu\/wp-content\/uploads\/2024\/02\/Still_natural-fillet-seedbreading-495x400.jpg 495w, https:\/\/greenlandseafood.eu\/wp-content\/uploads\/2024\/02\/Still_natural-fillet-seedbreading-534x430.jpg 534w\" sizes=\"(max-width: 495px) 100vw, 495px\" \/><div class='big-prev-fake'><img decoding=\"async\" loading=\"lazy\" class=\"wp-image-15436 avia-img-lazy-loading-15436\"  width=\"534\" height=\"684\" src=\"https:\/\/greenlandseafood.eu\/wp-content\/uploads\/2024\/02\/Still_natural-fillet-seedbreading-534x684.jpg\" title='Still_natural fillet seedbreading' alt='' \/><\/div><\/a><\/div><\/div><\/div><div  class='flex_column av-i4gs91-d6673ef508bd384d70908078a8f2aa64 av_one_half  avia-builder-el-2  el_after_av_one_half  avia-builder-el-last  flex_column_div  '     ><section  class='av_textblock_section av-ftxw39-cd60cd468ba3f6cea14216cd2be1afa6 '   itemscope=\"itemscope\" itemtype=\"https:\/\/schema.org\/CreativeWork\" ><div class='avia_textblock'  itemprop=\"text\" ><h1><span style=\"font-size: 18pt;\"><strong>Nos filets naturels enrob\u00e9s<\/strong><\/span><\/h1>\n<p><span style=\"font-size: 10pt;\">Derniers n\u00e9s dans notre assortiment, d\u00e9couvrez nos filets de poisson naturels certifi\u00e9s MSC, enrob\u00e9s de panures innovantes et croustillantes.<\/span><\/p>\n<p><span style=\"font-size: 10pt;\">Cette gamme de produits premium est d\u00e9clin\u00e9e en plusieurs recettes\u00a0: Meuni\u00e8re Classique, Romarin &amp; Poivre Noir Concass\u00e9, Tomate &amp; Origan, Sel de Mer &amp; Poivre Noir Concass\u00e9, Enrobage aux graines, Citron &amp; Poivre Noir Concass\u00e9.<\/span><\/p>\n<\/div><\/section><br \/>\n\n<style type=\"text\/css\" data-created_by=\"avia_inline_auto\" id=\"style-css-av-k2k6t3an-ab2d6c78edea2dc7b7f9be286c54bb03\">\n#top .hr.av-k2k6t3an-ab2d6c78edea2dc7b7f9be286c54bb03{\nmargin-top:0,5px;\nmargin-bottom:0,5px;\n}\n.hr.av-k2k6t3an-ab2d6c78edea2dc7b7f9be286c54bb03 .hr-inner{\nwidth:50px;\n}\n<\/style>\n<div  class='hr av-k2k6t3an-ab2d6c78edea2dc7b7f9be286c54bb03 hr-custom  avia-builder-el-4  el_after_av_textblock  avia-builder-el-last  hr-center hr-icon-no'><span class='hr-inner inner-border-av-border-thin'><span class=\"hr-inner-style\"><\/span><\/span><\/div><\/p><\/div><\/p>\n","protected":false},"excerpt":{"rendered":"","protected":false},"author":7,"featured_media":0,"parent":0,"menu_order":0,"comment_status":"closed","ping_status":"open","template":"","meta":{"_acf_changed":false,"footnotes":""},"class_list":["post-3641","page","type-page","status-publish","hentry"],"acf":[],"_links":{"self":[{"href":"https:\/\/greenlandseafood.eu\/fr\/wp-json\/wp\/v2\/pages\/3641","targetHints":{"allow":["GET"]}}],"collection":[{"href":"https:\/\/greenlandseafood.eu\/fr\/wp-json\/wp\/v2\/pages"}],"about":[{"href":"https:\/\/greenlandseafood.eu\/fr\/wp-json\/wp\/v2\/types\/page"}],"author":[{"embeddable":true,"href":"https:\/\/greenlandseafood.eu\/fr\/wp-json\/wp\/v2\/users\/7"}],"replies":[{"embeddable":true,"href":"https:\/\/greenlandseafood.eu\/fr\/wp-json\/wp\/v2\/comments?post=3641"}],"version-history":[{"count":0,"href":"https:\/\/greenlandseafood.eu\/fr\/wp-json\/wp\/v2\/pages\/3641\/revisions"}],"wp:attachment":[{"href":"https:\/\/greenlandseafood.eu\/fr\/wp-json\/wp\/v2\/media?parent=3641"}],"curies":[{"name":"wp","href":"https:\/\/api.w.org\/{rel}","templated":true}]}}