{"id":3644,"date":"2014-10-10T19:32:21","date_gmt":"2014-10-10T17:32:21","guid":{"rendered":"https:\/\/dev.greenlandseafood.eu\/?page_id=3644"},"modified":"2024-02-01T13:32:30","modified_gmt":"2024-02-01T12:32:30","slug":"nos-marques","status":"publish","type":"page","link":"https:\/\/greenlandseafood.eu\/fr\/nos-marques\/","title":{"rendered":"Nos marques"},"content":{"rendered":"<div  class='flex_column av-mbmazp-c69d91547950feae4ec53510af522df9 av_one_half  avia-builder-el-0  el_before_av_one_half  avia-builder-el-first  first flex_column_div  '     ><style type=\"text\/css\" data-created_by=\"avia_inline_auto\" id=\"style-css-av-kbtb4mnb-d5dc4ef868b3d74fc50d6d8aa542f1f4\">\n#top .avia-gallery.av-kbtb4mnb-d5dc4ef868b3d74fc50d6d8aa542f1f4 .avia-gallery-thumb a{\nwidth:25%;\n}\n<\/style>\n<div  class='avia-gallery av-kbtb4mnb-d5dc4ef868b3d74fc50d6d8aa542f1f4 avia_animate_when_visible  avia-builder-el-1  avia-builder-el-no-sibling  avia_lazyload av-slideshow-ui av-loop-manual-endless av-control-hidden av-navigate-arrows hover-effect av-control-hidden avia-gallery-animate avia-gallery-1'  itemprop=\"image\" itemscope=\"itemscope\" itemtype=\"https:\/\/schema.org\/ImageObject\" ><meta itemprop=\"contentURL\" content=\"https:\/\/greenlandseafood.eu\/fr\/nos-marques\/\"><a class='avia-gallery-big fakeLightbox lightbox avia-gallery-big-crop-thumb ' href=\"https:\/\/greenlandseafood.eu\/wp-content\/uploads\/2024\/02\/greenland-packshotabbildungen-marken-steg-marefino-3_01.jpg\" data-srcset=\"https:\/\/greenlandseafood.eu\/wp-content\/uploads\/2024\/02\/greenland-packshotabbildungen-marken-steg-marefino-3_01.jpg 1000w, https:\/\/greenlandseafood.eu\/wp-content\/uploads\/2024\/02\/greenland-packshotabbildungen-marken-steg-marefino-3_01-300x248.jpg 300w, https:\/\/greenlandseafood.eu\/wp-content\/uploads\/2024\/02\/greenland-packshotabbildungen-marken-steg-marefino-3_01-768x636.jpg 768w, https:\/\/greenlandseafood.eu\/wp-content\/uploads\/2024\/02\/greenland-packshotabbildungen-marken-steg-marefino-3_01-705x584.jpg 705w\" data-sizes=\"(max-width: 1000px) 100vw, 1000px\"  data-onclick='1' title='greenland-packshotabbildungen-marken-steg-marefino-3_01' ><span class='avia-gallery-big-inner'  itemprop=\"thumbnailUrl\" ><img decoding=\"async\" fetchpriority=\"high\" class=\"wp-image-15330 avia-img-lazy-loading-not-15330\"  width=\"845\" height=\"684\" src=\"https:\/\/greenlandseafood.eu\/wp-content\/uploads\/2024\/02\/greenland-packshotabbildungen-marken-steg-marefino-3_01-845x684.jpg\" title='greenland-packshotabbildungen-marken-steg-marefino-3_01' alt='' srcset=\"https:\/\/greenlandseafood.eu\/wp-content\/uploads\/2024\/02\/greenland-packshotabbildungen-marken-steg-marefino-3_01-845x684.jpg 845w, https:\/\/greenlandseafood.eu\/wp-content\/uploads\/2024\/02\/greenland-packshotabbildungen-marken-steg-marefino-3_01-495x400.jpg 495w\" sizes=\"(max-width: 845px) 100vw, 845px\" \/><\/span><\/a><div class='avia-gallery-thumb'><a href=\"https:\/\/greenlandseafood.eu\/wp-content\/uploads\/2024\/02\/greenland-packshotabbildungen-marken-steg-marefino-3_01.jpg\" data-srcset=\"https:\/\/greenlandseafood.eu\/wp-content\/uploads\/2024\/02\/greenland-packshotabbildungen-marken-steg-marefino-3_01.jpg 1000w, https:\/\/greenlandseafood.eu\/wp-content\/uploads\/2024\/02\/greenland-packshotabbildungen-marken-steg-marefino-3_01-300x248.jpg 300w, https:\/\/greenlandseafood.eu\/wp-content\/uploads\/2024\/02\/greenland-packshotabbildungen-marken-steg-marefino-3_01-768x636.jpg 768w, https:\/\/greenlandseafood.eu\/wp-content\/uploads\/2024\/02\/greenland-packshotabbildungen-marken-steg-marefino-3_01-705x584.jpg 705w\" data-sizes=\"(max-width: 1000px) 100vw, 1000px\" data-rel='gallery-1' data-prev-img='https:\/\/greenlandseafood.eu\/wp-content\/uploads\/2024\/02\/greenland-packshotabbildungen-marken-steg-marefino-3_01-845x684.jpg' class='first_thumb lightbox ' data-onclick='1' title='greenland-packshotabbildungen-marken-steg-marefino-3_01'  itemprop=\"thumbnailUrl\"  ><img decoding=\"async\" fetchpriority=\"high\" class=\"wp-image-15330 avia-img-lazy-loading-not-15330\"   src=\"https:\/\/greenlandseafood.eu\/wp-content\/uploads\/2024\/02\/greenland-packshotabbildungen-marken-steg-marefino-3_01-845x684.jpg\" width=\"845\" height=\"684\"  title='greenland-packshotabbildungen-marken-steg-marefino-3_01' alt='' srcset=\"https:\/\/greenlandseafood.eu\/wp-content\/uploads\/2024\/02\/greenland-packshotabbildungen-marken-steg-marefino-3_01-845x684.jpg 845w, https:\/\/greenlandseafood.eu\/wp-content\/uploads\/2024\/02\/greenland-packshotabbildungen-marken-steg-marefino-3_01-495x400.jpg 495w\" sizes=\"(max-width: 845px) 100vw, 845px\" \/><div class='big-prev-fake'><img decoding=\"async\" loading=\"lazy\" class=\"wp-image-15330 avia-img-lazy-loading-15330\"  width=\"845\" height=\"684\" src=\"https:\/\/greenlandseafood.eu\/wp-content\/uploads\/2024\/02\/greenland-packshotabbildungen-marken-steg-marefino-3_01-845x684.jpg\" title='greenland-packshotabbildungen-marken-steg-marefino-3_01' alt='' srcset=\"https:\/\/greenlandseafood.eu\/wp-content\/uploads\/2024\/02\/greenland-packshotabbildungen-marken-steg-marefino-3_01-845x684.jpg 845w, https:\/\/greenlandseafood.eu\/wp-content\/uploads\/2024\/02\/greenland-packshotabbildungen-marken-steg-marefino-3_01-495x400.jpg 495w\" sizes=\"auto, (max-width: 845px) 100vw, 845px\" \/><\/div><\/a><a href=\"https:\/\/greenlandseafood.eu\/wp-content\/uploads\/2024\/02\/greenland-packshotabbildungen-marken-steg-marefino-usa-rgb-1_01.jpg\" data-srcset=\"https:\/\/greenlandseafood.eu\/wp-content\/uploads\/2024\/02\/greenland-packshotabbildungen-marken-steg-marefino-usa-rgb-1_01.jpg 1000w, https:\/\/greenlandseafood.eu\/wp-content\/uploads\/2024\/02\/greenland-packshotabbildungen-marken-steg-marefino-usa-rgb-1_01-300x248.jpg 300w, https:\/\/greenlandseafood.eu\/wp-content\/uploads\/2024\/02\/greenland-packshotabbildungen-marken-steg-marefino-usa-rgb-1_01-768x636.jpg 768w, https:\/\/greenlandseafood.eu\/wp-content\/uploads\/2024\/02\/greenland-packshotabbildungen-marken-steg-marefino-usa-rgb-1_01-705x584.jpg 705w\" data-sizes=\"(max-width: 1000px) 100vw, 1000px\" data-rel='gallery-1' data-prev-img='https:\/\/greenlandseafood.eu\/wp-content\/uploads\/2024\/02\/greenland-packshotabbildungen-marken-steg-marefino-usa-rgb-1_01-845x684.jpg' class='lightbox ' data-onclick='2' title='greenland-packshotabbildungen-marken-steg-marefino-usa-rgb-1_01'  itemprop=\"thumbnailUrl\"  ><img decoding=\"async\" fetchpriority=\"high\" class=\"wp-image-15334 avia-img-lazy-loading-not-15334\"   src=\"https:\/\/greenlandseafood.eu\/wp-content\/uploads\/2024\/02\/greenland-packshotabbildungen-marken-steg-marefino-usa-rgb-1_01-845x684.jpg\" width=\"845\" height=\"684\"  title='greenland-packshotabbildungen-marken-steg-marefino-usa-rgb-1_01' alt='' srcset=\"https:\/\/greenlandseafood.eu\/wp-content\/uploads\/2024\/02\/greenland-packshotabbildungen-marken-steg-marefino-usa-rgb-1_01-845x684.jpg 845w, https:\/\/greenlandseafood.eu\/wp-content\/uploads\/2024\/02\/greenland-packshotabbildungen-marken-steg-marefino-usa-rgb-1_01-495x400.jpg 495w\" sizes=\"(max-width: 845px) 100vw, 845px\" \/><div class='big-prev-fake'><img decoding=\"async\" loading=\"lazy\" class=\"wp-image-15334 avia-img-lazy-loading-15334\"  width=\"845\" height=\"684\" src=\"https:\/\/greenlandseafood.eu\/wp-content\/uploads\/2024\/02\/greenland-packshotabbildungen-marken-steg-marefino-usa-rgb-1_01-845x684.jpg\" title='greenland-packshotabbildungen-marken-steg-marefino-usa-rgb-1_01' alt='' srcset=\"https:\/\/greenlandseafood.eu\/wp-content\/uploads\/2024\/02\/greenland-packshotabbildungen-marken-steg-marefino-usa-rgb-1_01-845x684.jpg 845w, https:\/\/greenlandseafood.eu\/wp-content\/uploads\/2024\/02\/greenland-packshotabbildungen-marken-steg-marefino-usa-rgb-1_01-495x400.jpg 495w\" sizes=\"auto, (max-width: 845px) 100vw, 845px\" \/><\/div><\/a><a href=\"https:\/\/greenlandseafood.eu\/wp-content\/uploads\/2024\/02\/greenland-packshotabbildungen-marken-steg-seaside-3_01.jpg\" data-srcset=\"https:\/\/greenlandseafood.eu\/wp-content\/uploads\/2024\/02\/greenland-packshotabbildungen-marken-steg-seaside-3_01.jpg 1000w, https:\/\/greenlandseafood.eu\/wp-content\/uploads\/2024\/02\/greenland-packshotabbildungen-marken-steg-seaside-3_01-300x248.jpg 300w, https:\/\/greenlandseafood.eu\/wp-content\/uploads\/2024\/02\/greenland-packshotabbildungen-marken-steg-seaside-3_01-768x636.jpg 768w, https:\/\/greenlandseafood.eu\/wp-content\/uploads\/2024\/02\/greenland-packshotabbildungen-marken-steg-seaside-3_01-705x584.jpg 705w\" data-sizes=\"(max-width: 1000px) 100vw, 1000px\" data-rel='gallery-1' data-prev-img='https:\/\/greenlandseafood.eu\/wp-content\/uploads\/2024\/02\/greenland-packshotabbildungen-marken-steg-seaside-3_01-845x684.jpg' class='lightbox ' data-onclick='3' title='greenland-packshotabbildungen-marken-steg-seaside-3_01'  itemprop=\"thumbnailUrl\"  ><img decoding=\"async\" fetchpriority=\"high\" class=\"wp-image-15338 avia-img-lazy-loading-not-15338\"   src=\"https:\/\/greenlandseafood.eu\/wp-content\/uploads\/2024\/02\/greenland-packshotabbildungen-marken-steg-seaside-3_01-845x684.jpg\" width=\"845\" height=\"684\"  title='greenland-packshotabbildungen-marken-steg-seaside-3_01' alt='' srcset=\"https:\/\/greenlandseafood.eu\/wp-content\/uploads\/2024\/02\/greenland-packshotabbildungen-marken-steg-seaside-3_01-845x684.jpg 845w, https:\/\/greenlandseafood.eu\/wp-content\/uploads\/2024\/02\/greenland-packshotabbildungen-marken-steg-seaside-3_01-495x400.jpg 495w\" sizes=\"(max-width: 845px) 100vw, 845px\" \/><div class='big-prev-fake'><img decoding=\"async\" loading=\"lazy\" class=\"wp-image-15338 avia-img-lazy-loading-15338\"  width=\"845\" height=\"684\" src=\"https:\/\/greenlandseafood.eu\/wp-content\/uploads\/2024\/02\/greenland-packshotabbildungen-marken-steg-seaside-3_01-845x684.jpg\" title='greenland-packshotabbildungen-marken-steg-seaside-3_01' alt='' srcset=\"https:\/\/greenlandseafood.eu\/wp-content\/uploads\/2024\/02\/greenland-packshotabbildungen-marken-steg-seaside-3_01-845x684.jpg 845w, https:\/\/greenlandseafood.eu\/wp-content\/uploads\/2024\/02\/greenland-packshotabbildungen-marken-steg-seaside-3_01-495x400.jpg 495w\" sizes=\"auto, (max-width: 845px) 100vw, 845px\" \/><\/div><\/a><a href=\"https:\/\/greenlandseafood.eu\/wp-content\/uploads\/2024\/02\/greenland-packshotabbildungen-marken-steg-yourfish-3_01.jpg\" data-srcset=\"https:\/\/greenlandseafood.eu\/wp-content\/uploads\/2024\/02\/greenland-packshotabbildungen-marken-steg-yourfish-3_01.jpg 1000w, https:\/\/greenlandseafood.eu\/wp-content\/uploads\/2024\/02\/greenland-packshotabbildungen-marken-steg-yourfish-3_01-300x248.jpg 300w, https:\/\/greenlandseafood.eu\/wp-content\/uploads\/2024\/02\/greenland-packshotabbildungen-marken-steg-yourfish-3_01-768x636.jpg 768w, https:\/\/greenlandseafood.eu\/wp-content\/uploads\/2024\/02\/greenland-packshotabbildungen-marken-steg-yourfish-3_01-705x584.jpg 705w\" data-sizes=\"(max-width: 1000px) 100vw, 1000px\" data-rel='gallery-1' data-prev-img='https:\/\/greenlandseafood.eu\/wp-content\/uploads\/2024\/02\/greenland-packshotabbildungen-marken-steg-yourfish-3_01-845x684.jpg' class='lightbox ' data-onclick='4' title='greenland-packshotabbildungen-marken-steg-yourfish-3_01'  itemprop=\"thumbnailUrl\"  ><img decoding=\"async\" fetchpriority=\"high\" class=\"wp-image-15342 avia-img-lazy-loading-not-15342\"   src=\"https:\/\/greenlandseafood.eu\/wp-content\/uploads\/2024\/02\/greenland-packshotabbildungen-marken-steg-yourfish-3_01-845x684.jpg\" width=\"845\" height=\"684\"  title='greenland-packshotabbildungen-marken-steg-yourfish-3_01' alt='' srcset=\"https:\/\/greenlandseafood.eu\/wp-content\/uploads\/2024\/02\/greenland-packshotabbildungen-marken-steg-yourfish-3_01-845x684.jpg 845w, https:\/\/greenlandseafood.eu\/wp-content\/uploads\/2024\/02\/greenland-packshotabbildungen-marken-steg-yourfish-3_01-495x400.jpg 495w\" sizes=\"(max-width: 845px) 100vw, 845px\" \/><div class='big-prev-fake'><img decoding=\"async\" loading=\"lazy\" class=\"wp-image-15342 avia-img-lazy-loading-15342\"  width=\"845\" height=\"684\" src=\"https:\/\/greenlandseafood.eu\/wp-content\/uploads\/2024\/02\/greenland-packshotabbildungen-marken-steg-yourfish-3_01-845x684.jpg\" title='greenland-packshotabbildungen-marken-steg-yourfish-3_01' alt='' srcset=\"https:\/\/greenlandseafood.eu\/wp-content\/uploads\/2024\/02\/greenland-packshotabbildungen-marken-steg-yourfish-3_01-845x684.jpg 845w, https:\/\/greenlandseafood.eu\/wp-content\/uploads\/2024\/02\/greenland-packshotabbildungen-marken-steg-yourfish-3_01-495x400.jpg 495w\" sizes=\"auto, (max-width: 845px) 100vw, 845px\" \/><\/div><\/a><\/div><\/div><\/div><div  class='flex_column av-i2j47p-6585c5004e3d96b9cc81645e5f9f7314 av_one_half  avia-builder-el-2  el_after_av_one_half  avia-builder-el-last  flex_column_div  '     ><section  class='av_textblock_section av-f3dy6t-45d84a68f287a1e074b7cfeba70849e4 '   itemscope=\"itemscope\" itemtype=\"https:\/\/schema.org\/CreativeWork\" ><div class='avia_textblock'  itemprop=\"text\" ><h1><span style=\"font-size: 18pt;\">Nos marques<br \/>\n<\/span><\/h1>\n<p><span style=\"font-size: 10pt;\">Bien qu&rsquo;expert des marques de distribution, nous proposons \u00e9galement sous nos marques propres, des assortiments de produits sur mesure r\u00e9pondant aux tendances de consommation au niveau international.<\/span><\/p>\n<p><span style=\"font-size: 10pt;\">Nos gammes couvrent les besoins du march\u00e9 et garantissent une grande flexibilit\u00e9 aussi bien pour des r\u00e9f\u00e9rencements que pour des activit\u00e9s promotionnelles.<\/span><\/p>\n<\/div><\/section><\/div><\/p>\n","protected":false},"excerpt":{"rendered":"","protected":false},"author":7,"featured_media":0,"parent":0,"menu_order":0,"comment_status":"closed","ping_status":"open","template":"","meta":{"_acf_changed":false,"footnotes":""},"class_list":["post-3644","page","type-page","status-publish","hentry"],"acf":[],"_links":{"self":[{"href":"https:\/\/greenlandseafood.eu\/fr\/wp-json\/wp\/v2\/pages\/3644","targetHints":{"allow":["GET"]}}],"collection":[{"href":"https:\/\/greenlandseafood.eu\/fr\/wp-json\/wp\/v2\/pages"}],"about":[{"href":"https:\/\/greenlandseafood.eu\/fr\/wp-json\/wp\/v2\/types\/page"}],"author":[{"embeddable":true,"href":"https:\/\/greenlandseafood.eu\/fr\/wp-json\/wp\/v2\/users\/7"}],"replies":[{"embeddable":true,"href":"https:\/\/greenlandseafood.eu\/fr\/wp-json\/wp\/v2\/comments?post=3644"}],"version-history":[{"count":0,"href":"https:\/\/greenlandseafood.eu\/fr\/wp-json\/wp\/v2\/pages\/3644\/revisions"}],"wp:attachment":[{"href":"https:\/\/greenlandseafood.eu\/fr\/wp-json\/wp\/v2\/media?parent=3644"}],"curies":[{"name":"wp","href":"https:\/\/api.w.org\/{rel}","templated":true}]}}