{"id":3646,"date":"2014-10-10T19:33:16","date_gmt":"2014-10-10T17:33:16","guid":{"rendered":"https:\/\/dev.greenlandseafood.eu\/?page_id=3646"},"modified":"2022-04-01T14:25:15","modified_gmt":"2022-04-01T12:25:15","slug":"notre-savoir-faire","status":"publish","type":"page","link":"https:\/\/greenlandseafood.eu\/fr\/compagnie\/notre-savoir-faire\/","title":{"rendered":"Notre savoir-faire"},"content":{"rendered":"<div  class='flex_column av-mbmazp-c69d91547950feae4ec53510af522df9 av_one_half  avia-builder-el-0  el_before_av_one_half  avia-builder-el-first  first flex_column_div  '     ><p>\n<style type=\"text\/css\" data-created_by=\"avia_inline_auto\" id=\"style-css-av-2bjt45-035dffa9bd578932aaa06a5e144c1961\">\n#top .hr.hr-invisible.av-2bjt45-035dffa9bd578932aaa06a5e144c1961{\nheight:130px;\n}\n<\/style>\n<div  class='hr av-2bjt45-035dffa9bd578932aaa06a5e144c1961 hr-invisible  avia-builder-el-1  el_before_av_image  avia-builder-el-first '><span class='hr-inner '><span class=\"hr-inner-style\"><\/span><\/span><\/div><br \/>\n\n<style type=\"text\/css\" data-created_by=\"avia_inline_auto\" id=\"style-css-av-k2vpycou-12218661310d12a54b3633df3b48f66a\">\n.avia-image-container.av-k2vpycou-12218661310d12a54b3633df3b48f66a img.avia_image{\nbox-shadow:none;\n}\n.avia-image-container.av-k2vpycou-12218661310d12a54b3633df3b48f66a .av-image-caption-overlay-center{\ncolor:#ffffff;\n}\n<\/style>\n<div  class='avia-image-container av-k2vpycou-12218661310d12a54b3633df3b48f66a av-styling- avia-align-center  avia-builder-el-2  el_after_av_hr  avia-builder-el-last '   itemprop=\"image\" itemscope=\"itemscope\" itemtype=\"https:\/\/schema.org\/ImageObject\" ><div class=\"avia-image-container-inner\"><div class=\"avia-image-overlay-wrap\"><img decoding=\"async\" fetchpriority=\"high\" class='wp-image- avia-img-lazy-loading-not- avia_image ' src=\"https:\/\/dev.greenlandseafood.eu\/wp-content\/uploads\/2019\/09\/shutterstock_406343455-845x684.jpg\" alt='' title=''   itemprop=\"thumbnailUrl\"  \/><\/div><\/div><\/div><\/p><\/div>\n\n<style type=\"text\/css\" data-created_by=\"avia_inline_auto\" id=\"style-css-av-2nr81a-38827ae9e80039647416cee78593ecc2\">\n.flex_column.av-2nr81a-38827ae9e80039647416cee78593ecc2{\nborder-radius:0px 0px 0px 0px;\npadding:0px 0px 0px 0px;\n}\n<\/style>\n<div  class='flex_column av-2nr81a-38827ae9e80039647416cee78593ecc2 av_one_half  avia-builder-el-3  el_after_av_one_half  avia-builder-el-last  flex_column_div av-zero-column-padding  '     ><section  class='av_textblock_section av-k6ausf6d-616a68783fdff83f87741a22e693525a '   itemscope=\"itemscope\" itemtype=\"https:\/\/schema.org\/CreativeWork\" ><div class='avia_textblock'  itemprop=\"text\" ><h1><span style=\"font-size: 18pt;\"><strong>NOTRE SAVOIR-FAIRE<\/strong><\/span><\/h1>\n<p><span style=\"font-size: 10pt;\">Comme le veut la coutume, nos usines ultra-modernes sont situ\u00e9es en bordure de mer, plus exactement sur les rives de la mer du Nord \u00e0 Wilhelmshaven (Germany) et Wimille\/Boulogne-sur-Mer (France).<\/span><\/p>\n<p><span style=\"font-size: 10pt;\">Avec plus de 400 employ\u00e9s et situ\u00e9e dans la baie de Jade, notre usine de Wilhelmshaven \u00e9labore l\u2019\u00e9quivalent de 1,3 millions de repas par jour sur nos 10 lignes de productions, tout en garantissant des standards de qualit\u00e9 maximum.<\/span><\/p>\n<p><span style=\"font-size: 10pt;\">Notre usine de Gelmer situ\u00e9e pr\u00e8s de Boulogne-sur-Mer est entr\u00e9e en 2016 dans le giron de la soci\u00e9t\u00e9 Greenland Seafood. Plus de 200 employ\u00e9s y travaillent en 3\/8h sur les 6 lignes de productions afin d\u2019\u00e9laborer des produits \u00e0 fa\u00e7on de poissons pan\u00e9s, beignets de poissons et produits natures. Tous nos employ\u00e9s veillent \u00e0 la flexibilit\u00e9 et \u00e0 la s\u00e9curit\u00e9 de nos approvisionnements et de nos produits finis.<\/span><\/p>\n<p><span style=\"font-size: 10pt;\">Les ma\u00eetres mots de notre \u00e9quipe R&amp;D sont quant \u00e0 eux, une touche de cr\u00e9ativit\u00e9, des ingr\u00e9dients de qualit\u00e9 in\u00e9galable, s\u00e9curit\u00e9 alimentaire et praticit\u00e9, dans le but de vous proposer une large gamme de produits innovants qui \u00e9pousent les tendances de consommation.<\/span><\/p>\n<p><span style=\"font-size: 10pt;\">Notre \u00e9quipe d\u2019experts commerciaux saura traiter dans les plus brefs d\u00e9lais toutes vos demandes et sollicitations avec pour seul objectif de satisfaire vos besoins et ceux des march\u00e9s sur lesquels nous op\u00e9rons. L\u2019\u00e9laboration de produits de la mer est notre m\u00e9tier et nous sommes heureux de pouvoir vous faire b\u00e9n\u00e9ficier de notre savoir-faire et de nos conseils ; N\u2019h\u00e9sitez pas \u00e0 nous solliciter, nous sommes l\u00e0 pour r\u00e9pondre \u00e0 l\u2019ensemble de vos questions !<\/span><\/p>\n<p><span style=\"font-size: 10pt;\">AliSa International GmbH, bas\u00e9e \u00e0 Hambourg, est la soci\u00e9t\u00e9 m\u00e8re des sites de production de Wilhelmshaven et Boulogne-sur-Mer et des filiales commerciales bas\u00e9es \u00e0 Br\u00eame et \u00e0 Paris.<\/span><\/p>\n<p><span style=\"font-size: 10pt;\">Greenland Seafood appartient \u00e0 Sofina Foods Inc., une entreprise priv\u00e9e d\u2019origine canadienne. En s&rsquo;\u00e9tendant en Europe et au Royaume-Uni en 2021, Sofina Foods a \u00e9largi son large portefeuille comprenant des entreprises de fabrication de volaille, de b\u0153uf, de porc et de produits de la mer. Sofina Foods compte plus de 13 000 employ\u00e9s r\u00e9partis sur 19 sites de production au Canada et 23 sites de production au Royaume-Uni, en Irlande, en Allemagne et en France.<\/span><\/p>\n<p><span style=\"font-size: 10pt;\"><strong><a href=\"https:\/\/greenlandseafood.eu\/wp-content\/uploads\/2021\/04\/greenland-code-of-conduct-fr-08-04-2021-x4.pdf\">code de conduite<\/a><\/strong><\/span><\/p>\n<p><a href=\"https:\/\/greenlandseafood.eu\/fr\/portfolio-item\/imagefilm\/\"><strong><span style=\"font-size: 10pt;\">vid\u00e9o d&rsquo;entreprise<\/span><\/strong><\/a><\/p>\n<\/div><\/section><\/div>\n","protected":false},"excerpt":{"rendered":"","protected":false},"author":7,"featured_media":0,"parent":3642,"menu_order":0,"comment_status":"closed","ping_status":"open","template":"","meta":{"_acf_changed":false,"footnotes":""},"class_list":["post-3646","page","type-page","status-publish","hentry"],"acf":[],"_links":{"self":[{"href":"https:\/\/greenlandseafood.eu\/fr\/wp-json\/wp\/v2\/pages\/3646","targetHints":{"allow":["GET"]}}],"collection":[{"href":"https:\/\/greenlandseafood.eu\/fr\/wp-json\/wp\/v2\/pages"}],"about":[{"href":"https:\/\/greenlandseafood.eu\/fr\/wp-json\/wp\/v2\/types\/page"}],"author":[{"embeddable":true,"href":"https:\/\/greenlandseafood.eu\/fr\/wp-json\/wp\/v2\/users\/7"}],"replies":[{"embeddable":true,"href":"https:\/\/greenlandseafood.eu\/fr\/wp-json\/wp\/v2\/comments?post=3646"}],"version-history":[{"count":0,"href":"https:\/\/greenlandseafood.eu\/fr\/wp-json\/wp\/v2\/pages\/3646\/revisions"}],"up":[{"embeddable":true,"href":"https:\/\/greenlandseafood.eu\/fr\/wp-json\/wp\/v2\/pages\/3642"}],"wp:attachment":[{"href":"https:\/\/greenlandseafood.eu\/fr\/wp-json\/wp\/v2\/media?parent=3646"}],"curies":[{"name":"wp","href":"https:\/\/api.w.org\/{rel}","templated":true}]}}