{"id":6289,"date":"2018-05-24T21:47:51","date_gmt":"2018-05-24T19:47:51","guid":{"rendered":"https:\/\/dev.greenlandseafood.eu\/?page_id=6289"},"modified":"2018-08-08T12:56:23","modified_gmt":"2018-08-08T10:56:23","slug":"politique-de-confidentialite","status":"publish","type":"page","link":"https:\/\/greenlandseafood.eu\/fr\/politique-de-confidentialite\/","title":{"rendered":"Politique de Confidentialit\u00e9"},"content":{"rendered":"\n<style type=\"text\/css\" data-created_by=\"avia_inline_auto\" id=\"style-css-av-65vqv5-4a01aaf869f6d027fa17fce4243f06f1\">\n.flex_column.av-65vqv5-4a01aaf869f6d027fa17fce4243f06f1{\nborder-radius:0px 0px 0px 0px;\npadding:0px 0px 0px 0px;\n}\n<\/style>\n<div  class='flex_column av-65vqv5-4a01aaf869f6d027fa17fce4243f06f1 av_one_full  avia-builder-el-0  el_before_av_one_full  avia-builder-el-first  first flex_column_div av-zero-column-padding  '     ><p>\n<style type=\"text\/css\" data-created_by=\"avia_inline_auto\" id=\"style-css-av-av_heading-f3babc99dc9b050399805e4f69d4a574\">\n#top .av-special-heading.av-av_heading-f3babc99dc9b050399805e4f69d4a574{\npadding-bottom:10px;\n}\nbody .av-special-heading.av-av_heading-f3babc99dc9b050399805e4f69d4a574 .av-special-heading-tag .heading-char{\nfont-size:25px;\n}\n.av-special-heading.av-av_heading-f3babc99dc9b050399805e4f69d4a574 .av-subheading{\nfont-size:10px;\n}\n<\/style>\n<div  class='av-special-heading av-av_heading-f3babc99dc9b050399805e4f69d4a574 av-special-heading-h3 meta-heading  avia-builder-el-1  el_before_av_textblock  avia-builder-el-first '><h3 class='av-special-heading-tag '  itemprop=\"headline\"  >Politique de Confidentialit\u00e9<\/h3><div class=\"special-heading-border\"><div class=\"special-heading-inner-border\"><\/div><\/div><\/div><br \/>\n<section  class='av_textblock_section av-jkkzda9b-9ec4c382c62ddc909723d2a2614e16e8 '   itemscope=\"itemscope\" itemtype=\"https:\/\/schema.org\/CreativeWork\" ><div class='avia_textblock'  itemprop=\"text\" ><p><strong>Gestionnaire des donn\u00e9es: <\/strong><br \/>\nGreenland Seafood Europe GmbH, Eduard-Schopf-Allee 1, 28217 Br\u00eame, Allemagne<\/p>\n<p><strong>1. Principes g\u00e9n\u00e9raux en mati\u00e8re de collecte et de traitement des donn\u00e9es \u2013 Base l\u00e9gale<br \/>\n<\/strong>1.1. Cette Politique de Confidentialit\u00e9 a pour but de vous informer sur la nature, l\u2019\u00e9tendue et les raisons du traitement des donn\u00e9es personnelles, sur nos services en Ligne et li\u00e9s \u00e0 notre site internet, les fonctions et les contenus (ci-dessous conjointement not\u00e9s comme \u00abServices en Ligne\u00bb ou \u00abSite Internet\u00bb). La Politique de Confidentialit\u00e9 porte sur l\u2019ensemble de l\u2019environnement, des syst\u00e8mes, des plates-formes et des \u00e9quipements (i.e. ordinateur ou t\u00e9l\u00e9phone) utilis\u00e9 pour acc\u00e9der \u00e0 nos Services en Ligne.<\/p>\n<p>1.2. Les termes utilis\u00e9s ci-dessous comme par exemple \u00abdonn\u00e9es personnelles\u00bb ou \u00abtraitement des donn\u00e9es\u00bb en relation avec leurs d\u00e9finitions not\u00e9es dans l\u2019Article 4 du R\u00e8glement G\u00e9n\u00e9ral sur la Protection des Donn\u00e9es (RGPD).<\/p>\n<p>Les donn\u00e9es personnelles des utilisateurs sont collect\u00e9es quand elles sont renseign\u00e9es sur nos services en ligne comme l\u2019identit\u00e9 de la personne (i.e. Nom et adresse internet du client), sur les transactions r\u00e9alis\u00e9es (i.e. code de l\u2019article et son num\u00e9ro de lot, date limite de consommation et le chargement de photos dans le cas de r\u00e9clamation consommateur), sur les donn\u00e9es de navigations (i.e. sites visit\u00e9s, int\u00e9r\u00eat pour nos produits) et les informations donn\u00e9es (i.e. d\u00e9tails not\u00e9s sur le formulaire de contact).<\/p>\n<p>1.3. Le terme \u00abUtilisateur\u00bb concerne l\u2019ensemble des cat\u00e9gories de personnes concern\u00e9es. Cela comprend nos partenaires commerciaux, nos clients, les parties int\u00e9ress\u00e9es et tous les visiteurs de notre site internet. Les termes utilis\u00e9s, comme par exemple \u00abutilisateur\u00bb, sont \u00e0 consid\u00e9rer au f\u00e9minin comme au masculin.<\/p>\n<p>1.4. Nous traitons les informations personnelles des Utilisateurs seulement en accord avec la l\u00e9gislation sur la protection des donn\u00e9es. C\u2019est-\u00e0-dire que les informations personnelles des utilisateurs sont trait\u00e9es en toute l\u00e9galit\u00e9 et s\u2019il y a une base l\u00e9gale. Pr\u00e9cis\u00e9ment, cela veut dire que les informations personnelles sont trait\u00e9es si le traitement est n\u00e9cessaire \u00e0 l\u2019application d\u2019un contrat (i.e. le traitement des commandes) aussi bien que pour les services en ligne, n\u00e9cessaire pour l\u2019application des obligations l\u00e9gales, si il y a consentement de l\u2019\u00abUtilisateur\u00bb, tout comme dans le cas o\u00f9 les int\u00e9r\u00eats sont l\u00e9gitimes (i.e. int\u00e9r\u00eat dans l\u2019analyse, l\u2019optimisation et la rentabilit\u00e9 de l\u2019op\u00e9ration et la s\u00e9curit\u00e9 de notre site internet dans le cadre de l\u2019article 6 1 f) du RGPD, notamment en regard de la couverture des accords, la cr\u00e9ation des profils \u00e0 des fins marketing et publicitaires ainsi que la collecte des dates de connexion et l\u2019utilisation des services d\u2019une tierce partie.<\/p>\n<p>1.5. Nous souhaitons vous informer que la r\u00e9f\u00e9rence l\u00e9gale si il y a consentement donn\u00e9 au traitement des donn\u00e9es sont l\u2019Article 6 (1) a) et l\u2019Article 7 du RGPD, la r\u00e9f\u00e9rence l\u00e9gale pour le traitement des donn\u00e9es n\u00e9cessaire \u00e0 l\u2019ex\u00e9cution d\u2019un contrat est l\u2019Article 6 (1) c) du RGPD et la r\u00e9f\u00e9rence l\u00e9gale pour le traitement n\u00e9cessaire \u00e0 l\u2019ex\u00e9cution des int\u00e9r\u00eats l\u00e9gitimes est l\u2019Article 6 (1) f) du RGPD.<\/p>\n<p><strong>2. Mesures de s\u00e9curit\u00e9<br \/>\n<\/strong>2.1. Nous avons mis en place des mesures de s\u00e9curit\u00e9 de pointe afin d\u2019assurer le respect des demandes de la l\u00e9gislation en terme de protection des donn\u00e9es et pour pr\u00e9venir tout risque de manipulation accidentelle ou volontaire, perte ou destruction, ou acc\u00e8s par des individus non autoris\u00e9s, pendant que nous r\u00e9alisons le traitement des informations.<\/p>\n<p>Plus pr\u00e9cis\u00e9ment, ces mesures de s\u00e9curit\u00e9 concernent le cryptage des donn\u00e9es lors du transfert des informations de votre navigateur vers notre serveur.<\/p>\n<p><strong>3. Diffusion des donn\u00e9es personnelles \u00e0 une tierce partie ou \u00e0 un prestataire de service Tiers<br \/>\n<\/strong>3.1. Les donn\u00e9es personnelles ne seront diffus\u00e9es \u00e0 une tierce partie qu\u2019en accord avec les exigences l\u00e9gales. Nous ne diffuserons les donn\u00e9es \u00e0 caract\u00e8re personnelle d\u2019un Utilisateur \u00e0 une tierce partie que si il s\u2019agit, par exemple d\u2019un besoin \u00e0 des fins contractuelles en vertu de l\u2019Article 6 (1) b) du RGPD ou si il y a un int\u00e9r\u00eat l\u00e9gitime au fonctionnement rentable de notre entreprise en vertu de l\u2019Article 6 (1) f) du RGDP.<\/p>\n<p>3.2. Si nous utilisons des sous-traitants pour assurer nos services, nous prenons des mesures l\u00e9gales appropri\u00e9es et correspondant aux mesures techniques et op\u00e9rationnelles afin de garantir la protection des donn\u00e9es \u00e0 caract\u00e8re personnelles en accord avec l\u2019application des directives l\u00e9gales.<\/p>\n<p>3.3. Si nous utilisons des contenus, des outils ou tout autre moyen d\u2019un autre fournisseur (ci-dessous not\u00e9 \u00abfournisseur tiers\u00bb) et dont les bureaux sont enregistr\u00e9s dans un pays tiers, il est suppos\u00e9 qu\u2019il y a transfert des donn\u00e9es personnelles vers le pays o\u00f9 sont enregistr\u00e9s les bureaux. Les pays tiers seront des pays dans lesquels la loi du RGPD sera directement applicable, ce qui est essentiellement le cas des pays hors de l\u2018Europe ou de la zone \u00c9conomique Europ\u00e9enne. Le transfert des donn\u00e9es personnelles aura lieu si le niveau de protection est ad\u00e9quat, ou dans le cas d\u2019un formulaire de consentement de l\u2019Utilisateur ou sinon o\u00f9 il est l\u00e9galement possible de le faire.<\/p>\n<p><strong>4. R\u00e9clamations consommateurs<br \/>\n<\/strong>4.1 Pour la prise en compte des r\u00e9clamations consommateurs, nous traitons les donn\u00e9es sur l&rsquo;identit\u00e9 des Utilisateurs (i.e. nom et adresse internet) et les donn\u00e9es de transaction (i.e. num\u00e9ro de l\u2019article, code de fabrication, date limite de consommation et t\u00e9l\u00e9chargement de photos) dans le cadre du bon d\u00e9roulement d\u2019un contrat ou de service en vertu de l\u2019Article 6 (1) b) du RGPD.<\/p>\n<p><strong>5. Contact<br \/>\n<\/strong>5.1. Si vous nous contactez (\u00e0 partir du formulaire de contact ou par e-mail) nous utiliserons les donn\u00e9es personnelles des Utilisateurs pour travailler et g\u00e9rer votre demande en accord avec l\u2019Article 6 (1) b) du RGPD.<\/p>\n<p><strong>6. Demande d\u2018emploi<\/strong><br \/>\n6.1. L\u2019entit\u00e9 l\u00e9gale du Groupe Greenland Seafood correspondante \u00e0 votre poste ou \u00e0 celle \u00e0 laquelle vous adressez vos donn\u00e9es personnelles dans le cadre d\u2019une candidature spontan\u00e9e est responsable du traitement des informations de votre demande. Les donn\u00e9es personnelles que vous nous confiez en utilisant notre formulaire en ligne ne seront utilis\u00e9es que dans le cadre d\u2019un recrutement. Sachez que vos demandes transmises par email sont transf\u00e9r\u00e9es sans \u00eatre crypt\u00e9es. Nous vous recommandons d\u2019ailleurs de soumettre vos demandes en utilisant le formulaire en ligne.<\/p>\n<p>6.2. La collecte et le traitement de vos donn\u00e9es personnelles est n\u00e9cessaire pour prendre les mesures de l\u2019objet de votre demande avant tout processus de contact et pour d\u00e9cider de lancer une relation dans le cadre d\u2019un recrutement en accord avec l\u2019Article 26 de la loi f\u00e9d\u00e9rale allemande sur la protection des donn\u00e9es (BDSG) tout comme l\u2019Article 6 (1) b) du GPRD.<\/p>\n<p>6.3. Les demandes d\u2019emploi pour un poste au sein de Greenland Seafood Europe GmbH, Gelmer SAS ou Greenland Seafood Europe SAS seront collect\u00e9es et trait\u00e9es par Greenland Seafood Wilhelmshaven GmbH. Lors du processus de recrutement vos coordonn\u00e9es pourront \u00eatre transmises \u00e0 Thomas International GmbH ou ANTES Solutions GmbH qui pourront effectuer ce service comme sous-traitants en accord avec la marche \u00e0 suivre. Si nous arrivons \u00e0 la conclusion que votre demande peut \u00e9galement int\u00e9resser d\u2019autres d\u00e9partements ou entit\u00e9s du Groupe Greenland Seafood, nous pr\u00e9senteront les d\u00e9tails de votre demande. Dans ce cas, vos donn\u00e9es personnelles ne seront transf\u00e9r\u00e9es qu\u2019aux autres entit\u00e9s du Groupe Greenland Seafood. Dans tous les autres cas vos donn\u00e9es personnelles ne seront pas transmises \u00e0 une tierce partie \u00e0 moins qu\u2019il y ait consentement ou ordonnance administrative.<\/p>\n<p>6.4. Vos donn\u00e9es personnelles seront conserv\u00e9es pendant une dur\u00e9e de 12 mois afin de pouvoir vous contacter \u00e0 une date ult\u00e9rieure. Apr\u00e8s cette dur\u00e9e vos donn\u00e9es personnelles seront compl\u00e8tement supprim\u00e9es. Si vous souhaitez que vos donn\u00e9es personnelles soient supprim\u00e9es avant la fin de cette p\u00e9riode, nous r\u00e9aliserons cette suppression sur votre demande \u00e9crite. Si votre demande d\u2019emploi est un succ\u00e8s, vos donn\u00e9es personnelles seront conserv\u00e9es dans le registre du personnel.<\/p>\n<p><strong>7. Collecte des donn\u00e9es d\u2019acc\u00e8s et de connexion<br \/>\n<\/strong>7.1. Nous collectons les donn\u00e9es sur l&rsquo;acc\u00e8s \u00e0 nos serveurs sur lesquels nos Services en ligne sont h\u00e9berg\u00e9s (aussi appel\u00e9 le journal du serveur) en accord avec l&rsquo;Article 6 (1) f du RGPD dans le but d&rsquo;un besoin justifi\u00e9. L&rsquo;acc\u00e8s aux donn\u00e9es inclu le nom du site internet visit\u00e9, le fichier, la date et l&rsquo;heure de la visite, le volume de donn\u00e9es transf\u00e9r\u00e9es, la notification de la r\u00e9ussite du t\u00e9l\u00e9chargement, le type de navigateur et sa version, le syst\u00e8me d&rsquo;exploitation de l&rsquo;Utilisateur, son identifiant URL (les sites internet visit\u00e9s r\u00e9cemment), l&rsquo;adresse IP et le fournisseur requis.<\/p>\n<p>7.2. Les informations de connexion sont conserv\u00e9es pour des raisons de s\u00e9curit\u00e9 (par exemple pour r\u00e9soudre des mauvaises utilisations ou des actes frauduleux) pour une dur\u00e9e allant jusqu&rsquo;\u00e0 sept jours et ensuite seront d\u00e9truites. Les donn\u00e9es qui doivent \u00eatre conserv\u00e9es afin de servir d&rsquo;indice ou dans une enqu\u00eate ne sont pas d\u00e9truites.<\/p>\n<p><strong>8. Cookies &amp; Mesures de Performance<br \/>\n<\/strong>8.1. Les cookies contiennent des informations de notre serveur web ou des serveurs web d&rsquo;une tierce partie \u00e0 travers les navigateurs des Utilisateurs sur leurs ordinateurs afin d&rsquo;\u00eatre utilis\u00e9s lors de nouvelles visites. Les cookies peuvent \u00eatre des petits fichiers ou toute autre chose contenant des informations.<\/p>\n<p>8.2. Nous utilisons ce que l&rsquo;on appelle des cookies de session qui ne sont sauvegard\u00e9s seulement le temps de votre visite sur notre site internet (i.e. pour conserver votre connexion ou votre panier d&rsquo;achat et aussi pour aider au fonctionnement technique de notre site internet). Un cookie de session contient un num\u00e9ro d&rsquo;identification g\u00e9n\u00e9r\u00e9 au hasard, aussi appel\u00e9 l&rsquo;ID de session. De plus, un cookie contient des informations sur ses origines et le d\u00e9lai imparti dans le fichier cookie. Ces cookies ne peuvent pas conserver d&rsquo;autres informations. Les cookies de session sont automatiquement supprim\u00e9s quand vous quittez notre site internet ou si par exemple vous vous d\u00e9connectez ou fermez votre navigateur.<\/p>\n<p>8.3. Cette Politique de Confidentialit\u00e9 informe les Utilisateurs sur l&rsquo;utilisation de cookies pour les mesures de performance de pseudonymes.<\/p>\n<p>8.4. Si les Utilisateurs ne souhaitant pas que les cookies soient conserv\u00e9s dans leur syst\u00e8me, il est recommand\u00e9 qu&rsquo;ils d\u00e9sactivent les fonctions correspondantes dans les r\u00e9glages de leurs navigateurs. Les cookies sauvegard\u00e9s peuvent \u00eatre supprim\u00e9s dans les r\u00e9glages du navigateur. Bloquer les cookies peut limiter le fonctionnement de ce site internet.<\/p>\n<p>8.5. Vous pouvez choisir de vous dispenser de l&rsquo;utilisation de cookies qui sont utilis\u00e9s pour les mesures de performance et de publicit\u00e9 en les d\u00e9cochant sur le site internet du Network Advertising Initiative (http:\/\/optout.networkadvertising.org\/) mais aussi sur le site Am\u00e9ricain (http:\/\/www.aboutads.info\/choices) et sur le site Europ\u00e9en (http:\/\/www.youronlinechoices.com\/uk\/your-ad-choices\/).<\/p>\n<p><strong>9. Mesures de r\u00e9sultat en utilisant Matomo (anciennement PIWIK)<br \/>\n<\/strong>9.1. Les int\u00e9r\u00eats l\u00e9gitimes (i.e. un int\u00e9r\u00eat pour l&rsquo;analyse, l&rsquo;optimisation et la rentabilit\u00e9 de notre site internet) en accord avec l&rsquo;Article 6 (1) f) du RGPD servent de base l\u00e9gale pour l&rsquo;utilisation de Matomo, logiciel libre d&rsquo;utilisation pour l&rsquo;analyse du comportement de navigation des Utilisateurs lors de leurs visites. L&rsquo;adresse IP de l&rsquo;utilisateur est r\u00e9duite avant sa sauvegarde. Matomo utilise des cookies qui sont sauvegard\u00e9s sur l&rsquo;ordinateur de l&rsquo;Utilisateur, permettant une analyse de l&rsquo;utilisation que l&rsquo;Utilisateur fait du site internet. Afin de faire cette analyse, un Profil utilisateur pseudonyme de l&rsquo;Ulisateur pourra \u00eatre cr\u00e9\u00e9.<\/p>\n<p>9.2. L&rsquo;information recueillie par les cookies sur l&rsquo;utilisation du site internet sera sauvegard\u00e9e sur notre serveur et ne sera pas partag\u00e9e \u00e0 une tierce partie.<\/p>\n<p>9.3. Si vous souhaitez d\u00e9sactiver cette option vous pouvez suivre les actions suivantes :<\/p>\n<p><iframe style=\"border: 0; height: 200px; width: 600px;\" src=\"https:\/\/mediamus-web.de\/statistik\/greenland\/index.php?module=CoreAdminHome&amp;action=optOut&amp;language=de\"><\/iframe><\/p>\n<p><strong>10. Int\u00e9gration de services et de contenus d&rsquo;une tierce partie<br \/>\n<\/strong>10.1. Nous utilisons les services et contenus d&rsquo;un fournisseur de services tiers sur notre site internet en raison d&rsquo;int\u00e9r\u00eats l\u00e9gitimes (i.e. Int\u00e9r\u00eats d&rsquo;analyses, optimisation et rentabilit\u00e9 de notre site internet en accord avec l&rsquo;Article 6 (1) f) du RGPD) afin d&rsquo;int\u00e9grer leurs contenus et services (ci-apr\u00e8s not\u00e9s \u201eContenu\u201c), comme par exemple des vid\u00e9os des sources de notre site internet. Cela n\u00e9cessite que l&rsquo;adresse IP des Utilisateurs soit r\u00e9v\u00e9l\u00e9e \u00e0 un fournisseur de service tiers car le Contenu ne peut \u00eatre transf\u00e9r\u00e9 au navigateur sans l&rsquo;adresse IP. Par cons\u00e9quent l&rsquo;adresse IP est n\u00e9cessaire pour montrer ce Contenu. Nous aspirons \u00e0 utiliser seulement le Contenu de fournisseurs qui utilisent l&rsquo;adresse IP dans le but de transf\u00e9rer des Contenus. Les services d&rsquo;un fournisseur tiers peut \u00e9galement utiliser ce que l&rsquo;on appelle des balises pixel (images invisibles aussi connues sous le nom de \u201eweb beacons\u201c) \u00e0 des fins d&rsquo;analyses et marketing. Les Balises Pixels peuvent \u00eatre utilis\u00e9es afin d&rsquo;analyser des informations comme le trafic sur certaines parties du site internet. Par ailleurs, les informations pseudonymes peuvent \u00eatre conserv\u00e9es dans des cookies sur le mat\u00e9riel de l&rsquo;Utilisateur et entre autre chose peuvent contenir des informations techniques concernant le navigateur, le syst\u00e8me d&rsquo;exploitation, les sites visit\u00e9s, la dur\u00e9e de la visite tout comme les d\u00e9tails sur l&rsquo;utilisation de nos services, qui peut \u00eatre combin\u00e9 \u00e0 des informations d&rsquo;autres sources.<\/p>\n<p>10.2. Dans ce qui suit, vous trouverez un aper\u00e7u des services d&rsquo;un fournisseur tiers, leur contenu tout comme les liens vers leur police de confidentialit\u00e9 dans laquelle est d\u00e9crit de fa\u00e7on plus d\u00e9taill\u00e9 le traitement des donn\u00e9es personnelles avec la possibilit\u00e9 de d\u00e9cocher des options, pour lesquelles vous avez d\u00e9j\u00e0 eu les informations :<\/p>\n<ul>\n<li>la police de caract\u00e8re externe de Google Inc., https:\/\/www.google.com\/fonts (\u201eGoogle Fonts\u201c). Les polices de caract\u00e8re de Google sont int\u00e9gr\u00e9es par un serveur chez Google (habituellement situ\u00e9 aux USA). La Politique de Confidentialit\u00e9 : https:\/\/www.google.com\/policies\/privacy\/, D\u00e9cocher les options: https:\/\/www.google.com\/settings\/ads\/.<\/li>\n<li>Les cartes de \u201eGoogle Maps\u201c par le fournisseur tiers Google Inc., 1600 Amphitheatre Parkway, Mountain View, CA 94043, USA, gestellt. La Politique de Confidentialit\u00e9: https:\/\/www.google.com\/policies\/privacy\/, D\u00e9cocher les options: https:\/\/www.google.com\/settings\/ads\/.<\/li>\n<li>Le service Captchas de Google, Inc., https:\/\/www.google.com\/recaptcha\/intro\/ (\u201eGoogle reCAPTCHA\u201c). Ce service est int\u00e9gr\u00e9 par un serveur chez Google (habituellement situ\u00e9 aux USA). La Politique de Confidentialit\u00e9: https:\/\/www.google.com\/policies\/privacy\/, D\u00e9cocher les options: https:\/\/www.google.com\/settings\/ads\/.<\/li>\n<li>Les vid\u00e9o de la plateforme \u201cYouTube\u201d par le fournisseur tiers Google Inc., 1600 Amphitheatre Parkway, Mountain View, CA 94043, USA. La Politique de Confidentialit\u00e9: https:\/\/www.google.com\/policies\/privacy\/, D\u00e9cocher les options: https:\/\/www.google.com\/settings\/ads\/.<\/li>\n<li>Le code externe de JavaScript-Frameworks \u201cjQuery\u201d, assur\u00e9 par le fournisseur tiers jQuery Foundation, https:\/\/jquery.org.<\/li>\n<li>Le cookie de consentement des pluin, assur\u00e9 par un fournisseur tiers Silktide Ltd., La Politique de Confidentialit\u00e9: https:\/\/silktide.com\/privacy-policy\/<\/li>\n<\/ul>\n<p><strong>11. Droits des Utilisateurs<br \/>\n<\/strong>11.1. A leur demande, les Utilisateurs ont le droit d&rsquo;obtenir les informations personnelles que nous avons sur eux sans frais.<\/p>\n<p>11.2. De plus, les Utilisateurs ont le droit de demander la correction d&rsquo;informations personnelles erron\u00e9es, et de r\u00e9duire le traitement de leurs informations personnelles et, quand cela est possible, le droit \u00e0 la portabilit\u00e9 des donn\u00e9es et dans le cas o\u00f9 il y a pr\u00e9somption de traitement frauduleux d&rsquo;informations personnelles, le droit de porter plainte aux autorit\u00e9s de surveillance comp\u00e9tentes.<\/p>\n<p>11.3. De m\u00eame, les Utilisateurs peuvent g\u00e9n\u00e9ralement annuler leur consentement avec effet \u00e0 venir.<\/p>\n<p><strong>12. Suppression des donn\u00e9es personnelles<\/strong><br \/>\n12.1. Les donn\u00e9es personnelles que nous conservons peuvent \u00eatre supprim\u00e9es d\u00e8s que celles-ci ne sont plus n\u00e9cessaires au but pour lequel elles ont \u00e9t\u00e9 recueillies et s\u2019il n&rsquo;y a pas d\u2019obligations r\u00e8glementaires \u00e0 conserver les donn\u00e9es personnelles. Si les donn\u00e9es personnelles des Utilisateurs ne sont pas supprim\u00e9es parce qu&rsquo;elles sont n\u00e9cessaires dans d&rsquo;autres buts, l\u00e9gaux et autoris\u00e9s, le traitement sera restreint. Ce qui veut dire que les donn\u00e9es personnelles sont bloqu\u00e9es et ne seront pas utilis\u00e9es dans d&rsquo;autres cas. Cela s&rsquo;applique par exemple aux donn\u00e9es personnelles des Utilisateurs qui doivent \u00eatre conserv\u00e9es pour des raisons commerciales ou de droit fiscal.<br \/>\n12.2. En vertu des applications l\u00e9gales, les donn\u00e9es sont conserv\u00e9es pour une dur\u00e9e de 6 ans en accord avec l\u2019Article du code de commerce allemand HGB (livres de comptes, inventaires, bilans comptables, rapports financiers annuels, lettres d&rsquo;\u00e9change, registres comptables) de m\u00eame que 10 ans en accord avec l\u2019Article 147 du code fiscal allemand (AO) (livres, enregistrements, rapports annuels, rapports financiers, lettre d&rsquo;\u00e9changes et commerciales, les documents n\u00e9cessaires pour les imp\u00f4ts, &#8230;).<\/p>\n<p><strong>13. Droit de contestation<\/strong><br \/>\nLes Utilisateurs peuvent contester un futur traitement de leurs donn\u00e9es personnelles en accord avec les exigences r\u00e8glementaires. Une objection peut \u00eatre soulev\u00e9e notamment dans le traitement dans un but marketing.<\/p>\n<p><strong>14. Modification de cette Police de Confidentialit\u00e9<br \/>\n<\/strong>14.1. Nous nous r\u00e9servons le droit de modifier cette Police de Confidentialit\u00e9 afin de l&rsquo;adapter aux changements de la loi ou dans le cas o\u00f9 des services comme le traitement des donn\u00e9es personnelles ont chang\u00e9s. Si l&rsquo;accord des Utilisateurs est requis ou si la Politique de Confidentialit\u00e9 contient des clauses concernant des relations contractuelles avec les Utilisateurs, ces modifications ne seront \u00e9tablies qu&rsquo;avec l&rsquo;accord des Utilisateurs.<\/p>\n<p>14.2. Nous proposeront courtoisement aux Utilisateurs de lire r\u00e9guli\u00e8rement cette Politique de Confidentialit\u00e9.<\/p>\n<\/div><\/section><\/p><\/div><div  class='flex_column av-41wen5-465b9ca8b4de07aed8a6a16475751498 av_one_full  avia-builder-el-3  el_after_av_one_full  avia-builder-el-last  first flex_column_div  column-top-margin'     ><style type=\"text\/css\" data-created_by=\"avia_inline_auto\" id=\"style-css-av-2zdvip-94ea5fc31bc696ab893a5a51ea735fa5\">\n#top .hr.hr-invisible.av-2zdvip-94ea5fc31bc696ab893a5a51ea735fa5{\nheight:120px;\n}\n<\/style>\n<div  class='hr av-2zdvip-94ea5fc31bc696ab893a5a51ea735fa5 hr-invisible  avia-builder-el-4  avia-builder-el-no-sibling '><span class='hr-inner '><span class=\"hr-inner-style\"><\/span><\/span><\/div><\/div><\/p>\n","protected":false},"excerpt":{"rendered":"","protected":false},"author":7,"featured_media":0,"parent":0,"menu_order":0,"comment_status":"closed","ping_status":"open","template":"","meta":{"_acf_changed":false,"footnotes":""},"class_list":["post-6289","page","type-page","status-publish","hentry"],"acf":[],"_links":{"self":[{"href":"https:\/\/greenlandseafood.eu\/fr\/wp-json\/wp\/v2\/pages\/6289","targetHints":{"allow":["GET"]}}],"collection":[{"href":"https:\/\/greenlandseafood.eu\/fr\/wp-json\/wp\/v2\/pages"}],"about":[{"href":"https:\/\/greenlandseafood.eu\/fr\/wp-json\/wp\/v2\/types\/page"}],"author":[{"embeddable":true,"href":"https:\/\/greenlandseafood.eu\/fr\/wp-json\/wp\/v2\/users\/7"}],"replies":[{"embeddable":true,"href":"https:\/\/greenlandseafood.eu\/fr\/wp-json\/wp\/v2\/comments?post=6289"}],"version-history":[{"count":0,"href":"https:\/\/greenlandseafood.eu\/fr\/wp-json\/wp\/v2\/pages\/6289\/revisions"}],"wp:attachment":[{"href":"https:\/\/greenlandseafood.eu\/fr\/wp-json\/wp\/v2\/media?parent=6289"}],"curies":[{"name":"wp","href":"https:\/\/api.w.org\/{rel}","templated":true}]}}