{"id":7405,"date":"2019-01-15T11:37:28","date_gmt":"2019-01-15T10:37:28","guid":{"rendered":"https:\/\/greenlandseafood.eu\/?page_id=7405"},"modified":"2019-04-02T11:04:25","modified_gmt":"2019-04-02T09:04:25","slug":"recettes","status":"publish","type":"page","link":"https:\/\/greenlandseafood.eu\/fr\/recettes\/","title":{"rendered":"Recettes"},"content":{"rendered":"<div id='av_section_1'  class='avia-section av-2zi5t3-55c80cab68621904eeb3132b1110d8ba main_color avia-section-default avia-no-border-styling  avia-builder-el-0  el_before_av_section  avia-builder-el-first  avia-bg-style-scroll container_wrap sidebar_right'  ><div class='container av-section-cont-open' ><main  role=\"main\" itemprop=\"mainContentOfPage\"  class='template-page content  av-content-small alpha units'><div class='post-entry post-entry-type-page post-entry-7405'><div class='entry-content-wrapper clearfix'>\n\n<style type=\"text\/css\" data-created_by=\"avia_inline_auto\" id=\"style-css-av-jn358guu-53af6053078ec0c5019d3b1b3485bd98\">\n#top .flex_column.av-jn358guu-53af6053078ec0c5019d3b1b3485bd98{\nmargin-top:0px;\nmargin-bottom:0px;\n}\n.flex_column.av-jn358guu-53af6053078ec0c5019d3b1b3485bd98{\nborder-radius:0px 0px 0px 0px;\npadding:0px 0px 0px 0px;\n}\n.responsive #top #wrap_all .flex_column.av-jn358guu-53af6053078ec0c5019d3b1b3485bd98{\nmargin-top:0px;\nmargin-bottom:0px;\n}\n<\/style>\n<div  class='flex_column av-jn358guu-53af6053078ec0c5019d3b1b3485bd98 av_one_full  avia-builder-el-1  el_before_av_two_third  avia-builder-el-first  first no_margin flex_column_div av-zero-column-padding  '     ><section  class='av_textblock_section av-4lnzw7-64a5190fe7209312ad5e4074ed04b96c '   itemscope=\"itemscope\" itemtype=\"https:\/\/schema.org\/CreativeWork\" ><div class='avia_textblock'  itemprop=\"text\" ><h3><strong>Des recettes in\u00e9dites juste pour vous<\/strong><\/h3>\n<\/div><\/section><\/div>\n<style type=\"text\/css\" data-created_by=\"avia_inline_auto\" id=\"style-css-av-jn358zjj-881898c91170a9719c1f386da69639f0\">\n#top .flex_column.av-jn358zjj-881898c91170a9719c1f386da69639f0{\nmargin-top:0px;\nmargin-bottom:0px;\n}\n.flex_column.av-jn358zjj-881898c91170a9719c1f386da69639f0{\nborder-radius:0px 0px 0px 0px;\npadding:0px 0px 0px 0px;\n}\n.responsive #top #wrap_all .flex_column.av-jn358zjj-881898c91170a9719c1f386da69639f0{\nmargin-top:0px;\nmargin-bottom:0px;\n}\n<\/style>\n<div  class='flex_column av-jn358zjj-881898c91170a9719c1f386da69639f0 av_two_third  avia-builder-el-3  el_after_av_one_full  el_before_av_one_third  first no_margin av-break-at-tablet flex_column_div av-zero-column-padding  column-top-margin'     ><section  class='av_textblock_section av-4lnzw7-64a5190fe7209312ad5e4074ed04b96c '   itemscope=\"itemscope\" itemtype=\"https:\/\/schema.org\/CreativeWork\" ><div class='avia_textblock'  itemprop=\"text\" ><p>Nos employ\u00e9s ont r\u00e9uni leurs recettes\u00a0pr\u00e9f\u00e9r\u00e9es \u00e0 base de produits Greenland Seafood et vous invitent \u00e0 les r\u00e9aliser chez vous.<\/p>\n<\/div><\/section><\/div>\n<style type=\"text\/css\" data-created_by=\"avia_inline_auto\" id=\"style-css-av-jn3595vq-1c95a5fa63b2187ff73f4270da8526a7\">\n#top .flex_column.av-jn3595vq-1c95a5fa63b2187ff73f4270da8526a7{\nmargin-top:0px;\nmargin-bottom:0px;\n}\n.flex_column.av-jn3595vq-1c95a5fa63b2187ff73f4270da8526a7{\nborder-radius:0px 0px 0px 0px;\npadding:0px 0px 0px 0px;\n}\n.responsive #top #wrap_all .flex_column.av-jn3595vq-1c95a5fa63b2187ff73f4270da8526a7{\nmargin-top:0px;\nmargin-bottom:0px;\n}\n<\/style>\n<div  class='flex_column av-jn3595vq-1c95a5fa63b2187ff73f4270da8526a7 av_one_third  avia-builder-el-5  el_after_av_two_third  avia-builder-el-last  no_margin av-break-at-tablet flex_column_div av-hide-on-mobile av-zero-column-padding  column-top-margin'     ><\/div><\/div><\/div><\/main><!-- close content main element --><\/div><\/div><div id='av_section_2'  class='avia-section av-2kn6jr-4856bace0db53156670eba8ec75954ef main_color avia-section-no-padding avia-no-border-styling  avia-builder-el-6  el_after_av_section  avia-builder-el-last  avia-bg-style-scroll container_wrap sidebar_right'  ><div class='container av-section-cont-open' ><div class='template-page content  av-content-small alpha units'><div class='post-entry post-entry-type-page post-entry-7405'><div class='entry-content-wrapper clearfix'>\n<div  data-autoplay=''  data-interval='5'  data-animation='fade'  data-show_slide_delay='90'  class='avia-content-slider avia-content-grid-active avia-content-slider1 avia-content-slider-odd  avia-builder-el-7  el_before_av_hr  avia-builder-el-first  medi-recipes '  itemscope=\"itemscope\" itemtype=\"https:\/\/schema.org\/Blog\" ><div class='avia-content-slider-inner'><div class='slide-entry-wrap'><article class='slide-entry flex_column  post-entry post-entry-7422 slide-entry-overview slide-loop-1 slide-parity-odd  av_one_third first real-thumbnail'  itemscope=\"itemscope\" itemtype=\"https:\/\/schema.org\/BlogPosting\" itemprop=\"blogPost\" ><a href='https:\/\/greenlandseafood.eu\/fr\/queue-de-lotte-servie-avec-sa-macedoine\/' data-rel='slide-1' class='slide-image' title=''><img decoding=\"async\" loading=\"lazy\" width=\"495\" height=\"400\" src=\"https:\/\/greenlandseafood.eu\/wp-content\/uploads\/2018\/12\/Rezept-Bild-FR-495x400.jpg\" class=\"wp-image-7501 avia-img-lazy-loading-7501 attachment-portfolio size-portfolio wp-post-image\" alt=\"\" \/><\/a><div class='slide-content'><header class=\"entry-content-header\"><h3 class='slide-entry-title entry-title'  itemprop=\"headline\" ><a href='https:\/\/greenlandseafood.eu\/fr\/queue-de-lotte-servie-avec-sa-macedoine\/' title='Queue de lotte servie avec sa mac\u00e9doine'>Queue de lotte servie avec sa mac\u00e9doine<\/a><\/h3><p class=\"mr-untertitel\">La recette f\u00e9tiche par Patrick (Customer Service)<\/p><span class=\"av-vertical-delimiter\"><\/span><\/header><\/div><footer class=\"entry-footer\"><div class=\"mr-read-more\"><a href=\"https:\/\/greenlandseafood.eu\/fr\/queue-de-lotte-servie-avec-sa-macedoine\/\" class=\"avia-button avia-icon_select-no avia-color-custom avia-size-small avia-position-left\"><span class=\"avia_iconbox_title\">weiterlesen<\/span><\/a><\/div><div class=\"mr-meta\"><span class=\"mr-meta-icon\" style=\"background-image: url(https:\/\/greenlandseafood.eu\/wp-content\/themes\/enfold-child\/icon-clock.svg)\"><\/span><span>0:20<\/span><\/div><\/footer><span class='hidden'>\r\n\t\t\t\t<span class='av-structured-data'  itemprop=\"image\" itemscope=\"itemscope\" itemtype=\"https:\/\/schema.org\/ImageObject\" >\r\n\t\t\t\t\t\t<span itemprop='url'>https:\/\/greenlandseafood.eu\/wp-content\/uploads\/2018\/12\/Rezept-Bild-FR.jpg<\/span>\r\n\t\t\t\t\t\t<span itemprop='height'>506<\/span>\r\n\t\t\t\t\t\t<span itemprop='width'>1039<\/span>\r\n\t\t\t\t<\/span>\r\n\t\t\t\t<span class='av-structured-data'  itemprop=\"publisher\" itemtype=\"https:\/\/schema.org\/Organization\" itemscope=\"itemscope\" >\r\n\t\t\t\t\t\t<span itemprop='name'>Katrin Lindenau<\/span>\r\n\t\t\t\t\t\t<span itemprop='logo' itemscope itemtype='https:\/\/schema.org\/ImageObject'>\r\n\t\t\t\t\t\t\t<span itemprop='url'>https:\/\/greenlandseafood.eu\/wp-content\/uploads\/2015\/11\/logo-greenland1-300x137.jpg<\/span>\r\n\t\t\t\t\t\t<\/span>\r\n\t\t\t\t<\/span><span class='av-structured-data'  itemprop=\"author\" itemscope=\"itemscope\" itemtype=\"https:\/\/schema.org\/Person\" ><span itemprop='name'>Katrin Lindenau<\/span><\/span><span class='av-structured-data'  itemprop=\"datePublished\" datetime=\"2018-12-19T09:58:58+01:00\" >2018-12-20 14:00:25<\/span><span class='av-structured-data'  itemprop=\"dateModified\" itemtype=\"https:\/\/schema.org\/dateModified\" >2019-01-30 11:52:28<\/span><span class='av-structured-data'  itemprop=\"mainEntityOfPage\" itemtype=\"https:\/\/schema.org\/mainEntityOfPage\" ><span itemprop='name'>Queue de lotte servie avec sa mac\u00e9doine<\/span><\/span><\/span><\/article><article class='slide-entry flex_column  post-entry post-entry-7430 slide-entry-overview slide-loop-2 slide-parity-even  av_one_third  real-thumbnail'  itemscope=\"itemscope\" itemtype=\"https:\/\/schema.org\/BlogPosting\" itemprop=\"blogPost\" ><a href='https:\/\/greenlandseafood.eu\/fr\/filets-de-cabillaud-au-lait-de-coco\/' data-rel='slide-1' class='slide-image' title=''><img decoding=\"async\" loading=\"lazy\" width=\"495\" height=\"400\" src=\"https:\/\/greenlandseafood.eu\/wp-content\/uploads\/2018\/12\/Rezept-Bild-FR-495x400.jpg\" class=\"wp-image-7501 avia-img-lazy-loading-7501 attachment-portfolio size-portfolio wp-post-image\" alt=\"\" \/><\/a><div class='slide-content'><header class=\"entry-content-header\"><h3 class='slide-entry-title entry-title'  itemprop=\"headline\" ><a href='https:\/\/greenlandseafood.eu\/fr\/filets-de-cabillaud-au-lait-de-coco\/' title='Filets de Cabillaud au lait de Coco'>Filets de Cabillaud au lait de Coco<\/a><\/h3><p class=\"mr-untertitel\">La recette f\u00e9tiche par Sylvie (NPPD Assistant)<\/p><span class=\"av-vertical-delimiter\"><\/span><\/header><\/div><footer class=\"entry-footer\"><div class=\"mr-read-more\"><a href=\"https:\/\/greenlandseafood.eu\/fr\/filets-de-cabillaud-au-lait-de-coco\/\" class=\"avia-button avia-icon_select-no avia-color-custom avia-size-small avia-position-left\"><span class=\"avia_iconbox_title\">weiterlesen<\/span><\/a><\/div><div class=\"mr-meta\"><span class=\"mr-meta-icon\" style=\"background-image: url(https:\/\/greenlandseafood.eu\/wp-content\/themes\/enfold-child\/icon-clock.svg)\"><\/span><span>0:30<\/span><\/div><\/footer><span class='hidden'>\r\n\t\t\t\t<span class='av-structured-data'  itemprop=\"image\" itemscope=\"itemscope\" itemtype=\"https:\/\/schema.org\/ImageObject\" >\r\n\t\t\t\t\t\t<span itemprop='url'>https:\/\/greenlandseafood.eu\/wp-content\/uploads\/2018\/12\/Rezept-Bild-FR.jpg<\/span>\r\n\t\t\t\t\t\t<span itemprop='height'>506<\/span>\r\n\t\t\t\t\t\t<span itemprop='width'>1039<\/span>\r\n\t\t\t\t<\/span>\r\n\t\t\t\t<span class='av-structured-data'  itemprop=\"publisher\" itemtype=\"https:\/\/schema.org\/Organization\" itemscope=\"itemscope\" >\r\n\t\t\t\t\t\t<span itemprop='name'>Katrin Lindenau<\/span>\r\n\t\t\t\t\t\t<span itemprop='logo' itemscope itemtype='https:\/\/schema.org\/ImageObject'>\r\n\t\t\t\t\t\t\t<span itemprop='url'>https:\/\/greenlandseafood.eu\/wp-content\/uploads\/2015\/11\/logo-greenland1-300x137.jpg<\/span>\r\n\t\t\t\t\t\t<\/span>\r\n\t\t\t\t<\/span><span class='av-structured-data'  itemprop=\"author\" itemscope=\"itemscope\" itemtype=\"https:\/\/schema.org\/Person\" ><span itemprop='name'>Katrin Lindenau<\/span><\/span><span class='av-structured-data'  itemprop=\"datePublished\" datetime=\"2018-12-19T09:58:58+01:00\" >2018-12-19 13:32:20<\/span><span class='av-structured-data'  itemprop=\"dateModified\" itemtype=\"https:\/\/schema.org\/dateModified\" >2019-01-30 11:51:36<\/span><span class='av-structured-data'  itemprop=\"mainEntityOfPage\" itemtype=\"https:\/\/schema.org\/mainEntityOfPage\" ><span itemprop='name'>Filets de Cabillaud au lait de Coco<\/span><\/span><\/span><\/article><article class='slide-entry flex_column  post-entry post-entry-7434 slide-entry-overview slide-loop-3 slide-parity-odd  av_one_third  real-thumbnail'  itemscope=\"itemscope\" itemtype=\"https:\/\/schema.org\/BlogPosting\" itemprop=\"blogPost\" ><a href='https:\/\/greenlandseafood.eu\/fr\/boulettes-de-colin-dalaska-et-sa-sauce-yaourt-a-la-menthe-en-accompagnement\/' data-rel='slide-1' class='slide-image' title=''><img decoding=\"async\" loading=\"lazy\" width=\"495\" height=\"400\" src=\"https:\/\/greenlandseafood.eu\/wp-content\/uploads\/2018\/12\/Rezept-Bild-FR-495x400.jpg\" class=\"wp-image-7501 avia-img-lazy-loading-7501 attachment-portfolio size-portfolio wp-post-image\" alt=\"\" \/><\/a><div class='slide-content'><header class=\"entry-content-header\"><h3 class='slide-entry-title entry-title'  itemprop=\"headline\" ><a href='https:\/\/greenlandseafood.eu\/fr\/boulettes-de-colin-dalaska-et-sa-sauce-yaourt-a-la-menthe-en-accompagnement\/' title='Boulettes de colin d\u2019alaska et sa sauce yaourt \u00e0 la menthe en accompagnement'>Boulettes de colin d\u2019alaska et sa sauce yaourt \u00e0 la menthe en accompagnement<\/a><\/h3><p class=\"mr-untertitel\">La recette f\u00e9tiche par Caroline (Assistante RH)<\/p><span class=\"av-vertical-delimiter\"><\/span><\/header><\/div><footer class=\"entry-footer\"><div class=\"mr-read-more\"><a href=\"https:\/\/greenlandseafood.eu\/fr\/boulettes-de-colin-dalaska-et-sa-sauce-yaourt-a-la-menthe-en-accompagnement\/\" class=\"avia-button avia-icon_select-no avia-color-custom avia-size-small avia-position-left\"><span class=\"avia_iconbox_title\">weiterlesen<\/span><\/a><\/div><div class=\"mr-meta\"><span class=\"mr-meta-icon\" style=\"background-image: url(https:\/\/greenlandseafood.eu\/wp-content\/themes\/enfold-child\/icon-clock.svg)\"><\/span><span>0:30<\/span><\/div><\/footer><span class='hidden'>\r\n\t\t\t\t<span class='av-structured-data'  itemprop=\"image\" itemscope=\"itemscope\" itemtype=\"https:\/\/schema.org\/ImageObject\" >\r\n\t\t\t\t\t\t<span itemprop='url'>https:\/\/greenlandseafood.eu\/wp-content\/uploads\/2018\/12\/Rezept-Bild-FR.jpg<\/span>\r\n\t\t\t\t\t\t<span itemprop='height'>506<\/span>\r\n\t\t\t\t\t\t<span itemprop='width'>1039<\/span>\r\n\t\t\t\t<\/span>\r\n\t\t\t\t<span class='av-structured-data'  itemprop=\"publisher\" itemtype=\"https:\/\/schema.org\/Organization\" itemscope=\"itemscope\" >\r\n\t\t\t\t\t\t<span itemprop='name'>Katrin Lindenau<\/span>\r\n\t\t\t\t\t\t<span itemprop='logo' itemscope itemtype='https:\/\/schema.org\/ImageObject'>\r\n\t\t\t\t\t\t\t<span itemprop='url'>https:\/\/greenlandseafood.eu\/wp-content\/uploads\/2015\/11\/logo-greenland1-300x137.jpg<\/span>\r\n\t\t\t\t\t\t<\/span>\r\n\t\t\t\t<\/span><span class='av-structured-data'  itemprop=\"author\" itemscope=\"itemscope\" itemtype=\"https:\/\/schema.org\/Person\" ><span itemprop='name'>Katrin Lindenau<\/span><\/span><span class='av-structured-data'  itemprop=\"datePublished\" datetime=\"2018-12-19T09:58:58+01:00\" >2018-12-19 11:00:48<\/span><span class='av-structured-data'  itemprop=\"dateModified\" itemtype=\"https:\/\/schema.org\/dateModified\" >2019-01-30 11:49:30<\/span><span class='av-structured-data'  itemprop=\"mainEntityOfPage\" itemtype=\"https:\/\/schema.org\/mainEntityOfPage\" ><span itemprop='name'>Boulettes de colin d\u2019alaska et sa sauce yaourt \u00e0 la menthe en accompagnement<\/span><\/span><\/span><\/article><\/div><div class='slide-entry-wrap'><article class='slide-entry flex_column  post-entry post-entry-7438 slide-entry-overview slide-loop-4 slide-parity-odd  av_one_third first real-thumbnail'  itemscope=\"itemscope\" itemtype=\"https:\/\/schema.org\/BlogPosting\" itemprop=\"blogPost\" ><a href='https:\/\/greenlandseafood.eu\/fr\/fondant-de-cabillaud-avec-ses-legumes-printaniers\/' data-rel='slide-1' class='slide-image' title=''><img decoding=\"async\" loading=\"lazy\" width=\"495\" height=\"400\" src=\"https:\/\/greenlandseafood.eu\/wp-content\/uploads\/2018\/12\/Rezept-Bild-FR-495x400.jpg\" class=\"wp-image-7501 avia-img-lazy-loading-7501 attachment-portfolio size-portfolio wp-post-image\" alt=\"\" \/><\/a><div class='slide-content'><header class=\"entry-content-header\"><h3 class='slide-entry-title entry-title'  itemprop=\"headline\" ><a href='https:\/\/greenlandseafood.eu\/fr\/fondant-de-cabillaud-avec-ses-legumes-printaniers\/' title='Fondant de cabillaud avec ses l\u00e9gumes printaniers'>Fondant de cabillaud avec ses l\u00e9gumes printaniers<\/a><\/h3><p class=\"mr-untertitel\">La recette f\u00e9tiche par Corinne (Service R&D)<\/p><span class=\"av-vertical-delimiter\"><\/span><\/header><\/div><footer class=\"entry-footer\"><div class=\"mr-read-more\"><a href=\"https:\/\/greenlandseafood.eu\/fr\/fondant-de-cabillaud-avec-ses-legumes-printaniers\/\" class=\"avia-button avia-icon_select-no avia-color-custom avia-size-small avia-position-left\"><span class=\"avia_iconbox_title\">weiterlesen<\/span><\/a><\/div><div class=\"mr-meta\"><span class=\"mr-meta-icon\" style=\"background-image: url(https:\/\/greenlandseafood.eu\/wp-content\/themes\/enfold-child\/icon-clock.svg)\"><\/span><span>0:45<\/span><\/div><\/footer><span class='hidden'>\r\n\t\t\t\t<span class='av-structured-data'  itemprop=\"image\" itemscope=\"itemscope\" itemtype=\"https:\/\/schema.org\/ImageObject\" >\r\n\t\t\t\t\t\t<span itemprop='url'>https:\/\/greenlandseafood.eu\/wp-content\/uploads\/2018\/12\/Rezept-Bild-FR.jpg<\/span>\r\n\t\t\t\t\t\t<span itemprop='height'>506<\/span>\r\n\t\t\t\t\t\t<span itemprop='width'>1039<\/span>\r\n\t\t\t\t<\/span>\r\n\t\t\t\t<span class='av-structured-data'  itemprop=\"publisher\" itemtype=\"https:\/\/schema.org\/Organization\" itemscope=\"itemscope\" >\r\n\t\t\t\t\t\t<span itemprop='name'>Katrin Lindenau<\/span>\r\n\t\t\t\t\t\t<span itemprop='logo' itemscope itemtype='https:\/\/schema.org\/ImageObject'>\r\n\t\t\t\t\t\t\t<span itemprop='url'>https:\/\/greenlandseafood.eu\/wp-content\/uploads\/2015\/11\/logo-greenland1-300x137.jpg<\/span>\r\n\t\t\t\t\t\t<\/span>\r\n\t\t\t\t<\/span><span class='av-structured-data'  itemprop=\"author\" itemscope=\"itemscope\" itemtype=\"https:\/\/schema.org\/Person\" ><span itemprop='name'>Katrin Lindenau<\/span><\/span><span class='av-structured-data'  itemprop=\"datePublished\" datetime=\"2018-12-19T09:58:58+01:00\" >2018-12-19 10:39:26<\/span><span class='av-structured-data'  itemprop=\"dateModified\" itemtype=\"https:\/\/schema.org\/dateModified\" >2019-01-30 11:48:44<\/span><span class='av-structured-data'  itemprop=\"mainEntityOfPage\" itemtype=\"https:\/\/schema.org\/mainEntityOfPage\" ><span itemprop='name'>Fondant de cabillaud avec ses l\u00e9gumes printaniers<\/span><\/span><\/span><\/article><article class='slide-entry flex_column  post-entry post-entry-7442 slide-entry-overview slide-loop-5 slide-parity-even  post-entry-last  av_one_third  real-thumbnail'  itemscope=\"itemscope\" itemtype=\"https:\/\/schema.org\/BlogPosting\" itemprop=\"blogPost\" ><a href='https:\/\/greenlandseafood.eu\/fr\/robe-blanche-sur-son-lit-de-couleurs\/' data-rel='slide-1' class='slide-image' title=''><img decoding=\"async\" loading=\"lazy\" width=\"495\" height=\"400\" src=\"https:\/\/greenlandseafood.eu\/wp-content\/uploads\/2018\/12\/Rezept-Bild-FR-495x400.jpg\" class=\"wp-image-7501 avia-img-lazy-loading-7501 attachment-portfolio size-portfolio wp-post-image\" alt=\"\" \/><\/a><div class='slide-content'><header class=\"entry-content-header\"><h3 class='slide-entry-title entry-title'  itemprop=\"headline\" ><a href='https:\/\/greenlandseafood.eu\/fr\/robe-blanche-sur-son-lit-de-couleurs\/' title='robe blanche sur son lit de couleurs'>robe blanche sur son lit de couleurs<\/a><\/h3><p class=\"mr-untertitel\">La recette f\u00e9tiche par R\u00e9gine (Quality Controller)<\/p><span class=\"av-vertical-delimiter\"><\/span><\/header><\/div><footer class=\"entry-footer\"><div class=\"mr-read-more\"><a href=\"https:\/\/greenlandseafood.eu\/fr\/robe-blanche-sur-son-lit-de-couleurs\/\" class=\"avia-button avia-icon_select-no avia-color-custom avia-size-small avia-position-left\"><span class=\"avia_iconbox_title\">weiterlesen<\/span><\/a><\/div><div class=\"mr-meta\"><span class=\"mr-meta-icon\" style=\"background-image: url(https:\/\/greenlandseafood.eu\/wp-content\/themes\/enfold-child\/icon-clock.svg)\"><\/span><span>0:45<\/span><\/div><\/footer><span class='hidden'>\r\n\t\t\t\t<span class='av-structured-data'  itemprop=\"image\" itemscope=\"itemscope\" itemtype=\"https:\/\/schema.org\/ImageObject\" >\r\n\t\t\t\t\t\t<span itemprop='url'>https:\/\/greenlandseafood.eu\/wp-content\/uploads\/2018\/12\/Rezept-Bild-FR.jpg<\/span>\r\n\t\t\t\t\t\t<span itemprop='height'>506<\/span>\r\n\t\t\t\t\t\t<span itemprop='width'>1039<\/span>\r\n\t\t\t\t<\/span>\r\n\t\t\t\t<span class='av-structured-data'  itemprop=\"publisher\" itemtype=\"https:\/\/schema.org\/Organization\" itemscope=\"itemscope\" >\r\n\t\t\t\t\t\t<span itemprop='name'>Katrin Lindenau<\/span>\r\n\t\t\t\t\t\t<span itemprop='logo' itemscope itemtype='https:\/\/schema.org\/ImageObject'>\r\n\t\t\t\t\t\t\t<span itemprop='url'>https:\/\/greenlandseafood.eu\/wp-content\/uploads\/2015\/11\/logo-greenland1-300x137.jpg<\/span>\r\n\t\t\t\t\t\t<\/span>\r\n\t\t\t\t<\/span><span class='av-structured-data'  itemprop=\"author\" itemscope=\"itemscope\" itemtype=\"https:\/\/schema.org\/Person\" ><span itemprop='name'>Katrin Lindenau<\/span><\/span><span class='av-structured-data'  itemprop=\"datePublished\" datetime=\"2018-12-19T09:58:58+01:00\" >2018-12-19 09:58:58<\/span><span class='av-structured-data'  itemprop=\"dateModified\" itemtype=\"https:\/\/schema.org\/dateModified\" >2019-01-30 11:47:55<\/span><span class='av-structured-data'  itemprop=\"mainEntityOfPage\" itemtype=\"https:\/\/schema.org\/mainEntityOfPage\" ><span itemprop='name'>robe blanche sur son lit de couleurs<\/span><\/span><\/span><\/article><\/div><\/div><\/div>\n\n<style type=\"text\/css\" data-created_by=\"avia_inline_auto\" id=\"style-css-av-jn35epe1-f6355b58c0e4ad36b74ae0600a37f0ec\">\n#top .hr.hr-invisible.av-jn35epe1-f6355b58c0e4ad36b74ae0600a37f0ec{\nheight:30px;\n}\n<\/style>\n<div  class='hr av-jn35epe1-f6355b58c0e4ad36b74ae0600a37f0ec hr-invisible'><span class='hr-inner '><span class=\"hr-inner-style\"><\/span><\/span><\/div>\n<\/div><\/div><\/div><!-- close content main div --><\/div><\/div><div id='after_section_2'  class='main_color av_default_container_wrap container_wrap sidebar_right'  ><div class='container av-section-cont-open' ><div class='template-page content  av-content-small alpha units'><div class='post-entry post-entry-type-page post-entry-7405'><div class='entry-content-wrapper clearfix'><\/p>\n","protected":false},"excerpt":{"rendered":"","protected":false},"author":7,"featured_media":0,"parent":0,"menu_order":0,"comment_status":"closed","ping_status":"closed","template":"","meta":{"_acf_changed":false,"footnotes":""},"class_list":["post-7405","page","type-page","status-publish","hentry"],"acf":[],"_links":{"self":[{"href":"https:\/\/greenlandseafood.eu\/fr\/wp-json\/wp\/v2\/pages\/7405","targetHints":{"allow":["GET"]}}],"collection":[{"href":"https:\/\/greenlandseafood.eu\/fr\/wp-json\/wp\/v2\/pages"}],"about":[{"href":"https:\/\/greenlandseafood.eu\/fr\/wp-json\/wp\/v2\/types\/page"}],"author":[{"embeddable":true,"href":"https:\/\/greenlandseafood.eu\/fr\/wp-json\/wp\/v2\/users\/7"}],"replies":[{"embeddable":true,"href":"https:\/\/greenlandseafood.eu\/fr\/wp-json\/wp\/v2\/comments?post=7405"}],"version-history":[{"count":0,"href":"https:\/\/greenlandseafood.eu\/fr\/wp-json\/wp\/v2\/pages\/7405\/revisions"}],"wp:attachment":[{"href":"https:\/\/greenlandseafood.eu\/fr\/wp-json\/wp\/v2\/media?parent=7405"}],"curies":[{"name":"wp","href":"https:\/\/api.w.org\/{rel}","templated":true}]}}