{"id":3683,"date":"2014-10-13T15:13:13","date_gmt":"2014-10-13T13:13:13","guid":{"rendered":"https:\/\/dev.greenlandseafood.eu\/?page_id=3683"},"modified":"2026-03-25T10:11:14","modified_gmt":"2026-03-25T09:11:14","slug":"menzioni-legali","status":"publish","type":"page","link":"https:\/\/greenlandseafood.eu\/it\/menzioni-legali\/","title":{"rendered":"Menzioni legali"},"content":{"rendered":"<div  class='flex_column av-fef52r-cb81701c5bfcaf4b4d0cd7a7523c90ef av_one_third  avia-builder-el-0  el_before_av_two_third  avia-builder-el-first  first flex_column_div  '     ><p>\n<style type=\"text\/css\" data-created_by=\"avia_inline_auto\" id=\"style-css-av-3atcbn-a3df111088fa39cbe946b734a873362b\">\n#top .av-special-heading.av-3atcbn-a3df111088fa39cbe946b734a873362b{\npadding-bottom:10px;\n}\nbody .av-special-heading.av-3atcbn-a3df111088fa39cbe946b734a873362b .av-special-heading-tag .heading-char{\nfont-size:25px;\n}\n.av-special-heading.av-3atcbn-a3df111088fa39cbe946b734a873362b .av-subheading{\nfont-size:10px;\n}\n<\/style>\n<div  class='av-special-heading av-3atcbn-a3df111088fa39cbe946b734a873362b av-special-heading-h3 meta-heading  avia-builder-el-1  el_before_av_textblock  avia-builder-el-first '><h3 class='av-special-heading-tag '  itemprop=\"headline\"  >Menzioni legali <\/h3><div class=\"special-heading-border\"><div class=\"special-heading-inner-border\"><\/div><\/div><\/div><br \/>\n<section  class='av_textblock_section av-d817kj-49fe5672bb5bfa633892fbb88b57ec20 '   itemscope=\"itemscope\" itemtype=\"https:\/\/schema.org\/CreativeWork\" ><div class='avia_textblock'  itemprop=\"text\" ><p><strong>Greenland Seafood Europe GmbH<\/strong><br \/>\nEduard-Schopf-Allee 1<br \/>\nD-28217 Bremen, Deutschland<\/p>\n<p>Tel.: +49 421 839 62 0<br \/>\nFax: +49 421 839 62 59<br \/>\nE-Mail: contact@greenlandseafood.eu<\/p>\n<p><strong>Direttore amministrativo:<\/strong><br \/>\nJens Melchert<\/p>\n<p><strong>Luogo di adempimento:<\/strong><br \/>\nD-28217 Bremen<\/p>\n<p><strong>Foro Competente:<\/strong><br \/>\nAmtsgericht Bremen<\/p>\n<p><strong>Sede:<\/strong><br \/>\n28195 Bremen<\/p>\n<p><strong>Registro commerciale:<\/strong><br \/>\nHRB 16687, Amtsgericht Bremen<\/p>\n<p><strong>Codice fiscale:<\/strong><br \/>\nDE 115 171 421<\/p>\n<p><strong>Responsabile nel senso della DDG:<\/strong><br \/>\nJens Melchert<\/p>\n<p>Webmaster: wilit@sofinafoods.eu<\/p>\n<\/div><\/section><\/p><\/div>\n<style type=\"text\/css\" data-created_by=\"avia_inline_auto\" id=\"style-css-av-a9uc43-3b0c394ba37d5997846083c791d49e05\">\n.flex_column.av-a9uc43-3b0c394ba37d5997846083c791d49e05{\nborder-radius:0px 0px 0px 0px;\npadding:0px 0px 0px 0px;\n}\n<\/style>\n<div  class='flex_column av-a9uc43-3b0c394ba37d5997846083c791d49e05 av_two_third  avia-builder-el-3  el_after_av_one_third  el_before_av_one_full  flex_column_div av-zero-column-padding  '     ><p>\n<style type=\"text\/css\" data-created_by=\"avia_inline_auto\" id=\"style-css-av-9kr4oj-169713657b0891ed830ac77d144ebebc\">\n#top .av-special-heading.av-9kr4oj-169713657b0891ed830ac77d144ebebc{\npadding-bottom:10px;\n}\nbody .av-special-heading.av-9kr4oj-169713657b0891ed830ac77d144ebebc .av-special-heading-tag .heading-char{\nfont-size:25px;\n}\n.av-special-heading.av-9kr4oj-169713657b0891ed830ac77d144ebebc .av-subheading{\nfont-size:10px;\n}\n<\/style>\n<div  class='av-special-heading av-9kr4oj-169713657b0891ed830ac77d144ebebc av-special-heading-h3 meta-heading  avia-builder-el-4  el_before_av_textblock  avia-builder-el-first '><h3 class='av-special-heading-tag '  itemprop=\"headline\"  >Responsbilita<\/h3><div class=\"special-heading-border\"><div class=\"special-heading-inner-border\"><\/div><\/div><\/div><br \/>\n<section  class='av_textblock_section av-7chomb-2c4696e90261be14bfe93a67411d6142 '   itemscope=\"itemscope\" itemtype=\"https:\/\/schema.org\/CreativeWork\" ><div class='avia_textblock'  itemprop=\"text\" ><p>Il contenuto di queste pagine \u00e8 stato redatto con la massima cura. Tuttavia, non possiamo assumerci alcuna responsabilit\u00e0 per l&#8217;accuratezza, la completezza e l&#8217;aggiornamento delle informazioni fornite. In conformit\u00e0 con le leggi generali, siamo responsabili come fornitori di servizi ai sensi del DDG per i contenuti propri presenti su queste pagine. Secondo il DDG, come fornitori di servizi non siamo obbligati a monitorare informazioni trasmesse o archiviate da terzi n\u00e9 a indagare su circostanze che potrebbero indicare attivit\u00e0 illecite. L&#8217;obbligo di rimuovere o bloccare l&#8217;accesso alle informazioni in base alle leggi generali rimane inalterato. Tuttavia, tale misura \u00e8 possibile solo dal momento in cui si ha conoscenza di una specifica violazione. Dopo la notifica di tali violazioni, provvederemo immediatamente a rimuovere i contenuti in questione.<\/p>\n<p>Il nostro sito contiene link a siti esterni sui quali non abbiamo alcuna influenza o controllo. Per questo motivo, non possiamo fare alcuna dichiarazione in merito al contenuto, la qualit\u00e0, la natura o l&#8217;affidabilit\u00e0 di questi siti ai quali questi collegamenti fanno riferimento. La presenza di un collegamento non costituisce il supporto o il consenso alle informazioni o servizi contenuti nei rispettivi siti. Solo il fornitore o gestore dei siti \u00e8 responsabile per le pagine cui questi link portano. Senza un\u2019informazione concreta che suggerirebbe la violazione della legge, non \u00e8 possibile fare il monitoraggio continuo delle pagine accessibili da questi link. Alla presenza d\u2019informazioni specifiche relative ad una violazione della legge, questi collegamenti saranno rimossi immediatamente. I contenuti e le opere su queste pagine create dai gestori del sito sono soggetti al diritto d&#8217;autore tedesco. La riproduzione, la modifica la distribuzione o qualsiasi tipo di sfruttamento al di fuori dei limiti del diritto d&#8217;autore richiede il consenso scritto del suo autore o del suo creatore. Il Download e copie delle pagine del nostro sito sono consentiti solo per uso privato e non commerciale. Per quanto riguarda il contenuto che non \u00e8 stato creato dal gestore del sito, il diritto del copyright deve essere rispettato, e ogni riproduzione devono essere identificate come tale. Se vedete qualsiasi violazione del copyright, vi chiediamo di farcelo sapere. Dopo la notifica, rimuoveremo immediatamente il contenuto offensivo.<\/p>\n<\/div><\/section><br \/>\n\n<style type=\"text\/css\" data-created_by=\"avia_inline_auto\" id=\"style-css-av-5j3fj7-f906ae75a3b585870aecae5d68c3f3aa\">\n#top .av-special-heading.av-5j3fj7-f906ae75a3b585870aecae5d68c3f3aa{\npadding-bottom:10px;\n}\nbody .av-special-heading.av-5j3fj7-f906ae75a3b585870aecae5d68c3f3aa .av-special-heading-tag .heading-char{\nfont-size:25px;\n}\n.av-special-heading.av-5j3fj7-f906ae75a3b585870aecae5d68c3f3aa .av-subheading{\nfont-size:10px;\n}\n<\/style>\n<div  class='av-special-heading av-5j3fj7-f906ae75a3b585870aecae5d68c3f3aa av-special-heading-h3 meta-heading  avia-builder-el-6  el_after_av_textblock  el_before_av_textblock '><h3 class='av-special-heading-tag '  itemprop=\"headline\"  >Progettazione sito web<\/h3><div class=\"special-heading-border\"><div class=\"special-heading-inner-border\"><\/div><\/div><\/div><br \/>\n<section  class='av_textblock_section av-jkl1pr92-9495384cd69b0c55444a0ae724fa1325 '   itemscope=\"itemscope\" itemtype=\"https:\/\/schema.org\/CreativeWork\" ><div class='avia_textblock'  itemprop=\"text\" ><p><b>KD&amp;P Werbeagentur GmbH<\/b> | Am Tabakquartier 60 | 28197 Bremen<\/p>\n<p>Tel.: +49 421 55715-10 | E-Mail: kdp[at]kdp.de | Web: www.kdp.de<\/p>\n<\/div><\/section><\/p><\/div><\/p>\n<div  class='flex_column av-4dub0z-3beaabc12b09ce190c5db34dcbea3a91 av_one_full  avia-builder-el-8  el_after_av_two_third  avia-builder-el-last  first flex_column_div  column-top-margin'     ><style type=\"text\/css\" data-created_by=\"avia_inline_auto\" id=\"style-css-av-3b19tf-a9934f7a7e54586bbdd125fdb7c61c6f\">\n#top .hr.hr-invisible.av-3b19tf-a9934f7a7e54586bbdd125fdb7c61c6f{\nheight:120px;\n}\n<\/style>\n<div  class='hr av-3b19tf-a9934f7a7e54586bbdd125fdb7c61c6f hr-invisible  avia-builder-el-9  avia-builder-el-no-sibling '><span class='hr-inner '><span class=\"hr-inner-style\"><\/span><\/span><\/div><\/div>\n","protected":false},"excerpt":{"rendered":"","protected":false},"author":7,"featured_media":0,"parent":0,"menu_order":0,"comment_status":"closed","ping_status":"open","template":"","meta":{"_acf_changed":false,"footnotes":""},"class_list":["post-3683","page","type-page","status-publish","hentry"],"acf":[],"_links":{"self":[{"href":"https:\/\/greenlandseafood.eu\/it\/wp-json\/wp\/v2\/pages\/3683","targetHints":{"allow":["GET"]}}],"collection":[{"href":"https:\/\/greenlandseafood.eu\/it\/wp-json\/wp\/v2\/pages"}],"about":[{"href":"https:\/\/greenlandseafood.eu\/it\/wp-json\/wp\/v2\/types\/page"}],"author":[{"embeddable":true,"href":"https:\/\/greenlandseafood.eu\/it\/wp-json\/wp\/v2\/users\/7"}],"replies":[{"embeddable":true,"href":"https:\/\/greenlandseafood.eu\/it\/wp-json\/wp\/v2\/comments?post=3683"}],"version-history":[{"count":7,"href":"https:\/\/greenlandseafood.eu\/it\/wp-json\/wp\/v2\/pages\/3683\/revisions"}],"predecessor-version":[{"id":16070,"href":"https:\/\/greenlandseafood.eu\/it\/wp-json\/wp\/v2\/pages\/3683\/revisions\/16070"}],"wp:attachment":[{"href":"https:\/\/greenlandseafood.eu\/it\/wp-json\/wp\/v2\/media?parent=3683"}],"curies":[{"name":"wp","href":"https:\/\/api.w.org\/{rel}","templated":true}]}}