{"id":3690,"date":"2014-10-13T15:15:32","date_gmt":"2014-10-13T13:15:32","guid":{"rendered":"https:\/\/dev.greenlandseafood.eu\/?page_id=3690"},"modified":"2026-01-14T12:27:32","modified_gmt":"2026-01-14T11:27:32","slug":"certificazioni","status":"publish","type":"page","link":"https:\/\/greenlandseafood.eu\/it\/qualita\/certificazioni\/","title":{"rendered":"Certificazioni"},"content":{"rendered":"<div id='layer_slider_1'  class='avia-layerslider main_color avia-shadow  avia-builder-el-0  el_before_av_one_half  avia-builder-el-first  container_wrap sidebar_right'  style='height: 431px; max-width: 1031px; margin: 0 auto;'  ><\/div><div id='after_layer_slider_1'  class='main_color av_default_container_wrap container_wrap sidebar_right'  ><div class='container av-section-cont-open' ><div class='template-page content  av-content-small alpha units'><div class='post-entry post-entry-type-page post-entry-3690'><div class='entry-content-wrapper clearfix'>\n<div  class='flex_column av-av_one_half-2a9015ff38129c418a3f2eafba3e9512 av_one_half  avia-builder-el-1  el_after_av_layerslider  el_before_av_one_half  avia-builder-el-first  first flex_column_div  '     ><section  class='av_textblock_section av-mkdxr66g-671162342ef921e683c887418bf566f1 '   itemscope=\"itemscope\" itemtype=\"https:\/\/schema.org\/CreativeWork\" ><div class='avia_textblock'  itemprop=\"text\" ><div class=\"clearfix\">\n<div class=\"wp-text\">\n<h3>Certificazioni<\/h3>\n<div class=\"zweispaltig clearfix\">\n<h5><a href=\"https:\/\/greenlandseafood.eu\/wp-content\/uploads\/2014\/06\/ifs-logo-147x87px.jpg\"><img loading=\"lazy\" decoding=\"async\" class=\"alignleft size-full wp-image-5782\" src=\"https:\/\/greenlandseafood.eu\/wp-content\/uploads\/2014\/06\/ifs-logo-147x87px.jpg\" alt=\"IFS Logo\" width=\"147\" height=\"87\" \/><\/a>IFS<\/h5>\n<p>Al fine di garantire la massima sicurezza alimentare nonch\u00e9 la massima fiducia nel produttore , la principale associazione professionale del commercio tedesco al dettaglio (la HDE) insieme ai rappresentanti del commercio alimentare al dettaglio, hanno sviluppato l\u2019International Featured Standard Food (IFS Food). Si tratta di uno standard riconosciuto dalla GFSI (Global Food Safety Initiative) per il controllo sui produttori alimentari. La IFS Food si concentra sulla sicurezza alimentare e sulla qualit\u00e0 dei processi e dei prodotti. Ci\u00f2 garantisce un controllo continuo durante la produzione nonch\u00e9 il rispetto delle norme sulla sicurezza alimentare.<\/p>\n<p>Entrambi gli stabilimenti di produzione Greenland Seafood a Wilhelmshaven e Boulogne-sur-Mer sono controllati e certificati con IFS, sinonimo di un \u201cElevato Livello\u201d di sicurezza alimentare, ormai da parecchi anni.<\/p>\n<\/div>\n<\/div>\n<\/div>\n<\/div><\/section><\/div><div  class='flex_column av-av_one_half-538dd737667e19053994a94b9156413b av_one_half  avia-builder-el-3  el_after_av_one_half  el_before_av_one_full  flex_column_div  '     ><section  class='av_textblock_section av-mkdxrozn-2146466abc2cdcee606368eb2eeafc1f '   itemscope=\"itemscope\" itemtype=\"https:\/\/schema.org\/CreativeWork\" ><div class='avia_textblock'  itemprop=\"text\" ><div class=\"clearfix\">\n<div class=\"wp-text\">\n<h3><\/h3>\n<div class=\"zweispaltig clearfix\">\n<h5><img loading=\"lazy\" decoding=\"async\" class=\"alignleft size-full wp-image-5007\" src=\"https:\/\/greenlandseafood.eu\/wp-content\/uploads\/2014\/06\/zertifizierungen-greenland-image-3.jpg\" alt=\"Zertifizierung Greenland Seafood BRC\" width=\"103\" height=\"143\" \/>BRC<\/h5>\n<p>Il British Retail Consortium (BRC) ha emanato questo standard tecnico per i fornitori nel settore alimentare. Il BRC \u00e8, come l\u2019IFS, riconosciuto dalla GFSI (Global Food Safety Initiative). Tuttavia \u00e8 pi\u00f9 diffuso nei paesi Europei anglofoni, negli USA e in parte dell\u2019Asia rispetto all\u2019IFS. In realt\u00e0 \u00e8 un prerequisito per l\u2019ingresso dei prodotti nel sistema britannico di vendita di prodotti alimentari al dettaglio. Questo standard di qualit\u00e0 richiede l\u2019attuazione del sistema HACCP, un sistema qualit\u00e0 documentato, nonch\u00e9 il totale controllo delle condizioni igieniche rispetto a prodotti, processi e dipendenti.<\/p>\n<p>Da molti anni gli stabilimenti Greenland Seafood a Wilhelmshaven e Boulogne-sur-Mer vengono ripetutamente verificati e certificati con il BRC \u201cGrado A\u201d e BRC \u201cGrado AA+\u201d.<\/p>\n<\/div>\n<\/div>\n<\/div>\n<\/div><\/section><\/div><div  class='flex_column av-av_one_full-2a9015ff38129c418a3f2eafba3e9512 av_one_full  avia-builder-el-5  el_after_av_one_half  avia-builder-el-last  first flex_column_div  column-top-margin'     ><p><div  class='hr av-av_hr-b8048b58c60dcadf6acea02084eda13a hr-default  avia-builder-el-6  el_before_av_button  avia-builder-el-first '><span class='hr-inner '><span class=\"hr-inner-style\"><\/span><\/span><\/div><br \/>\n<div  class='avia-button-wrap av-av_button-3064d9f065532041de7342ff5aef14d1-wrap avia-button-left  avia-builder-el-7  el_after_av_hr  el_before_av_button '>\n<style type=\"text\/css\" data-created_by=\"avia_inline_auto\" id=\"style-css-av-av_button-3064d9f065532041de7342ff5aef14d1\">\n#top #wrap_all .avia-button.av-av_button-3064d9f065532041de7342ff5aef14d1{\nbackground-color:#2d5c88;\nborder-color:#2d5c88;\ncolor:#ffffff;\ntransition:all 0.4s ease-in-out;\n}\n#top #wrap_all .avia-button.av-av_button-3064d9f065532041de7342ff5aef14d1 .avia-svg-icon svg:first-child{\nfill:#ffffff;\nstroke:#ffffff;\n}\n<\/style>\n<a href='\/it\/qualita\/'  class='avia-button av-av_button-3064d9f065532041de7342ff5aef14d1 av-link-btn avia-icon_select-yes-left-icon avia-size-small avia-position-left'   aria-label=\"Sommaire\"><span class='avia_button_icon avia_button_icon_left avia-iconfont avia-font-entypo-fontello' data-av_icon='\ue874' data-av_iconfont='entypo-fontello' ><\/span><span class='avia_iconbox_title' >Sommaire<\/span><\/a><\/div><br \/>\n<div  class='avia-button-wrap av-av_button-6401224e69386d32964f76a4f2511fb5-wrap avia-button-right  avia-builder-el-8  el_after_av_button  avia-builder-el-last '>\n<style type=\"text\/css\" data-created_by=\"avia_inline_auto\" id=\"style-css-av-av_button-6401224e69386d32964f76a4f2511fb5\">\n#top #wrap_all .avia-button.av-av_button-6401224e69386d32964f76a4f2511fb5{\nbackground-color:#2d5c88;\nborder-color:#2d5c88;\ncolor:#ffffff;\ntransition:all 0.4s ease-in-out;\n}\n#top #wrap_all .avia-button.av-av_button-6401224e69386d32964f76a4f2511fb5 .avia-svg-icon svg:first-child{\nfill:#ffffff;\nstroke:#ffffff;\n}\n<\/style>\n<a href='\/it\/qualita\/sostenibilita\/'  class='avia-button av-av_button-6401224e69386d32964f76a4f2511fb5 av-link-btn avia-icon_select-yes-left-icon avia-size-small avia-position-right'   aria-label=\"Sostenibilit\u00e0\"><span class='avia_button_icon avia_button_icon_left avia-iconfont avia-font-entypo-fontello' data-av_icon='\ue874' data-av_iconfont='entypo-fontello' ><\/span><span class='avia_iconbox_title' >Sostenibilit\u00e0<\/span><\/a><\/div><\/p><\/div><\/p>\n","protected":false},"excerpt":{"rendered":"","protected":false},"author":7,"featured_media":0,"parent":3687,"menu_order":0,"comment_status":"closed","ping_status":"closed","template":"","meta":{"_acf_changed":false,"footnotes":""},"class_list":["post-3690","page","type-page","status-publish","hentry"],"acf":[],"_links":{"self":[{"href":"https:\/\/greenlandseafood.eu\/it\/wp-json\/wp\/v2\/pages\/3690","targetHints":{"allow":["GET"]}}],"collection":[{"href":"https:\/\/greenlandseafood.eu\/it\/wp-json\/wp\/v2\/pages"}],"about":[{"href":"https:\/\/greenlandseafood.eu\/it\/wp-json\/wp\/v2\/types\/page"}],"author":[{"embeddable":true,"href":"https:\/\/greenlandseafood.eu\/it\/wp-json\/wp\/v2\/users\/7"}],"replies":[{"embeddable":true,"href":"https:\/\/greenlandseafood.eu\/it\/wp-json\/wp\/v2\/comments?post=3690"}],"version-history":[{"count":1,"href":"https:\/\/greenlandseafood.eu\/it\/wp-json\/wp\/v2\/pages\/3690\/revisions"}],"predecessor-version":[{"id":16046,"href":"https:\/\/greenlandseafood.eu\/it\/wp-json\/wp\/v2\/pages\/3690\/revisions\/16046"}],"up":[{"embeddable":true,"href":"https:\/\/greenlandseafood.eu\/it\/wp-json\/wp\/v2\/pages\/3687"}],"wp:attachment":[{"href":"https:\/\/greenlandseafood.eu\/it\/wp-json\/wp\/v2\/media?parent=3690"}],"curies":[{"name":"wp","href":"https:\/\/api.w.org\/{rel}","templated":true}]}}