{"id":3713,"date":"2014-10-13T15:19:41","date_gmt":"2014-10-13T13:19:41","guid":{"rendered":"https:\/\/dev.greenlandseafood.eu\/?page_id=3713"},"modified":"2022-05-20T13:51:57","modified_gmt":"2022-05-20T11:51:57","slug":"la-nostra-storia","status":"publish","type":"page","link":"https:\/\/greenlandseafood.eu\/it\/azienda\/la-nostra-storia\/","title":{"rendered":"La nostra storia"},"content":{"rendered":"<div  class='flex_column av-mbmazp-c69d91547950feae4ec53510af522df9 av_one_half  avia-builder-el-0  el_before_av_one_half  avia-builder-el-first  first flex_column_div  '     ><p>\n<style type=\"text\/css\" data-created_by=\"avia_inline_auto\" id=\"style-css-av-2bjt45-6278cf21c63a735728b6d718695c8c21\">\n#top .hr.hr-invisible.av-2bjt45-6278cf21c63a735728b6d718695c8c21{\nheight:50px;\n}\n<\/style>\n<div  class='hr av-2bjt45-6278cf21c63a735728b6d718695c8c21 hr-invisible  avia-builder-el-1  el_before_av_hr  avia-builder-el-first '><span class='hr-inner '><span class=\"hr-inner-style\"><\/span><\/span><\/div><br \/>\n\n<style type=\"text\/css\" data-created_by=\"avia_inline_auto\" id=\"style-css-av-2bjt45-9d1adb18b25d64ddace5c5809f4e5d2b\">\n#top .hr.hr-invisible.av-2bjt45-9d1adb18b25d64ddace5c5809f4e5d2b{\nheight:30px;\n}\n<\/style>\n<div  class='hr av-2bjt45-9d1adb18b25d64ddace5c5809f4e5d2b hr-invisible  avia-builder-el-2  el_after_av_hr  el_before_av_image '><span class='hr-inner '><span class=\"hr-inner-style\"><\/span><\/span><\/div><br \/>\n\n<style type=\"text\/css\" data-created_by=\"avia_inline_auto\" id=\"style-css-av-k2vpycou-12218661310d12a54b3633df3b48f66a\">\n.avia-image-container.av-k2vpycou-12218661310d12a54b3633df3b48f66a img.avia_image{\nbox-shadow:none;\n}\n.avia-image-container.av-k2vpycou-12218661310d12a54b3633df3b48f66a .av-image-caption-overlay-center{\ncolor:#ffffff;\n}\n<\/style>\n<div  class='avia-image-container av-k2vpycou-12218661310d12a54b3633df3b48f66a av-styling- avia-align-center  avia-builder-el-3  el_after_av_hr  avia-builder-el-last '   itemprop=\"image\" itemscope=\"itemscope\" itemtype=\"https:\/\/schema.org\/ImageObject\" ><div class=\"avia-image-container-inner\"><div class=\"avia-image-overlay-wrap\"><img decoding=\"async\" fetchpriority=\"high\" class='wp-image- avia-img-lazy-loading-not- avia_image ' src=\"https:\/\/dev.greenlandseafood.eu\/wp-content\/uploads\/2019\/09\/shutterstock_406343455-845x684.jpg\" alt='' title=''   itemprop=\"thumbnailUrl\"  \/><\/div><\/div><\/div><\/p><\/div>\n\n<style type=\"text\/css\" data-created_by=\"avia_inline_auto\" id=\"style-css-av-3ly5cx-1c4dabb938e62d4346792ed93c16a063\">\n.flex_column.av-3ly5cx-1c4dabb938e62d4346792ed93c16a063{\nborder-radius:0px 0px 0px 0px;\npadding:0px 0px 0px 0px;\n}\n<\/style>\n<div  class='flex_column av-3ly5cx-1c4dabb938e62d4346792ed93c16a063 av_one_half  avia-builder-el-4  el_after_av_one_half  avia-builder-el-last  flex_column_div av-zero-column-padding  '     ><section  class='av_textblock_section av-22ch69-288e803729c25ad439934499bf8fa06c '   itemscope=\"itemscope\" itemtype=\"https:\/\/schema.org\/CreativeWork\" ><div class='avia_textblock'  itemprop=\"text\" ><h3>La nostra storia<\/h3>\n<p>Com\u2019\u00e8 giusto e corretto per gli esperti ittici i nostri moderni impianti di lavorazione del pesce sono ubicati direttamente vicino al mare: Wilhelmshaven (Germania) e Wimille\/ Boulogne-sur-Mer (Francia).<\/p>\n<p>Con pi\u00f9 di 400 dipendenti, la nostra azienda sul Jadebusen a Wilhelmshaven, produce 1,3 milioni di specialit\u00e0 a base di pesce al giorno garantendo il rispetto dei pi\u00f9 elevati standard di qualit\u00e0 in tutte le nostre 10 linee di produzione.<\/p>\n<p>Lo stabilimento di Gelmer ubicato a Boulogne-sur-Mer \u00e8 stato acquisito nel 2016 come nuovo membro della famiglia Greenland Seafood. Pi\u00f9 di 200 dipendenti lavorano per tre turni diurni completi sulle nostre 6 linee, per produrre specialit\u00e0 a base di pesce su richiesta: impanato, pastellato e naturale garantendo flessibilit\u00e0 assoluta e sicurezza dell\u2019approvvigionamento.<\/p>\n<p>Con un pizzico di creativit\u00e0, ingredienti di qualit\u00e0 e esperienza a livello internazionale , il nostro team interno di ricerca e sviluppo crea una gamma completa di prodotti, che offre innovazione, sicurezza alimentare, un elevato livello di convenienza e trattamento.<\/p>\n<p>Il nostro team per le vendite internazionale e qualificato garantisce che le Vostre richieste, ordini e esigenze siano gestiti velocemente per rispondere alla Vostra domanda e ottenere piena soddisfazione. Non esitate a contattarci per ulteriori informazioni, in quanto saremmo molto lieti di consigliarvi sull\u2019intera gamma di prodotti ittici nonch\u00e9 di rispondere a qualsiasi quesito riguardante i nostri prodotti \u2013 Noi, esperti ittici, siamo qui proprio per Voi!<\/p>\n<p>AliSa International GmbH, con sede ad Amburgo, \u00e8 la societ\u00e0 madre degli impianti di produzione di Wilhelmshaven e Boulogne-sur-Mer in Francia, nonch\u00e9 delle organizzazioni di vendita di Brema e Parigi.<\/p>\n<p>Greenland Seafood fa parte di Sofina Foods Inc., una societ\u00e0 privata canadese. Con l&#8217;espansione in Europa e nel Regno Unito nel 2021, Sofina Foods ha ampliato il suo ampio portafoglio che comprende aziende produttrici di pollame, carne bovina, suina e frutti di mare. Sofina Foods ha oltre 13.000 dipendenti che operano in 19 siti in Canada e 23 siti nel Regno Unito, Irlanda, Germania e Francia.<\/p>\n<\/div><\/section><\/div>\n","protected":false},"excerpt":{"rendered":"","protected":false},"author":7,"featured_media":0,"parent":3709,"menu_order":0,"comment_status":"closed","ping_status":"open","template":"","meta":{"_acf_changed":false,"footnotes":""},"class_list":["post-3713","page","type-page","status-publish","hentry"],"acf":[],"_links":{"self":[{"href":"https:\/\/greenlandseafood.eu\/it\/wp-json\/wp\/v2\/pages\/3713","targetHints":{"allow":["GET"]}}],"collection":[{"href":"https:\/\/greenlandseafood.eu\/it\/wp-json\/wp\/v2\/pages"}],"about":[{"href":"https:\/\/greenlandseafood.eu\/it\/wp-json\/wp\/v2\/types\/page"}],"author":[{"embeddable":true,"href":"https:\/\/greenlandseafood.eu\/it\/wp-json\/wp\/v2\/users\/7"}],"replies":[{"embeddable":true,"href":"https:\/\/greenlandseafood.eu\/it\/wp-json\/wp\/v2\/comments?post=3713"}],"version-history":[{"count":0,"href":"https:\/\/greenlandseafood.eu\/it\/wp-json\/wp\/v2\/pages\/3713\/revisions"}],"up":[{"embeddable":true,"href":"https:\/\/greenlandseafood.eu\/it\/wp-json\/wp\/v2\/pages\/3709"}],"wp:attachment":[{"href":"https:\/\/greenlandseafood.eu\/it\/wp-json\/wp\/v2\/media?parent=3713"}],"curies":[{"name":"wp","href":"https:\/\/api.w.org\/{rel}","templated":true}]}}